{"id":14502,"date":"2024-09-24T15:49:18","date_gmt":"2024-09-24T15:49:18","guid":{"rendered":"https:\/\/nobleclinics.org\/quienes-somos\/"},"modified":"2025-11-12T16:01:42","modified_gmt":"2025-11-12T16:01:42","slug":"quienes-somos","status":"publish","type":"page","link":"https:\/\/nobleclinics.org\/es-la\/quienes-somos\/","title":{"rendered":"Qui\u00e9nes somos"},"content":{"rendered":"<p>[et_pb_section fb_built=&#8221;1&#8243; admin_label=&#8221;Secondary Page Hero&#8221; module_class=&#8221;hero-secondary&#8221; _builder_version=&#8221;4.27.4&#8243; _module_preset=&#8221;default&#8221; background_image=&#8221;https:\/\/nobleclinics.org\/wp-content\/uploads\/2024\/11\/aboutus-page-hero.jpg&#8221; global_colors_info=&#8221;{}&#8221; custom_css_main_element_last_edited=&#8221;on|phone&#8221; custom_css_main_element_phone=&#8221;background-position-x: -20em;&#8221;][et_pb_row _builder_version=&#8221;4.27.0&#8243; _module_preset=&#8221;default&#8221; global_colors_info=&#8221;{}&#8221;][et_pb_column type=&#8221;4_4&#8243; _builder_version=&#8221;4.27.0&#8243; _module_preset=&#8221;default&#8221; global_colors_info=&#8221;{}&#8221;][et_pb_text _builder_version=&#8221;4.27.0&#8243; _module_preset=&#8221;default&#8221; global_colors_info=&#8221;{}&#8221;]<\/p>\n<h1>La atenci\u00f3n adecuada,<br \/>La forma adecuada.<\/h1>\n<p>[\/et_pb_text][et_pb_text _builder_version=&#8221;4.27.0&#8243; _module_preset=&#8221;default&#8221; global_colors_info=&#8221;{}&#8221;]<\/p>\n<p>En Noble Community Clinics, establecemos un nuevo est\u00e1ndar de atenci\u00f3n centrado en el respeto, la accesibilidad y la excelencia. Nuestro equipo se compromete a prestar servicios integrales que satisfagan las diversas necesidades de nuestra comunidad, garantizando que todos reciban la atenci\u00f3n adecuada, de la forma adecuada.<\/p>\n<p>[\/et_pb_text][\/et_pb_column][\/et_pb_row][\/et_pb_section][et_pb_section fb_built=&#8221;1&#8243; module_class=&#8221;quick-links&#8221; _builder_version=&#8221;4.27.0&#8243; _module_preset=&#8221;default&#8221; global_colors_info=&#8221;{}&#8221;][et_pb_row column_structure=&#8221;1_3,1_3,1_3&#8243; _builder_version=&#8221;4.27.0&#8243; _module_preset=&#8221;default&#8221; global_colors_info=&#8221;{}&#8221;][et_pb_column type=&#8221;1_3&#8243; _builder_version=&#8221;4.27.0&#8243; _module_preset=&#8221;default&#8221; global_colors_info=&#8221;{}&#8221;][et_pb_blurb title=&#8221;Nuestros proveedores  &#8221; image=&#8221;https:\/\/nobleclinics.org\/wp-content\/uploads\/2024\/10\/providers-2.svg&#8221; admin_label=&#8221;Our Providers &#8221; _builder_version=&#8221;4.27.0&#8243; _module_preset=&#8221;default&#8221; animation=&#8221;off&#8221; link_option_url=&#8221;https:\/\/nobleclinics.org\/es-la\/quienes-somos\/nuestros-proveedores\/&#8221; global_colors_info=&#8221;{}&#8221;][\/et_pb_blurb][\/et_pb_column][et_pb_column type=&#8221;1_3&#8243; _builder_version=&#8221;4.27.0&#8243; _module_preset=&#8221;default&#8221; global_colors_info=&#8221;{}&#8221;][et_pb_blurb title=&#8221;Equipo Ejecutivo&#8221; image=&#8221;https:\/\/nobleclinics.org\/wp-content\/uploads\/2024\/10\/executive-team-2.svg&#8221; _builder_version=&#8221;4.27.0&#8243; _module_preset=&#8221;default&#8221; animation=&#8221;off&#8221; link_option_url=&#8221;https:\/\/nobleclinics.org\/es-la\/quienes-somos\/equipo-ejecutivo\/&#8221; global_colors_info=&#8221;{}&#8221;][\/et_pb_blurb][\/et_pb_column][et_pb_column type=&#8221;1_3&#8243; _builder_version=&#8221;4.27.0&#8243; _module_preset=&#8221;default&#8221; global_colors_info=&#8221;{}&#8221;][et_pb_blurb title=&#8221;Consejo de Administraci\u00f3n&#8221; image=&#8221;https:\/\/nobleclinics.org\/wp-content\/uploads\/2024\/10\/board-directors-2.svg&#8221; _builder_version=&#8221;4.27.0&#8243; _module_preset=&#8221;default&#8221; animation=&#8221;off&#8221; link_option_url=&#8221;https:\/\/nobleclinics.org\/es-la\/quienes-somos\/consejo-de-administracion\/&#8221; global_colors_info=&#8221;{}&#8221;][\/et_pb_blurb][\/et_pb_column][\/et_pb_row][\/et_pb_section][et_pb_section fb_built=&#8221;1&#8243; specialty=&#8221;on&#8221; admin_label=&#8221;Image Left &#8211; Content Right&#8221; module_class=&#8221;image-content bg-accents&#8221; _builder_version=&#8221;4.27.0&#8243; _module_preset=&#8221;default&#8221; background_color=&#8221;#2a3f49&#8243; global_colors_info=&#8221;{}&#8221;][et_pb_column type=&#8221;1_2&#8243; _builder_version=&#8221;4.16&#8243; custom_padding=&#8221;|||&#8221; global_colors_info=&#8221;{}&#8221; custom_padding__hover=&#8221;|||&#8221;][et_pb_image src=&#8221;https:\/\/nobleclinics.org\/wp-content\/uploads\/2024\/11\/about-us-purpose-promise.jpg&#8221; title_text=&#8221;acerca-de-nosotros-prop\u00f3sito-promesa&#8221; align=&#8221;center&#8221; _builder_version=&#8221;4.27.0&#8243; _module_preset=&#8221;default&#8221; border_radii=&#8221;on|10px|10px|10px|10px&#8221; global_colors_info=&#8221;{}&#8221;][\/et_pb_image][\/et_pb_column][et_pb_column type=&#8221;1_2&#8243; specialty_columns=&#8221;2&#8243; _builder_version=&#8221;4.16&#8243; custom_padding=&#8221;|||&#8221; global_colors_info=&#8221;{}&#8221; custom_padding__hover=&#8221;|||&#8221;][et_pb_row_inner _builder_version=&#8221;4.27.0&#8243; _module_preset=&#8221;default&#8221; global_colors_info=&#8221;{}&#8221;][et_pb_column_inner saved_specialty_column_type=&#8221;1_2&#8243; _builder_version=&#8221;4.27.0&#8243; _module_preset=&#8221;default&#8221; global_colors_info=&#8221;{}&#8221;][et_pb_text module_class=&#8221;title&#8221; _builder_version=&#8221;4.27.0&#8243; _module_preset=&#8221;default&#8221; global_colors_info=&#8221;{}&#8221;]<\/p>\n<h2>Nuestro prop\u00f3sito y promesa<\/h2>\n<p>[\/et_pb_text][et_pb_text admin_label=&#8221;Text&#8221; module_class=&#8221;content&#8221; _builder_version=&#8221;4.27.0&#8243; _module_preset=&#8221;default&#8221; custom_padding=&#8221;||0px|||&#8221; global_colors_info=&#8221;{}&#8221;]<\/p>\n<p>En Noble Community Clinics, nuestra misi\u00f3n es proporcionar una asistencia sanitaria compasiva y accesible para todos, derribando barreras y prestando una atenci\u00f3n de alta calidad con integridad. Imaginamos un futuro en el que todos los miembros de la comunidad tengan acceso a la asistencia adecuada, de la forma adecuada, fomentando un mundo m\u00e1s sano y equitativo mediante la innovaci\u00f3n, la colaboraci\u00f3n y la dedicaci\u00f3n inquebrantable al bienestar del paciente.<\/p>\n<p>[\/et_pb_text][\/et_pb_column_inner][\/et_pb_row_inner][et_pb_row_inner column_structure=&#8221;1_2,1_2&#8243; _builder_version=&#8221;4.27.0&#8243; _module_preset=&#8221;default&#8221; global_colors_info=&#8221;{}&#8221;][et_pb_column_inner type=&#8221;1_2&#8243; saved_specialty_column_type=&#8221;1_2&#8243; _builder_version=&#8221;4.27.0&#8243; _module_preset=&#8221;default&#8221; global_colors_info=&#8221;{}&#8221;][et_pb_button button_url=&#8221;https:\/\/nobleclinics.org\/es-la\/localizaciones\/&#8221; button_text=&#8221;Buscar un lugar  &#8221; admin_label=&#8221;Primary Button&#8221; module_class=&#8221;btn-primary&#8221; _builder_version=&#8221;4.27.0&#8243; _module_preset=&#8221;default&#8221; global_colors_info=&#8221;{}&#8221;][\/et_pb_button][\/et_pb_column_inner][et_pb_column_inner type=&#8221;1_2&#8243; saved_specialty_column_type=&#8221;1_2&#8243; _builder_version=&#8221;4.27.0&#8243; _module_preset=&#8221;default&#8221; global_colors_info=&#8221;{}&#8221;][et_pb_button button_url=&#8221;https:\/\/nobleclinics.org\/es-la\/hacer-una-cita\/&#8221; button_text=&#8221;Concertar una cita  &#8221; admin_label=&#8221;Secondary Button&#8221; module_class=&#8221;btn-secondary&#8221; _builder_version=&#8221;4.27.4&#8243; _module_preset=&#8221;default&#8221; global_colors_info=&#8221;{}&#8221;][\/et_pb_button][\/et_pb_column_inner][\/et_pb_row_inner][\/et_pb_column][\/et_pb_section][et_pb_section fb_built=&#8221;1&#8243; specialty=&#8221;on&#8221; admin_label=&#8221;Content Left &#8211; Image Right&#8221; module_class=&#8221;image-content reversed&#8221; _builder_version=&#8221;4.27.0&#8243; _module_preset=&#8221;default&#8221; global_colors_info=&#8221;{}&#8221;][et_pb_column type=&#8221;1_2&#8243; specialty_columns=&#8221;2&#8243; _builder_version=&#8221;4.16&#8243; custom_padding=&#8221;|||&#8221; global_colors_info=&#8221;{}&#8221; custom_padding__hover=&#8221;|||&#8221;][et_pb_row_inner _builder_version=&#8221;4.27.0&#8243; _module_preset=&#8221;default&#8221; global_colors_info=&#8221;{}&#8221;][et_pb_column_inner saved_specialty_column_type=&#8221;1_2&#8243; _builder_version=&#8221;4.27.0&#8243; _module_preset=&#8221;default&#8221; global_colors_info=&#8221;{}&#8221;][et_pb_text module_class=&#8221;title&#8221; _builder_version=&#8221;4.27.0&#8243; _module_preset=&#8221;default&#8221; global_colors_info=&#8221;{}&#8221;]<\/p>\n<h2>Nuestro viaje de cuidados  <\/h2>\n<p>[\/et_pb_text][et_pb_text admin_label=&#8221;Text&#8221; module_class=&#8221;content&#8221; _builder_version=&#8221;4.27.0&#8243; _module_preset=&#8221;default&#8221; custom_padding=&#8221;||0px|||&#8221; global_colors_info=&#8221;{}&#8221;]<\/p>\n<p>Desde nuestra fundaci\u00f3n, Noble Community Clinics se ha dedicado a redefinir la asistencia sanitaria en nuestra comunidad. Al ampliar nuestro alcance y abarcar diversas necesidades, nos hemos convertido en un proveedor de confianza comprometido a servir a todos. Nuestros esfuerzos han afectado a innumerables vidas, fomentando una cultura de accesibilidad, excelencia y compromiso inquebrantable con la mejora de los resultados sanitarios para todos.   <\/p>\n<p>[\/et_pb_text][\/et_pb_column_inner][\/et_pb_row_inner][et_pb_row_inner column_structure=&#8221;1_2,1_2&#8243; _builder_version=&#8221;4.27.0&#8243; _module_preset=&#8221;default&#8221; global_colors_info=&#8221;{}&#8221;][et_pb_column_inner type=&#8221;1_2&#8243; saved_specialty_column_type=&#8221;1_2&#8243; _builder_version=&#8221;4.27.0&#8243; _module_preset=&#8221;default&#8221; global_colors_info=&#8221;{}&#8221;][et_pb_button button_url=&#8221;https:\/\/nobleclinics.org\/es-la\/localizaciones\/&#8221; button_text=&#8221;Buscar un lugar  &#8221; admin_label=&#8221;Primary Button&#8221; module_class=&#8221;btn-primary&#8221; _builder_version=&#8221;4.27.0&#8243; _module_preset=&#8221;default&#8221; global_colors_info=&#8221;{}&#8221;][\/et_pb_button][\/et_pb_column_inner][et_pb_column_inner type=&#8221;1_2&#8243; saved_specialty_column_type=&#8221;1_2&#8243; _builder_version=&#8221;4.27.0&#8243; _module_preset=&#8221;default&#8221; global_colors_info=&#8221;{}&#8221;][et_pb_button button_url=&#8221;https:\/\/nobleclinics.org\/es-la\/hacer-una-cita\/&#8221; button_text=&#8221;Concertar una cita  &#8221; admin_label=&#8221;Secondary Button&#8221; module_class=&#8221;btn-secondary light-text&#8221; _builder_version=&#8221;4.27.4&#8243; _module_preset=&#8221;default&#8221; global_colors_info=&#8221;{}&#8221;][\/et_pb_button][\/et_pb_column_inner][\/et_pb_row_inner][\/et_pb_column][et_pb_column type=&#8221;1_2&#8243; _builder_version=&#8221;4.16&#8243; custom_padding=&#8221;|||&#8221; global_colors_info=&#8221;{}&#8221; custom_padding__hover=&#8221;|||&#8221;][et_pb_image src=&#8221;https:\/\/nobleclinics.org\/wp-content\/uploads\/2024\/11\/about-us-journey.jpg&#8221; title_text=&#8221;sobre-nosotros-viaje&#8221; align=&#8221;center&#8221; _builder_version=&#8221;4.27.0&#8243; _module_preset=&#8221;default&#8221; border_radii=&#8221;on|10px|10px|10px|10px&#8221; global_colors_info=&#8221;{}&#8221;][\/et_pb_image][\/et_pb_column][\/et_pb_section][et_pb_section fb_built=&#8221;1&#8243; specialty=&#8221;on&#8221; admin_label=&#8221;Image Left &#8211; Content Right&#8221; module_class=&#8221;image-content&#8221; _builder_version=&#8221;4.27.0&#8243; _module_preset=&#8221;default&#8221; background_color=&#8221;#2a3f49&#8243; global_colors_info=&#8221;{}&#8221;][et_pb_column type=&#8221;1_2&#8243; _builder_version=&#8221;4.16&#8243; custom_padding=&#8221;|||&#8221; global_colors_info=&#8221;{}&#8221; custom_padding__hover=&#8221;|||&#8221;][et_pb_image src=&#8221;https:\/\/nobleclinics.org\/wp-content\/uploads\/2025\/05\/about-us-community-committed.jpg&#8221; title_text=&#8221;acerca-de-nosotros-comunidad-comprometida&#8221; align=&#8221;center&#8221; _builder_version=&#8221;4.27.4&#8243; _module_preset=&#8221;default&#8221; border_radii=&#8221;on|10px|10px|10px|10px&#8221; global_colors_info=&#8221;{}&#8221;][\/et_pb_image][\/et_pb_column][et_pb_column type=&#8221;1_2&#8243; specialty_columns=&#8221;2&#8243; _builder_version=&#8221;4.16&#8243; custom_padding=&#8221;|||&#8221; global_colors_info=&#8221;{}&#8221; custom_padding__hover=&#8221;|||&#8221;][et_pb_row_inner _builder_version=&#8221;4.27.0&#8243; _module_preset=&#8221;default&#8221; global_colors_info=&#8221;{}&#8221;][et_pb_column_inner saved_specialty_column_type=&#8221;1_2&#8243; _builder_version=&#8221;4.27.0&#8243; _module_preset=&#8221;default&#8221; global_colors_info=&#8221;{}&#8221;][et_pb_text module_class=&#8221;title&#8221; _builder_version=&#8221;4.27.0&#8243; _module_preset=&#8221;default&#8221; global_colors_info=&#8221;{}&#8221;]<\/p>\n<h2>Una comunidad comprometida con tu salud  <\/h2>\n<p>[\/et_pb_text][et_pb_text admin_label=&#8221;Text&#8221; module_class=&#8221;content&#8221; _builder_version=&#8221;4.27.0&#8243; _module_preset=&#8221;default&#8221; custom_padding=&#8221;||0px|||&#8221; global_colors_info=&#8221;{}&#8221;]<\/p>\n<p>En la actualidad, Noble Community Clinics es un proveedor sanitario de confianza, dedicado a satisfacer las necesidades cambiantes de nuestra comunidad. Ofrecemos una amplia gama de servicios dise\u00f1ados para apoyar tu bienestar en cada etapa de la vida. Tanto si se trata de servicios m\u00e9dicos, dentales, de salud conductual, de recuperaci\u00f3n del consumo de sustancias, quiropr\u00e1cticos o farmac\u00e9uticos, nuestro objetivo es proporcionar una atenci\u00f3n sanitaria integral a todos nuestros vecinos.<\/p>\n<p>[\/et_pb_text][\/et_pb_column_inner][\/et_pb_row_inner][et_pb_row_inner column_structure=&#8221;1_2,1_2&#8243; _builder_version=&#8221;4.27.0&#8243; _module_preset=&#8221;default&#8221; global_colors_info=&#8221;{}&#8221;][et_pb_column_inner type=&#8221;1_2&#8243; saved_specialty_column_type=&#8221;1_2&#8243; _builder_version=&#8221;4.27.0&#8243; _module_preset=&#8221;default&#8221; global_colors_info=&#8221;{}&#8221;][et_pb_button button_url=&#8221;https:\/\/nobleclinics.org\/es-la\/localizaciones\/&#8221; button_text=&#8221;Buscar un lugar  &#8221; admin_label=&#8221;Primary Button&#8221; module_class=&#8221;btn-primary&#8221; _builder_version=&#8221;4.27.0&#8243; _module_preset=&#8221;default&#8221; global_colors_info=&#8221;{}&#8221;][\/et_pb_button][\/et_pb_column_inner][et_pb_column_inner type=&#8221;1_2&#8243; saved_specialty_column_type=&#8221;1_2&#8243; _builder_version=&#8221;4.27.0&#8243; _module_preset=&#8221;default&#8221; global_colors_info=&#8221;{}&#8221;][et_pb_button button_url=&#8221;https:\/\/nobleclinics.org\/es-la\/hacer-una-cita\/&#8221; button_text=&#8221;Concertar una cita  &#8221; admin_label=&#8221;Secondary Button&#8221; module_class=&#8221;btn-secondary&#8221; _builder_version=&#8221;4.27.4&#8243; _module_preset=&#8221;default&#8221; global_colors_info=&#8221;{}&#8221;][\/et_pb_button][\/et_pb_column_inner][\/et_pb_row_inner][\/et_pb_column][\/et_pb_section]<\/p>\n","protected":false},"excerpt":{"rendered":"<p>La atenci\u00f3n adecuada,La forma adecuada.En Noble Community Clinics, establecemos un nuevo est\u00e1ndar de atenci\u00f3n centrado en el respeto, la accesibilidad y la excelencia. Nuestro equipo se compromete a prestar servicios integrales que satisfagan las diversas necesidades de nuestra comunidad, garantizando que todos reciban la atenci\u00f3n adecuada, de la forma adecuada.Nuestro prop\u00f3sito y promesaEn Noble Community Clinics, nuestra misi\u00f3n es proporcionar una asistencia sanitaria compasiva y accesible para todos, derribando barreras y prestando una atenci\u00f3n de alta calidad con integridad. Imaginamos un futuro en el que todos los miembros de la comunidad tengan acceso a la asistencia adecuada, de la forma adecuada, fomentando un mundo m\u00e1s sano y equitativo mediante la innovaci\u00f3n, la colaboraci\u00f3n y la dedicaci\u00f3n inquebrantable al bienestar del paciente.Nuestro viaje de cuidados Desde nuestra fundaci\u00f3n, Noble Community Clinics se ha dedicado a redefinir la asistencia sanitaria en nuestra comunidad. Al ampliar nuestro alcance y abarcar diversas necesidades, nos hemos convertido en un proveedor de confianza comprometido a servir a todos. Nuestros esfuerzos han afectado a innumerables vidas, fomentando una cultura de accesibilidad, excelencia y compromiso inquebrantable con la mejora de los resultados sanitarios para todos. Una comunidad comprometida con tu salud En la actualidad, Noble Community Clinics es [&hellip;]<\/p>\n","protected":false},"author":2,"featured_media":0,"parent":0,"menu_order":0,"comment_status":"closed","ping_status":"closed","template":"","meta":{"_et_pb_use_builder":"on","_et_pb_old_content":"","_et_gb_content_width":"","inline_featured_image":false,"footnotes":""},"class_list":["post-14502","page","type-page","status-publish","hentry"],"yoast_head":"<!-- This site is optimized with the Yoast SEO plugin v24.5 - https:\/\/yoast.com\/wordpress\/plugins\/seo\/ -->\n<title>Sobre nosotros | Noble Community Clinics<\/title>\n<meta name=\"description\" content=\"Noble Community Clinics ofrece servicios sanitarios ejemplares para todos los miembros de tu familia. Nuestra cl\u00ednica de salud comunitaria opera a trav\u00e9s de seis ubicaciones convenientes en el centro y centro-sur de Wisconsin\" \/>\n<meta name=\"robots\" content=\"index, follow, max-snippet:-1, max-image-preview:large, max-video-preview:-1\" \/>\n<link rel=\"canonical\" href=\"https:\/\/nobleclinics.org\/es-la\/quienes-somos\/\" \/>\n<meta property=\"og:locale\" content=\"es_ES\" \/>\n<meta property=\"og:type\" content=\"article\" \/>\n<meta property=\"og:title\" content=\"Sobre nosotros | Noble Community Clinics\" \/>\n<meta property=\"og:description\" content=\"Noble Community Clinics ofrece servicios sanitarios ejemplares para todos los miembros de tu familia. Nuestra cl\u00ednica de salud comunitaria opera a trav\u00e9s de seis ubicaciones convenientes en el centro y centro-sur de Wisconsin\" \/>\n<meta property=\"og:url\" content=\"https:\/\/nobleclinics.org\/es-la\/quienes-somos\/\" \/>\n<meta property=\"og:site_name\" content=\"Noble Community Clinics | Dental, Medical &amp; Behavioral Health\" \/>\n<meta property=\"article:modified_time\" content=\"2025-11-12T16:01:42+00:00\" \/>\n<meta name=\"twitter:card\" content=\"summary_large_image\" \/>\n<meta name=\"twitter:label1\" content=\"Est. reading time\" \/>\n\t<meta name=\"twitter:data1\" content=\"7 minutes\" \/>\n<script type=\"application\/ld+json\" class=\"yoast-schema-graph\">{\"@context\":\"https:\/\/schema.org\",\"@graph\":[{\"@type\":\"WebPage\",\"@id\":\"https:\/\/nobleclinics.org\/es-la\/quienes-somos\/\",\"url\":\"https:\/\/nobleclinics.org\/es-la\/quienes-somos\/\",\"name\":\"Sobre nosotros | Noble Community Clinics\",\"isPartOf\":{\"@id\":\"https:\/\/nobleclinics.org\/#website\"},\"datePublished\":\"2024-09-24T15:49:18+00:00\",\"dateModified\":\"2025-11-12T16:01:42+00:00\",\"description\":\"Noble Community Clinics ofrece servicios sanitarios ejemplares para todos los miembros de tu familia. Nuestra cl\u00ednica de salud comunitaria opera a trav\u00e9s de seis ubicaciones convenientes en el centro y centro-sur de Wisconsin\",\"breadcrumb\":{\"@id\":\"https:\/\/nobleclinics.org\/es-la\/quienes-somos\/#breadcrumb\"},\"inLanguage\":\"es-419\",\"potentialAction\":[{\"@type\":\"ReadAction\",\"target\":[\"https:\/\/nobleclinics.org\/es-la\/quienes-somos\/\"]}]},{\"@type\":\"BreadcrumbList\",\"@id\":\"https:\/\/nobleclinics.org\/es-la\/quienes-somos\/#breadcrumb\",\"itemListElement\":[{\"@type\":\"ListItem\",\"position\":1,\"name\":\"Home\",\"item\":\"https:\/\/nobleclinics.org\/es-la\/pagina-de-inicio\/\"},{\"@type\":\"ListItem\",\"position\":2,\"name\":\"Qui\u00e9nes somos\"}]},{\"@type\":\"WebSite\",\"@id\":\"https:\/\/nobleclinics.org\/#website\",\"url\":\"https:\/\/nobleclinics.org\/\",\"name\":\"Noble Community Clinics | Dental, Medical &amp; Behavioral Health\",\"description\":\"\",\"potentialAction\":[{\"@type\":\"SearchAction\",\"target\":{\"@type\":\"EntryPoint\",\"urlTemplate\":\"https:\/\/nobleclinics.org\/?s={search_term_string}\"},\"query-input\":{\"@type\":\"PropertyValueSpecification\",\"valueRequired\":true,\"valueName\":\"search_term_string\"}}],\"inLanguage\":\"es-419\"}]}<\/script>\n<!-- \/ Yoast SEO plugin. -->","yoast_head_json":{"title":"Sobre nosotros | Noble Community Clinics","description":"Noble Community Clinics ofrece servicios sanitarios ejemplares para todos los miembros de tu familia. Nuestra cl\u00ednica de salud comunitaria opera a trav\u00e9s de seis ubicaciones convenientes en el centro y centro-sur de Wisconsin","robots":{"index":"index","follow":"follow","max-snippet":"max-snippet:-1","max-image-preview":"max-image-preview:large","max-video-preview":"max-video-preview:-1"},"canonical":"https:\/\/nobleclinics.org\/es-la\/quienes-somos\/","og_locale":"es_ES","og_type":"article","og_title":"Sobre nosotros | Noble Community Clinics","og_description":"Noble Community Clinics ofrece servicios sanitarios ejemplares para todos los miembros de tu familia. Nuestra cl\u00ednica de salud comunitaria opera a trav\u00e9s de seis ubicaciones convenientes en el centro y centro-sur de Wisconsin","og_url":"https:\/\/nobleclinics.org\/es-la\/quienes-somos\/","og_site_name":"Noble Community Clinics | Dental, Medical &amp; Behavioral Health","article_modified_time":"2025-11-12T16:01:42+00:00","twitter_card":"summary_large_image","twitter_misc":{"Est. reading time":"7 minutes"},"schema":{"@context":"https:\/\/schema.org","@graph":[{"@type":"WebPage","@id":"https:\/\/nobleclinics.org\/es-la\/quienes-somos\/","url":"https:\/\/nobleclinics.org\/es-la\/quienes-somos\/","name":"Sobre nosotros | Noble Community Clinics","isPartOf":{"@id":"https:\/\/nobleclinics.org\/#website"},"datePublished":"2024-09-24T15:49:18+00:00","dateModified":"2025-11-12T16:01:42+00:00","description":"Noble Community Clinics ofrece servicios sanitarios ejemplares para todos los miembros de tu familia. Nuestra cl\u00ednica de salud comunitaria opera a trav\u00e9s de seis ubicaciones convenientes en el centro y centro-sur de Wisconsin","breadcrumb":{"@id":"https:\/\/nobleclinics.org\/es-la\/quienes-somos\/#breadcrumb"},"inLanguage":"es-419","potentialAction":[{"@type":"ReadAction","target":["https:\/\/nobleclinics.org\/es-la\/quienes-somos\/"]}]},{"@type":"BreadcrumbList","@id":"https:\/\/nobleclinics.org\/es-la\/quienes-somos\/#breadcrumb","itemListElement":[{"@type":"ListItem","position":1,"name":"Home","item":"https:\/\/nobleclinics.org\/es-la\/pagina-de-inicio\/"},{"@type":"ListItem","position":2,"name":"Qui\u00e9nes somos"}]},{"@type":"WebSite","@id":"https:\/\/nobleclinics.org\/#website","url":"https:\/\/nobleclinics.org\/","name":"Noble Community Clinics | Dental, Medical &amp; Behavioral Health","description":"","potentialAction":[{"@type":"SearchAction","target":{"@type":"EntryPoint","urlTemplate":"https:\/\/nobleclinics.org\/?s={search_term_string}"},"query-input":{"@type":"PropertyValueSpecification","valueRequired":true,"valueName":"search_term_string"}}],"inLanguage":"es-419"}]}},"_links":{"self":[{"href":"https:\/\/nobleclinics.org\/es-la\/wp-json\/wp\/v2\/pages\/14502","targetHints":{"allow":["GET"]}}],"collection":[{"href":"https:\/\/nobleclinics.org\/es-la\/wp-json\/wp\/v2\/pages"}],"about":[{"href":"https:\/\/nobleclinics.org\/es-la\/wp-json\/wp\/v2\/types\/page"}],"author":[{"embeddable":true,"href":"https:\/\/nobleclinics.org\/es-la\/wp-json\/wp\/v2\/users\/2"}],"replies":[{"embeddable":true,"href":"https:\/\/nobleclinics.org\/es-la\/wp-json\/wp\/v2\/comments?post=14502"}],"version-history":[{"count":0,"href":"https:\/\/nobleclinics.org\/es-la\/wp-json\/wp\/v2\/pages\/14502\/revisions"}],"wp:attachment":[{"href":"https:\/\/nobleclinics.org\/es-la\/wp-json\/wp\/v2\/media?parent=14502"}],"curies":[{"name":"wp","href":"https:\/\/api.w.org\/{rel}","templated":true}]}}