{"id":14515,"date":"2024-12-06T18:06:27","date_gmt":"2024-12-06T18:06:27","guid":{"rendered":"https:\/\/nobleclinics.org\/quienes-somos\/informes-anuales\/"},"modified":"2025-11-12T15:59:36","modified_gmt":"2025-11-12T15:59:36","slug":"informes-anuales","status":"publish","type":"page","link":"https:\/\/nobleclinics.org\/es-la\/quienes-somos\/informes-anuales\/","title":{"rendered":"Informes anuales"},"content":{"rendered":"<p>[et_pb_section fb_built=&#8221;1&#8243; admin_label=&#8221;Secondary Page Hero&#8221; module_class=&#8221;hero-secondary&#8221; _builder_version=&#8221;4.27.4&#8243; _module_preset=&#8221;default&#8221; background_image=&#8221;https:\/\/nobleclinics.org\/wp-content\/uploads\/2024\/12\/iStock-1457289413_resized.jpg&#8221; global_colors_info=&#8221;{}&#8221; custom_css_main_element_last_edited=&#8221;on|phone&#8221; custom_css_main_element_phone=&#8221;background-position-x: -93em;&#8221;][et_pb_row _builder_version=&#8221;4.27.0&#8243; _module_preset=&#8221;default&#8221; global_colors_info=&#8221;{}&#8221;][et_pb_column type=&#8221;4_4&#8243; _builder_version=&#8221;4.27.0&#8243; _module_preset=&#8221;default&#8221; global_colors_info=&#8221;{}&#8221;][et_pb_text _builder_version=&#8221;4.27.4&#8243; _module_preset=&#8221;default&#8221; global_colors_info=&#8221;{}&#8221;]<\/p>\n<h1>Informes anuales<\/h1>\n<p>[\/et_pb_text][et_pb_text _builder_version=&#8221;4.27.4&#8243; _module_preset=&#8221;default&#8221; global_colors_info=&#8221;{}&#8221;]<\/p>\n<p>Noble Community Clinics se enorgullece de ofrecer servicios m\u00e9dicos, dentales, farmac\u00e9uticos, de salud conductual, de recuperaci\u00f3n del consumo de sustancias, quiropr\u00e1cticos, m\u00e9dicos y dentales m\u00f3viles, el programa WIC y mucho m\u00e1s, prestando atenci\u00f3n durante m\u00e1s de 53.000 visitas de pacientes el a\u00f1o pasado. Nuestro Informe Anual refleja nuestro compromiso inquebrantable con nuestra misi\u00f3n: &#8220;Garantizar el acceso a una asistencia sanitaria integrada de alta calidad y promover el bienestar de nuestros pacientes, personal y comunidades&#8221;. A trav\u00e9s de estos informes, compartimos los logros e hitos que demuestran nuestra dedicaci\u00f3n a mejorar vidas y servir a nuestras comunidades.  <\/p>\n<p>[\/et_pb_text][\/et_pb_column][\/et_pb_row][\/et_pb_section][et_pb_section fb_built=&#8221;1&#8243; admin_label=&#8221;Content Toggle&#8221; module_class=&#8221;content-toggle&#8221; _builder_version=&#8221;4.27.0&#8243; _module_preset=&#8221;default&#8221; locked=&#8221;off&#8221; global_colors_info=&#8221;{}&#8221;][et_pb_row _builder_version=&#8221;4.27.0&#8243; _module_preset=&#8221;default&#8221; global_colors_info=&#8221;{}&#8221;][et_pb_column type=&#8221;4_4&#8243; _builder_version=&#8221;4.27.0&#8243; _module_preset=&#8221;default&#8221; global_colors_info=&#8221;{}&#8221;][et_pb_toggle title=&#8221;Perfil de Noble Community Clinics&#8221; admin_label=&#8221;Annual Reports&#8221; _builder_version=&#8221;4.27.4&#8243; _module_preset=&#8221;default&#8221; global_colors_info=&#8221;{}&#8221;]<\/p>\n<p>Construir comunidades vibrantes conectando a todas las personas con una asistencia sanitaria de calidad.<\/p>\n<p><strong><a href=\"https:\/\/nobleclinics.org\/wp-content\/uploads\/2025\/08\/Annual-Report-2024-2025.pdf\">Informe Anual 2024<\/a><\/strong><\/p>\n<p><a href=\"\/wp-content\/uploads\/2024\/12\/Annual-Report-2024-New_Noble.pdf\" target=\"_blank\" rel=\"noopener\"><strong>Informe Anual 2023  <\/strong><\/a><\/p>\n<p>[\/et_pb_toggle][\/et_pb_column][\/et_pb_row][\/et_pb_section][et_pb_section fb_built=&#8221;1&#8243; admin_label=&#8221;Mini CTA&#8221; module_class=&#8221;bg-image-content right cta&#8221; _builder_version=&#8221;4.27.4&#8243; _module_preset=&#8221;default&#8221; background_image=&#8221;https:\/\/nobleclinics.org\/wp-content\/uploads\/2024\/11\/CTA-001-1728px.jpg&#8221; locked=&#8221;off&#8221; global_colors_info=&#8221;{}&#8221;][et_pb_row _builder_version=&#8221;4.27.0&#8243; _module_preset=&#8221;default&#8221; global_colors_info=&#8221;{}&#8221;][et_pb_column type=&#8221;4_4&#8243; _builder_version=&#8221;4.27.0&#8243; _module_preset=&#8221;default&#8221; global_colors_info=&#8221;{}&#8221;][et_pb_text admin_label=&#8221;Title&#8221; module_class=&#8221;title&#8221; _builder_version=&#8221;4.27.4&#8243; _module_preset=&#8221;default&#8221; global_colors_info=&#8221;{}&#8221;]<\/p>\n<h2>Da el primer paso hacia una mejor salud<\/h2>\n<p>[\/et_pb_text][et_pb_text admin_label=&#8221;Text&#8221; module_class=&#8221;content&#8221; _builder_version=&#8221;4.27.4&#8243; _module_preset=&#8221;default&#8221; global_colors_info=&#8221;{}&#8221;]<\/p>\n<p>Tu salud es nuestra prioridad. No retrases la atenci\u00f3n que necesitas. Programa tu cita hoy mismo y experimenta una asistencia sanitaria adaptada a ti.  <\/p>\n<p>[\/et_pb_text][\/et_pb_column][\/et_pb_row][et_pb_row column_structure=&#8221;1_2,1_2&#8243; _builder_version=&#8221;4.27.0&#8243; _module_preset=&#8221;default&#8221; global_colors_info=&#8221;{}&#8221;][et_pb_column type=&#8221;1_2&#8243; _builder_version=&#8221;4.27.0&#8243; _module_preset=&#8221;default&#8221; global_colors_info=&#8221;{}&#8221;][et_pb_button button_url=&#8221;https:\/\/nobleclinics.org\/es-la\/hacer-una-cita\/&#8221; url_new_window=&#8221;on&#8221; button_text=&#8221;Concertar una cita  &#8221; admin_label=&#8221;Book an Appointment &#8221; module_class=&#8221;btn-primary&#8221; _builder_version=&#8221;4.27.4&#8243; _module_preset=&#8221;default&#8221; locked=&#8221;off&#8221; global_colors_info=&#8221;{}&#8221;][\/et_pb_button][\/et_pb_column][et_pb_column type=&#8221;1_2&#8243; _builder_version=&#8221;4.27.0&#8243; _module_preset=&#8221;default&#8221; global_colors_info=&#8221;{}&#8221;][\/et_pb_column][\/et_pb_row][\/et_pb_section]<\/p>\n","protected":false},"excerpt":{"rendered":"<p>Informes anualesNoble Community Clinics se enorgullece de ofrecer servicios m\u00e9dicos, dentales, farmac\u00e9uticos, de salud conductual, de recuperaci\u00f3n del consumo de sustancias, quiropr\u00e1cticos, m\u00e9dicos y dentales m\u00f3viles, el programa WIC y mucho m\u00e1s, prestando atenci\u00f3n durante m\u00e1s de 53.000 visitas de pacientes el a\u00f1o pasado. Nuestro Informe Anual refleja nuestro compromiso inquebrantable con nuestra misi\u00f3n: &#8220;Garantizar el acceso a una asistencia sanitaria integrada de alta calidad y promover el bienestar de nuestros pacientes, personal y comunidades&#8221;. A trav\u00e9s de estos informes, compartimos los logros e hitos que demuestran nuestra dedicaci\u00f3n a mejorar vidas y servir a nuestras comunidades. Construir comunidades vibrantes conectando a todas las personas con una asistencia sanitaria de calidad. Informe Anual 2024 Informe Anual 2023 Da el primer paso hacia una mejor saludTu salud es nuestra prioridad. No retrases la atenci\u00f3n que necesitas. Programa tu cita hoy mismo y experimenta una asistencia sanitaria adaptada a ti.<\/p>\n","protected":false},"author":6,"featured_media":0,"parent":14502,"menu_order":0,"comment_status":"closed","ping_status":"closed","template":"","meta":{"_et_pb_use_builder":"on","_et_pb_old_content":"","_et_gb_content_width":"","inline_featured_image":false,"footnotes":""},"class_list":["post-14515","page","type-page","status-publish","hentry"],"yoast_head":"<!-- This site is optimized with the Yoast SEO plugin v24.5 - https:\/\/yoast.com\/wordpress\/plugins\/seo\/ -->\n<title>Informes anuales | Noble Community Clinics<\/title>\n<meta name=\"description\" content=\"Explora los Informes Anuales de Noble Community Clinics, en los que se destacan nuestros logros, nuestra transparencia financiera y nuestro compromiso permanente de ofrecer una asistencia sanitaria excepcional a nuestra comunidad.\" \/>\n<meta name=\"robots\" content=\"index, follow, max-snippet:-1, max-image-preview:large, max-video-preview:-1\" \/>\n<link rel=\"canonical\" href=\"https:\/\/nobleclinics.org\/es-la\/quienes-somos\/informes-anuales\/\" \/>\n<meta property=\"og:locale\" content=\"es_ES\" \/>\n<meta property=\"og:type\" content=\"article\" \/>\n<meta property=\"og:title\" content=\"Informes anuales | Noble Community Clinics\" \/>\n<meta property=\"og:description\" content=\"Explora los Informes Anuales de Noble Community Clinics, en los que se destacan nuestros logros, nuestra transparencia financiera y nuestro compromiso permanente de ofrecer una asistencia sanitaria excepcional a nuestra comunidad.\" \/>\n<meta property=\"og:url\" content=\"https:\/\/nobleclinics.org\/es-la\/quienes-somos\/informes-anuales\/\" \/>\n<meta property=\"og:site_name\" content=\"Noble Community Clinics | Dental, Medical &amp; Behavioral Health\" \/>\n<meta property=\"article:modified_time\" content=\"2025-11-12T15:59:36+00:00\" \/>\n<meta name=\"twitter:card\" content=\"summary_large_image\" \/>\n<meta name=\"twitter:label1\" content=\"Est. reading time\" \/>\n\t<meta name=\"twitter:data1\" content=\"3 minutes\" \/>\n<script type=\"application\/ld+json\" class=\"yoast-schema-graph\">{\"@context\":\"https:\/\/schema.org\",\"@graph\":[{\"@type\":\"WebPage\",\"@id\":\"https:\/\/nobleclinics.org\/es-la\/quienes-somos\/informes-anuales\/\",\"url\":\"https:\/\/nobleclinics.org\/es-la\/quienes-somos\/informes-anuales\/\",\"name\":\"Informes anuales | Noble Community Clinics\",\"isPartOf\":{\"@id\":\"https:\/\/nobleclinics.org\/#website\"},\"datePublished\":\"2024-12-06T18:06:27+00:00\",\"dateModified\":\"2025-11-12T15:59:36+00:00\",\"description\":\"Explora los Informes Anuales de Noble Community Clinics, en los que se destacan nuestros logros, nuestra transparencia financiera y nuestro compromiso permanente de ofrecer una asistencia sanitaria excepcional a nuestra comunidad.\",\"breadcrumb\":{\"@id\":\"https:\/\/nobleclinics.org\/es-la\/quienes-somos\/informes-anuales\/#breadcrumb\"},\"inLanguage\":\"es-419\",\"potentialAction\":[{\"@type\":\"ReadAction\",\"target\":[\"https:\/\/nobleclinics.org\/es-la\/quienes-somos\/informes-anuales\/\"]}]},{\"@type\":\"BreadcrumbList\",\"@id\":\"https:\/\/nobleclinics.org\/es-la\/quienes-somos\/informes-anuales\/#breadcrumb\",\"itemListElement\":[{\"@type\":\"ListItem\",\"position\":1,\"name\":\"Home\",\"item\":\"https:\/\/nobleclinics.org\/es-la\/pagina-de-inicio\/\"},{\"@type\":\"ListItem\",\"position\":2,\"name\":\"Qui\u00e9nes somos\",\"item\":\"https:\/\/nobleclinics.org\/es-la\/quienes-somos\/\"},{\"@type\":\"ListItem\",\"position\":3,\"name\":\"Informes anuales\"}]},{\"@type\":\"WebSite\",\"@id\":\"https:\/\/nobleclinics.org\/#website\",\"url\":\"https:\/\/nobleclinics.org\/\",\"name\":\"Noble Community Clinics | Dental, Medical &amp; Behavioral Health\",\"description\":\"\",\"potentialAction\":[{\"@type\":\"SearchAction\",\"target\":{\"@type\":\"EntryPoint\",\"urlTemplate\":\"https:\/\/nobleclinics.org\/?s={search_term_string}\"},\"query-input\":{\"@type\":\"PropertyValueSpecification\",\"valueRequired\":true,\"valueName\":\"search_term_string\"}}],\"inLanguage\":\"es-419\"}]}<\/script>\n<!-- \/ Yoast SEO plugin. -->","yoast_head_json":{"title":"Informes anuales | Noble Community Clinics","description":"Explora los Informes Anuales de Noble Community Clinics, en los que se destacan nuestros logros, nuestra transparencia financiera y nuestro compromiso permanente de ofrecer una asistencia sanitaria excepcional a nuestra comunidad.","robots":{"index":"index","follow":"follow","max-snippet":"max-snippet:-1","max-image-preview":"max-image-preview:large","max-video-preview":"max-video-preview:-1"},"canonical":"https:\/\/nobleclinics.org\/es-la\/quienes-somos\/informes-anuales\/","og_locale":"es_ES","og_type":"article","og_title":"Informes anuales | Noble Community Clinics","og_description":"Explora los Informes Anuales de Noble Community Clinics, en los que se destacan nuestros logros, nuestra transparencia financiera y nuestro compromiso permanente de ofrecer una asistencia sanitaria excepcional a nuestra comunidad.","og_url":"https:\/\/nobleclinics.org\/es-la\/quienes-somos\/informes-anuales\/","og_site_name":"Noble Community Clinics | Dental, Medical &amp; Behavioral Health","article_modified_time":"2025-11-12T15:59:36+00:00","twitter_card":"summary_large_image","twitter_misc":{"Est. reading time":"3 minutes"},"schema":{"@context":"https:\/\/schema.org","@graph":[{"@type":"WebPage","@id":"https:\/\/nobleclinics.org\/es-la\/quienes-somos\/informes-anuales\/","url":"https:\/\/nobleclinics.org\/es-la\/quienes-somos\/informes-anuales\/","name":"Informes anuales | Noble Community Clinics","isPartOf":{"@id":"https:\/\/nobleclinics.org\/#website"},"datePublished":"2024-12-06T18:06:27+00:00","dateModified":"2025-11-12T15:59:36+00:00","description":"Explora los Informes Anuales de Noble Community Clinics, en los que se destacan nuestros logros, nuestra transparencia financiera y nuestro compromiso permanente de ofrecer una asistencia sanitaria excepcional a nuestra comunidad.","breadcrumb":{"@id":"https:\/\/nobleclinics.org\/es-la\/quienes-somos\/informes-anuales\/#breadcrumb"},"inLanguage":"es-419","potentialAction":[{"@type":"ReadAction","target":["https:\/\/nobleclinics.org\/es-la\/quienes-somos\/informes-anuales\/"]}]},{"@type":"BreadcrumbList","@id":"https:\/\/nobleclinics.org\/es-la\/quienes-somos\/informes-anuales\/#breadcrumb","itemListElement":[{"@type":"ListItem","position":1,"name":"Home","item":"https:\/\/nobleclinics.org\/es-la\/pagina-de-inicio\/"},{"@type":"ListItem","position":2,"name":"Qui\u00e9nes somos","item":"https:\/\/nobleclinics.org\/es-la\/quienes-somos\/"},{"@type":"ListItem","position":3,"name":"Informes anuales"}]},{"@type":"WebSite","@id":"https:\/\/nobleclinics.org\/#website","url":"https:\/\/nobleclinics.org\/","name":"Noble Community Clinics | Dental, Medical &amp; Behavioral Health","description":"","potentialAction":[{"@type":"SearchAction","target":{"@type":"EntryPoint","urlTemplate":"https:\/\/nobleclinics.org\/?s={search_term_string}"},"query-input":{"@type":"PropertyValueSpecification","valueRequired":true,"valueName":"search_term_string"}}],"inLanguage":"es-419"}]}},"_links":{"self":[{"href":"https:\/\/nobleclinics.org\/es-la\/wp-json\/wp\/v2\/pages\/14515","targetHints":{"allow":["GET"]}}],"collection":[{"href":"https:\/\/nobleclinics.org\/es-la\/wp-json\/wp\/v2\/pages"}],"about":[{"href":"https:\/\/nobleclinics.org\/es-la\/wp-json\/wp\/v2\/types\/page"}],"author":[{"embeddable":true,"href":"https:\/\/nobleclinics.org\/es-la\/wp-json\/wp\/v2\/users\/6"}],"replies":[{"embeddable":true,"href":"https:\/\/nobleclinics.org\/es-la\/wp-json\/wp\/v2\/comments?post=14515"}],"version-history":[{"count":0,"href":"https:\/\/nobleclinics.org\/es-la\/wp-json\/wp\/v2\/pages\/14515\/revisions"}],"up":[{"embeddable":true,"href":"https:\/\/nobleclinics.org\/es-la\/wp-json\/wp\/v2\/pages\/14502"}],"wp:attachment":[{"href":"https:\/\/nobleclinics.org\/es-la\/wp-json\/wp\/v2\/media?parent=14515"}],"curies":[{"name":"wp","href":"https:\/\/api.w.org\/{rel}","templated":true}]}}