{"id":14524,"date":"2024-10-09T18:51:49","date_gmt":"2024-10-09T18:51:49","guid":{"rendered":"https:\/\/nobleclinics.org\/quienes-somos\/equipo-ejecutivo\/"},"modified":"2026-04-01T20:59:54","modified_gmt":"2026-04-01T20:59:54","slug":"equipo-ejecutivo","status":"publish","type":"page","link":"https:\/\/nobleclinics.org\/es-la\/quienes-somos\/equipo-ejecutivo\/","title":{"rendered":"Equipo Ejecutivo"},"content":{"rendered":"<p>[et_pb_section fb_built=&#8221;1&#8243; admin_label=&#8221;Secondary Page Hero&#8221; module_class=&#8221;hero-secondary&#8221; _builder_version=&#8221;4.27.4&#8243; _module_preset=&#8221;default&#8221; background_image=&#8221;https:\/\/nobleclinics.org\/wp-content\/uploads\/2025\/11\/IMG_2195-scaled-e1775071609545.jpg&#8221; global_colors_info=&#8221;{}&#8221;][et_pb_row _builder_version=&#8221;4.27.0&#8243; _module_preset=&#8221;default&#8221; global_colors_info=&#8221;{}&#8221;][et_pb_column type=&#8221;4_4&#8243; _builder_version=&#8221;4.27.0&#8243; _module_preset=&#8221;default&#8221; global_colors_info=&#8221;{}&#8221;][et_pb_text _builder_version=&#8221;4.27.0&#8243; _module_preset=&#8221;default&#8221; global_colors_info=&#8221;{}&#8221;]<\/p>\n<h1>Liderar con visi\u00f3n e integridad<\/h1>\n<p>[\/et_pb_text][et_pb_text _builder_version=&#8221;4.27.0&#8243; _module_preset=&#8221;default&#8221; global_colors_info=&#8221;{}&#8221;]<\/p>\n<p>Conoce a los dedicados l\u00edderes que gu\u00edan a Noble Community Clinics con un compromiso con la excelencia y la salud de la comunidad. Nuestro equipo directivo y los miembros de nuestro consejo trabajan incansablemente para garantizar una asistencia accesible y de alta calidad para todos, impulsando nuestra misi\u00f3n cada d\u00eda.<\/p>\n<p>[\/et_pb_text][\/et_pb_column][\/et_pb_row][\/et_pb_section][et_pb_section fb_built=&#8221;1&#8243; admin_label=&#8221;Team Member Grid&#8221; module_class=&#8221;profile-grid&#8221; _builder_version=&#8221;4.27.0&#8243; _module_preset=&#8221;default&#8221; global_colors_info=&#8221;{}&#8221;][et_pb_row _builder_version=&#8221;4.27.0&#8243; _module_preset=&#8221;default&#8221; global_colors_info=&#8221;{}&#8221;][et_pb_column type=&#8221;4_4&#8243; _builder_version=&#8221;4.27.0&#8243; _module_preset=&#8221;default&#8221; global_colors_info=&#8221;{}&#8221;][et_pb_text admin_label=&#8221;Executive Team  &#8221; _builder_version=&#8221;4.27.0&#8243; _module_preset=&#8221;default&#8221; global_colors_info=&#8221;{}&#8221;]<\/p>\n<h2>Equipo Ejecutivo  <\/h2>\n<p>[\/et_pb_text][\/et_pb_column][\/et_pb_row][et_pb_row column_structure=&#8221;1_4,1_4,1_4,1_4&#8243; _builder_version=&#8221;4.27.0&#8243; _module_preset=&#8221;default&#8221; global_colors_info=&#8221;{}&#8221;][et_pb_column type=&#8221;1_4&#8243; _builder_version=&#8221;4.27.0&#8243; _module_preset=&#8221;default&#8221; global_colors_info=&#8221;{}&#8221;][et_pb_blurb title=&#8221;Laura Waldvogel  &#8221; image=&#8221;https:\/\/nobleclinics.org\/wp-content\/uploads\/2024\/10\/NCC-Laura-CEO_resized.jpg&#8221; admin_label=&#8221;Laura Waldvogel &#8221; module_id=&#8221;overlay_unique_id_761&#8243; _builder_version=&#8221;4.27.4&#8243; _module_preset=&#8221;default&#8221; animation=&#8221;off&#8221; link_option_url=&#8221;#open&#8221; global_colors_info=&#8221;{}&#8221;]<\/p>\n<p><span class=\"TextRun SCXW161741106 BCX0\" lang=\"EN-US\" xml:lang=\"EN-US\" data-contrast=\"none\"><span class=\"NormalTextRun SCXW161741106 BCX0\">Consejero Delegado<\/span><\/span><\/p>\n<p>[\/et_pb_blurb][\/et_pb_column][et_pb_column type=&#8221;1_4&#8243; _builder_version=&#8221;4.27.0&#8243; _module_preset=&#8221;default&#8221; global_colors_info=&#8221;{}&#8221;][et_pb_blurb title=&#8221;Kristin Stearns&#8221; image=&#8221;https:\/\/nobleclinics.org\/wp-content\/uploads\/2026\/04\/Kristin-Stearns-1.jpg&#8221; admin_label=&#8221;Laura Waldvogel &#8221; _builder_version=&#8221;4.27.4&#8243; _module_preset=&#8221;default&#8221; animation=&#8221;off&#8221; link_option_url=&#8221;#open&#8221; hover_enabled=&#8221;0&#8243; locked=&#8221;off&#8221; global_colors_info=&#8221;{}&#8221; title_text=&#8221;Kristin Stearns 1&#8243; sticky_enabled=&#8221;0&#8243;]<\/p>\n<p><span class=\"TextRun SCXW161741106 BCX0\" lang=\"EN-US\" xml:lang=\"EN-US\" data-contrast=\"none\"><span class=\"NormalTextRun SCXW161741106 BCX0\">President<\/span><\/span><\/p>\n<p>[\/et_pb_blurb][\/et_pb_column][et_pb_column type=&#8221;1_4&#8243; _builder_version=&#8221;4.27.0&#8243; _module_preset=&#8221;default&#8221; global_colors_info=&#8221;{}&#8221;][et_pb_blurb title=&#8221;Caleb Jensema&#8221; image=&#8221;https:\/\/nobleclinics.org\/wp-content\/uploads\/2026\/04\/68-Caleb-Jensema.jpg&#8221; admin_label=&#8221;Laura Waldvogel &#8221; _builder_version=&#8221;4.27.4&#8243; _module_preset=&#8221;default&#8221; animation=&#8221;off&#8221; link_option_url=&#8221;#open&#8221; locked=&#8221;off&#8221; global_colors_info=&#8221;{}&#8221;]<\/p>\n<p><span class=\"TextRun SCXW161741106 BCX0\" lang=\"EN-US\" xml:lang=\"EN-US\" data-contrast=\"none\"><span class=\"NormalTextRun SCXW161741106 BCX0\">Director Financiero<\/span><\/span><\/p>\n<p>[\/et_pb_blurb][\/et_pb_column][et_pb_column type=&#8221;1_4&#8243; _builder_version=&#8221;4.27.0&#8243; _module_preset=&#8221;default&#8221; global_colors_info=&#8221;{}&#8221;][et_pb_blurb title=&#8221;Ivan Coziahr&#8221; image=&#8221;https:\/\/nobleclinics.org\/wp-content\/uploads\/2024\/11\/NCC-Ivan-Admin_resized.jpg&#8221; admin_label=&#8221;Ivan Coziahr&#8221; module_id=&#8221;overlay_unique_id_765&#8243; _builder_version=&#8221;4.27.4&#8243; _module_preset=&#8221;default&#8221; animation=&#8221;off&#8221; global_colors_info=&#8221;{}&#8221;]<\/p>\n<p><span class=\"TextRun SCXW96720579 BCX0\" lang=\"EN-US\" xml:lang=\"EN-US\" data-contrast=\"none\"><span class=\"NormalTextRun SCXW96720579 BCX0\">Director de Operaciones<\/span><\/span><\/p>\n<p>[\/et_pb_blurb][\/et_pb_column][\/et_pb_row][et_pb_row column_structure=&#8221;1_4,1_4,1_4,1_4&#8243; _builder_version=&#8221;4.27.0&#8243; _module_preset=&#8221;default&#8221; global_colors_info=&#8221;{}&#8221;][et_pb_column type=&#8221;1_4&#8243; _builder_version=&#8221;4.27.0&#8243; _module_preset=&#8221;default&#8221; global_colors_info=&#8221;{}&#8221;][et_pb_blurb title=&#8221;Dr. Casey Wilson, DDS&#8221; image=&#8221;https:\/\/nobleclinics.org\/wp-content\/uploads\/2026\/04\/65-Casey-Wilson.jpg&#8221; admin_label=&#8221;Nathan Daily &#8221; _builder_version=&#8221;4.27.4&#8243; _module_preset=&#8221;default&#8221; animation=&#8221;off&#8221; global_colors_info=&#8221;{}&#8221;]<\/p>\n<p><span class=\"TextRun SCXW27911295 BCX0\" lang=\"EN-US\" xml:lang=\"EN-US\" data-contrast=\"none\"><span class=\"NormalTextRun SCXW27911295 BCX0\">Jefe de Odontolog\u00eda<\/span><\/span><\/p>\n<p>[\/et_pb_blurb][\/et_pb_column][et_pb_column type=&#8221;1_4&#8243; _builder_version=&#8221;4.27.0&#8243; _module_preset=&#8221;default&#8221; global_colors_info=&#8221;{}&#8221;][et_pb_blurb title=&#8221;Dr. Sumeet Goel, DO, FACOFP&#8221; image=&#8221;https:\/\/nobleclinics.org\/wp-content\/uploads\/2025\/11\/Goel-Photo-2-scaled.jpg&#8221; alt=&#8221;Logotipo noble&#8221; admin_label=&#8221;Sumeet Goel&#8221; module_id=&#8221;overlay_unique_id_673&#8243; _builder_version=&#8221;4.27.4&#8243; _module_preset=&#8221;default&#8221; animation=&#8221;off&#8221; global_colors_info=&#8221;{}&#8221;]<\/p>\n<p>M\u00e9dico Jefe<\/p>\n<p>[\/et_pb_blurb][\/et_pb_column][et_pb_column type=&#8221;1_4&#8243; _builder_version=&#8221;4.27.0&#8243; _module_preset=&#8221;default&#8221; global_colors_info=&#8221;{}&#8221;][et_pb_blurb title=&#8221;Dr. Scott Huntington, Doctor&#8221; image=&#8221;https:\/\/nobleclinics.org\/wp-content\/uploads\/2024\/11\/NCC-ScottHuntington-Admin_resized.jpg&#8221; admin_label=&#8221;Scott Huntington &#8221; module_id=&#8221;overlay_unique_id_768&#8243; _builder_version=&#8221;4.27.4&#8243; _module_preset=&#8221;default&#8221; animation=&#8221;off&#8221; global_colors_info=&#8221;{}&#8221;]<\/p>\n<p><span class=\"TextRun SCXW50654820 BCX0\" lang=\"EN-US\" xml:lang=\"EN-US\" data-contrast=\"none\"><span class=\"NormalTextRun SCXW50654820 BCX0\">Jefe de Salud Mental<\/span><\/span><\/p>\n<p>[\/et_pb_blurb][\/et_pb_column][et_pb_column type=&#8221;1_4&#8243; _builder_version=&#8221;4.27.0&#8243; _module_preset=&#8221;default&#8221; global_colors_info=&#8221;{}&#8221;][et_pb_blurb title=&#8221;Michele Schmitt&#8221; image=&#8221;https:\/\/nobleclinics.org\/wp-content\/uploads\/2026\/04\/67-Michelle-Schmitt.jpg&#8221; admin_label=&#8221;Laura Waldvogel &#8221; _builder_version=&#8221;4.27.4&#8243; _module_preset=&#8221;default&#8221; animation=&#8221;off&#8221; link_option_url=&#8221;#open&#8221; locked=&#8221;off&#8221; global_colors_info=&#8221;{}&#8221;]<\/p>\n<p><span class=\"TextRun SCXW161741106 BCX0\" lang=\"EN-US\" xml:lang=\"EN-US\" data-contrast=\"none\"><span class=\"NormalTextRun SCXW161741106 BCX0\">Jefe de Transici\u00f3n<\/span><\/span><\/p>\n<p>[\/et_pb_blurb][\/et_pb_column][\/et_pb_row][et_pb_row column_structure=&#8221;1_4,1_4,1_4,1_4&#8243; _builder_version=&#8221;4.27.4&#8243; _module_preset=&#8221;default&#8221; global_colors_info=&#8221;{}&#8221;][et_pb_column type=&#8221;1_4&#8243; _builder_version=&#8221;4.27.4&#8243; _module_preset=&#8221;default&#8221; global_colors_info=&#8221;{}&#8221;][et_pb_blurb title=&#8221;Shelby Kuhn&#8221; image=&#8221;https:\/\/nobleclinics.org\/wp-content\/uploads\/2026\/04\/38-Shelby-Kuhn.jpg&#8221; admin_label=&#8221;Laura Waldvogel &#8221; _builder_version=&#8221;4.27.4&#8243; _module_preset=&#8221;default&#8221; animation=&#8221;off&#8221; link_option_url=&#8221;#open&#8221; locked=&#8221;off&#8221; global_colors_info=&#8221;{}&#8221;]<\/p>\n<p><span class=\"TextRun SCXW161741106 BCX0\" lang=\"EN-US\" xml:lang=\"EN-US\" data-contrast=\"none\"><span class=\"NormalTextRun SCXW161741106 BCX0\">Jefe de Integraci\u00f3n<\/span><\/span><\/p>\n<p>[\/et_pb_blurb][\/et_pb_column][et_pb_column type=&#8221;1_4&#8243; _builder_version=&#8221;4.27.4&#8243; _module_preset=&#8221;default&#8221; global_colors_info=&#8221;{}&#8221;][\/et_pb_column][et_pb_column type=&#8221;1_4&#8243; _builder_version=&#8221;4.27.4&#8243; _module_preset=&#8221;default&#8221; global_colors_info=&#8221;{}&#8221;][\/et_pb_column][et_pb_column type=&#8221;1_4&#8243; _builder_version=&#8221;4.27.4&#8243; _module_preset=&#8221;default&#8221; global_colors_info=&#8221;{}&#8221;][\/et_pb_column][\/et_pb_row][\/et_pb_section][et_pb_section fb_built=&#8221;1&#8243; module_class=&#8221;quick-links&#8221; _builder_version=&#8221;4.27.0&#8243; _module_preset=&#8221;default&#8221; locked=&#8221;off&#8221; global_colors_info=&#8221;{}&#8221;][et_pb_row column_structure=&#8221;1_2,1_2&#8243; _builder_version=&#8221;4.27.0&#8243; _module_preset=&#8221;default&#8221; global_colors_info=&#8221;{}&#8221;][et_pb_column type=&#8221;1_2&#8243; _builder_version=&#8221;4.27.0&#8243; _module_preset=&#8221;default&#8221; global_colors_info=&#8221;{}&#8221;][et_pb_blurb title=&#8221;Nuestros proveedores&#8221; image=&#8221;https:\/\/nobleclinics.org\/wp-content\/uploads\/2024\/10\/providers-2.svg&#8221; admin_label=&#8221;Providers&#8221; _builder_version=&#8221;4.27.0&#8243; _module_preset=&#8221;default&#8221; animation=&#8221;off&#8221; link_option_url=&#8221;https:\/\/nobleclinics.org\/es-la\/quienes-somos\/nuestros-proveedores\/&#8221; global_colors_info=&#8221;{}&#8221;][\/et_pb_blurb][\/et_pb_column][et_pb_column type=&#8221;1_2&#8243; _builder_version=&#8221;4.27.0&#8243; _module_preset=&#8221;default&#8221; global_colors_info=&#8221;{}&#8221;][et_pb_blurb title=&#8221;Consejo de Administraci\u00f3n  &#8221; image=&#8221;https:\/\/nobleclinics.org\/wp-content\/uploads\/2024\/10\/board-directors-2.svg&#8221; admin_label=&#8221;Board of Directors &#8221; _builder_version=&#8221;4.27.0&#8243; _module_preset=&#8221;default&#8221; animation=&#8221;off&#8221; link_option_url=&#8221;https:\/\/nobleclinics.org\/es-la\/quienes-somos\/consejo-de-administracion\/&#8221; global_colors_info=&#8221;{}&#8221;][\/et_pb_blurb][\/et_pb_column][\/et_pb_row][\/et_pb_section][et_pb_section fb_built=&#8221;1&#8243; admin_label=&#8221;Mini CTA&#8221; module_class=&#8221;bg-image-content right cta&#8221; _builder_version=&#8221;4.27.0&#8243; _module_preset=&#8221;default&#8221; background_image=&#8221;https:\/\/nobleclinics.org\/wp-content\/uploads\/2024\/11\/CTA-004-1728px.jpg&#8221; locked=&#8221;off&#8221; global_colors_info=&#8221;{}&#8221;][et_pb_row _builder_version=&#8221;4.27.0&#8243; _module_preset=&#8221;default&#8221; global_colors_info=&#8221;{}&#8221;][et_pb_column type=&#8221;4_4&#8243; _builder_version=&#8221;4.27.0&#8243; _module_preset=&#8221;default&#8221; global_colors_info=&#8221;{}&#8221;][et_pb_text admin_label=&#8221;Ready to Meet Your Care Team? &#8221; module_class=&#8221;title&#8221; _builder_version=&#8221;4.27.0&#8243; _module_preset=&#8221;default&#8221; global_colors_info=&#8221;{}&#8221;]<\/p>\n<h2><span class=\"TextRun SCXW183862410 BCX0\" lang=\"EN-US\" xml:lang=\"EN-US\" data-contrast=\"none\"><span class=\"NormalTextRun SCXW183862410 BCX0\">\u00bfListo para conocer a tu equipo asistencial?<\/span><\/span><span class=\"EOP SCXW183862410 BCX0\" data-ccp-props=\"{\"134233117\":false,\"134233118\":false,\"201341983\":0,\"335559738\":0,\"335559739\":0,\"335559740\":279}\"> <\/span><\/h2>\n<p>[\/et_pb_text][et_pb_text admin_label=&#8221;Text&#8221; module_class=&#8221;content&#8221; _builder_version=&#8221;4.27.0&#8243; _module_preset=&#8221;default&#8221; global_colors_info=&#8221;{}&#8221;]<\/p>\n<p>Descubre a los dedicados profesionales que hacen de Noble Community Clinics una opci\u00f3n de confianza para una atenci\u00f3n de calidad. Obt\u00e9n m\u00e1s informaci\u00f3n sobre nuestros proveedores y encuentra al experto adecuado para ayudarte en tu camino hacia la salud.<\/p>\n<p>[\/et_pb_text][\/et_pb_column][\/et_pb_row][et_pb_row column_structure=&#8221;1_2,1_2&#8243; _builder_version=&#8221;4.27.0&#8243; _module_preset=&#8221;default&#8221; global_colors_info=&#8221;{}&#8221;][et_pb_column type=&#8221;1_2&#8243; _builder_version=&#8221;4.27.0&#8243; _module_preset=&#8221;default&#8221; global_colors_info=&#8221;{}&#8221;][et_pb_button button_url=&#8221;https:\/\/nobleclinics.org\/es-la\/localizaciones\/&#8221; button_text=&#8221;Buscar un lugar  &#8221; admin_label=&#8221;Primary Button&#8221; module_class=&#8221;btn-primary&#8221; _builder_version=&#8221;4.27.0&#8243; _module_preset=&#8221;default&#8221; global_colors_info=&#8221;{}&#8221;][\/et_pb_button][\/et_pb_column][et_pb_column type=&#8221;1_2&#8243; _builder_version=&#8221;4.27.0&#8243; _module_preset=&#8221;default&#8221; global_colors_info=&#8221;{}&#8221;][et_pb_button button_url=&#8221;https:\/\/nobleclinics.org\/es-la\/hacer-una-cita\/&#8221; button_text=&#8221;Concertar una cita  &#8221; admin_label=&#8221;Secondary Button&#8221; module_class=&#8221;btn-secondary dark-text&#8221; _builder_version=&#8221;4.27.4&#8243; _module_preset=&#8221;default&#8221; global_colors_info=&#8221;{}&#8221;][\/et_pb_button][\/et_pb_column][\/et_pb_row][\/et_pb_section]<\/p>\n","protected":false},"excerpt":{"rendered":"<p>Liderar con visi\u00f3n e integridadConoce a los dedicados l\u00edderes que gu\u00edan a Noble Community Clinics con un compromiso con la excelencia y la salud de la comunidad. Nuestro equipo directivo y los miembros de nuestro consejo trabajan incansablemente para garantizar una asistencia accesible y de alta calidad para todos, impulsando nuestra misi\u00f3n cada d\u00eda.Equipo Ejecutivo Consejero DelegadoPresidentDirector FinancieroDirector de OperacionesJefe de Odontolog\u00edaM\u00e9dico JefeJefe de Salud MentalJefe de Transici\u00f3nJefe de Integraci\u00f3n\u00bfListo para conocer a tu equipo asistencial? Descubre a los dedicados profesionales que hacen de Noble Community Clinics una opci\u00f3n de confianza para una atenci\u00f3n de calidad. Obt\u00e9n m\u00e1s informaci\u00f3n sobre nuestros proveedores y encuentra al experto adecuado para ayudarte en tu camino hacia la salud.<\/p>\n","protected":false},"author":6,"featured_media":0,"parent":14502,"menu_order":0,"comment_status":"closed","ping_status":"closed","template":"","meta":{"_et_pb_use_builder":"on","_et_pb_old_content":"","_et_gb_content_width":"","inline_featured_image":false,"footnotes":""},"class_list":["post-14524","page","type-page","status-publish","hentry"],"yoast_head":"<!-- This site is optimized with the Yoast SEO plugin v24.5 - https:\/\/yoast.com\/wordpress\/plugins\/seo\/ -->\n<title>Conoce a Nuestro Equipo Ejecutivo | Noble Community Clinics<\/title>\n<meta name=\"description\" content=\"Explora el equipo ejecutivo de Noble Community Clinics dedicado a conectar a todas las personas con una asistencia sanitaria de calidad. Obt\u00e9n m\u00e1s informaci\u00f3n sobre nuestros l\u00edderes impulsados por su misi\u00f3n.\" \/>\n<meta name=\"robots\" content=\"index, follow, max-snippet:-1, max-image-preview:large, max-video-preview:-1\" \/>\n<link rel=\"canonical\" href=\"https:\/\/nobleclinics.org\/es-la\/quienes-somos\/equipo-ejecutivo\/\" \/>\n<meta property=\"og:locale\" content=\"es_ES\" \/>\n<meta property=\"og:type\" content=\"article\" \/>\n<meta property=\"og:title\" content=\"Conoce a Nuestro Equipo Ejecutivo | Noble Community Clinics\" \/>\n<meta property=\"og:description\" content=\"Explora el equipo ejecutivo de Noble Community Clinics dedicado a conectar a todas las personas con una asistencia sanitaria de calidad. Obt\u00e9n m\u00e1s informaci\u00f3n sobre nuestros l\u00edderes impulsados por su misi\u00f3n.\" \/>\n<meta property=\"og:url\" content=\"https:\/\/nobleclinics.org\/es-la\/quienes-somos\/equipo-ejecutivo\/\" \/>\n<meta property=\"og:site_name\" content=\"Noble Community Clinics | Dental, Medical &amp; Behavioral Health\" \/>\n<meta property=\"article:modified_time\" content=\"2026-04-01T20:59:54+00:00\" \/>\n<meta name=\"twitter:card\" content=\"summary_large_image\" \/>\n<meta name=\"twitter:label1\" content=\"Est. reading time\" \/>\n\t<meta name=\"twitter:data1\" content=\"6 minutes\" \/>\n<script type=\"application\/ld+json\" class=\"yoast-schema-graph\">{\"@context\":\"https:\/\/schema.org\",\"@graph\":[{\"@type\":\"WebPage\",\"@id\":\"https:\/\/nobleclinics.org\/es-la\/quienes-somos\/equipo-ejecutivo\/\",\"url\":\"https:\/\/nobleclinics.org\/es-la\/quienes-somos\/equipo-ejecutivo\/\",\"name\":\"Conoce a Nuestro Equipo Ejecutivo | Noble Community Clinics\",\"isPartOf\":{\"@id\":\"https:\/\/nobleclinics.org\/#website\"},\"datePublished\":\"2024-10-09T18:51:49+00:00\",\"dateModified\":\"2026-04-01T20:59:54+00:00\",\"description\":\"Explora el equipo ejecutivo de Noble Community Clinics dedicado a conectar a todas las personas con una asistencia sanitaria de calidad. Obt\u00e9n m\u00e1s informaci\u00f3n sobre nuestros l\u00edderes impulsados por su misi\u00f3n.\",\"breadcrumb\":{\"@id\":\"https:\/\/nobleclinics.org\/es-la\/quienes-somos\/equipo-ejecutivo\/#breadcrumb\"},\"inLanguage\":\"es-419\",\"potentialAction\":[{\"@type\":\"ReadAction\",\"target\":[\"https:\/\/nobleclinics.org\/es-la\/quienes-somos\/equipo-ejecutivo\/\"]}]},{\"@type\":\"BreadcrumbList\",\"@id\":\"https:\/\/nobleclinics.org\/es-la\/quienes-somos\/equipo-ejecutivo\/#breadcrumb\",\"itemListElement\":[{\"@type\":\"ListItem\",\"position\":1,\"name\":\"Home\",\"item\":\"https:\/\/nobleclinics.org\/es-la\/pagina-de-inicio\/\"},{\"@type\":\"ListItem\",\"position\":2,\"name\":\"Qui\u00e9nes somos\",\"item\":\"https:\/\/nobleclinics.org\/es-la\/quienes-somos\/\"},{\"@type\":\"ListItem\",\"position\":3,\"name\":\"Equipo Ejecutivo\"}]},{\"@type\":\"WebSite\",\"@id\":\"https:\/\/nobleclinics.org\/#website\",\"url\":\"https:\/\/nobleclinics.org\/\",\"name\":\"Noble Community Clinics | Dental, Medical &amp; Behavioral Health\",\"description\":\"\",\"potentialAction\":[{\"@type\":\"SearchAction\",\"target\":{\"@type\":\"EntryPoint\",\"urlTemplate\":\"https:\/\/nobleclinics.org\/?s={search_term_string}\"},\"query-input\":{\"@type\":\"PropertyValueSpecification\",\"valueRequired\":true,\"valueName\":\"search_term_string\"}}],\"inLanguage\":\"es-419\"}]}<\/script>\n<!-- \/ Yoast SEO plugin. -->","yoast_head_json":{"title":"Conoce a Nuestro Equipo Ejecutivo | Noble Community Clinics","description":"Explora el equipo ejecutivo de Noble Community Clinics dedicado a conectar a todas las personas con una asistencia sanitaria de calidad. Obt\u00e9n m\u00e1s informaci\u00f3n sobre nuestros l\u00edderes impulsados por su misi\u00f3n.","robots":{"index":"index","follow":"follow","max-snippet":"max-snippet:-1","max-image-preview":"max-image-preview:large","max-video-preview":"max-video-preview:-1"},"canonical":"https:\/\/nobleclinics.org\/es-la\/quienes-somos\/equipo-ejecutivo\/","og_locale":"es_ES","og_type":"article","og_title":"Conoce a Nuestro Equipo Ejecutivo | Noble Community Clinics","og_description":"Explora el equipo ejecutivo de Noble Community Clinics dedicado a conectar a todas las personas con una asistencia sanitaria de calidad. Obt\u00e9n m\u00e1s informaci\u00f3n sobre nuestros l\u00edderes impulsados por su misi\u00f3n.","og_url":"https:\/\/nobleclinics.org\/es-la\/quienes-somos\/equipo-ejecutivo\/","og_site_name":"Noble Community Clinics | Dental, Medical &amp; Behavioral Health","article_modified_time":"2026-04-01T20:59:54+00:00","twitter_card":"summary_large_image","twitter_misc":{"Est. reading time":"6 minutes"},"schema":{"@context":"https:\/\/schema.org","@graph":[{"@type":"WebPage","@id":"https:\/\/nobleclinics.org\/es-la\/quienes-somos\/equipo-ejecutivo\/","url":"https:\/\/nobleclinics.org\/es-la\/quienes-somos\/equipo-ejecutivo\/","name":"Conoce a Nuestro Equipo Ejecutivo | Noble Community Clinics","isPartOf":{"@id":"https:\/\/nobleclinics.org\/#website"},"datePublished":"2024-10-09T18:51:49+00:00","dateModified":"2026-04-01T20:59:54+00:00","description":"Explora el equipo ejecutivo de Noble Community Clinics dedicado a conectar a todas las personas con una asistencia sanitaria de calidad. Obt\u00e9n m\u00e1s informaci\u00f3n sobre nuestros l\u00edderes impulsados por su misi\u00f3n.","breadcrumb":{"@id":"https:\/\/nobleclinics.org\/es-la\/quienes-somos\/equipo-ejecutivo\/#breadcrumb"},"inLanguage":"es-419","potentialAction":[{"@type":"ReadAction","target":["https:\/\/nobleclinics.org\/es-la\/quienes-somos\/equipo-ejecutivo\/"]}]},{"@type":"BreadcrumbList","@id":"https:\/\/nobleclinics.org\/es-la\/quienes-somos\/equipo-ejecutivo\/#breadcrumb","itemListElement":[{"@type":"ListItem","position":1,"name":"Home","item":"https:\/\/nobleclinics.org\/es-la\/pagina-de-inicio\/"},{"@type":"ListItem","position":2,"name":"Qui\u00e9nes somos","item":"https:\/\/nobleclinics.org\/es-la\/quienes-somos\/"},{"@type":"ListItem","position":3,"name":"Equipo Ejecutivo"}]},{"@type":"WebSite","@id":"https:\/\/nobleclinics.org\/#website","url":"https:\/\/nobleclinics.org\/","name":"Noble Community Clinics | Dental, Medical &amp; Behavioral Health","description":"","potentialAction":[{"@type":"SearchAction","target":{"@type":"EntryPoint","urlTemplate":"https:\/\/nobleclinics.org\/?s={search_term_string}"},"query-input":{"@type":"PropertyValueSpecification","valueRequired":true,"valueName":"search_term_string"}}],"inLanguage":"es-419"}]}},"_links":{"self":[{"href":"https:\/\/nobleclinics.org\/es-la\/wp-json\/wp\/v2\/pages\/14524","targetHints":{"allow":["GET"]}}],"collection":[{"href":"https:\/\/nobleclinics.org\/es-la\/wp-json\/wp\/v2\/pages"}],"about":[{"href":"https:\/\/nobleclinics.org\/es-la\/wp-json\/wp\/v2\/types\/page"}],"author":[{"embeddable":true,"href":"https:\/\/nobleclinics.org\/es-la\/wp-json\/wp\/v2\/users\/6"}],"replies":[{"embeddable":true,"href":"https:\/\/nobleclinics.org\/es-la\/wp-json\/wp\/v2\/comments?post=14524"}],"version-history":[{"count":0,"href":"https:\/\/nobleclinics.org\/es-la\/wp-json\/wp\/v2\/pages\/14524\/revisions"}],"up":[{"embeddable":true,"href":"https:\/\/nobleclinics.org\/es-la\/wp-json\/wp\/v2\/pages\/14502"}],"wp:attachment":[{"href":"https:\/\/nobleclinics.org\/es-la\/wp-json\/wp\/v2\/media?parent=14524"}],"curies":[{"name":"wp","href":"https:\/\/api.w.org\/{rel}","templated":true}]}}