{"id":14531,"date":"2024-10-25T13:31:26","date_gmt":"2024-10-25T13:31:26","guid":{"rendered":"https:\/\/nobleclinics.org\/participacion-de-la-comunidad\/programa-de-cumplimiento\/"},"modified":"2025-11-07T22:40:00","modified_gmt":"2025-11-07T22:40:00","slug":"programa-de-cumplimiento","status":"publish","type":"page","link":"https:\/\/nobleclinics.org\/es-la\/participacion-de-la-comunidad\/programa-de-cumplimiento\/","title":{"rendered":"Programa de cumplimiento"},"content":{"rendered":"<p>[et_pb_section fb_built=&#8221;1&#8243; custom_padding_last_edited=&#8221;on|desktop&#8221; _builder_version=&#8221;4.27.4&#8243; _module_preset=&#8221;default&#8221; use_background_color_gradient=&#8221;on&#8221; background_color_gradient_stops=&#8221;rgba(0,0,0,0.4) 0%|rgba(0,0,0,0.4) 100%&#8221; background_color_gradient_overlays_image=&#8221;on&#8221; background_image=&#8221;https:\/\/nobleclinics.org\/wp-content\/uploads\/2024\/11\/compliance-page-hero.jpg&#8221; background_position=&#8221;top_center&#8221; custom_margin=&#8221;||||false|false&#8221; custom_padding=&#8221;223px||186px||false|false&#8221; custom_padding_tablet=&#8221;121px||101px||false|false&#8221; custom_padding_phone=&#8221;121px||101px||false|false&#8221; locked=&#8221;off&#8221; global_colors_info=&#8221;{}&#8221; custom_css_main_element_last_edited=&#8221;on|phone&#8221; custom_css_main_element_phone=&#8221;background: linear-gradient(180deg, rgba(0, 0, 0, 0.4) 0%, rgba(0, 0, 0, 0.4) 100%), url(\/wp-content\/uploads\/2024\/11\/compliance-page-hero.jpg) !important;||    background-size: cover !important;||    background-position-x: -35em !important;&#8221;][et_pb_row column_structure=&#8221;1_5,3_5,1_5&#8243; _builder_version=&#8221;4.27.0&#8243; _module_preset=&#8221;default&#8221; global_colors_info=&#8221;{}&#8221;][et_pb_column type=&#8221;1_5&#8243; _builder_version=&#8221;4.27.0&#8243; _module_preset=&#8221;default&#8221; global_colors_info=&#8221;{}&#8221;][\/et_pb_column][et_pb_column type=&#8221;3_5&#8243; _builder_version=&#8221;4.27.0&#8243; _module_preset=&#8221;default&#8221; global_colors_info=&#8221;{}&#8221;][et_pb_text _builder_version=&#8221;4.27.0&#8243; _module_preset=&#8221;default&#8221; header_text_align=&#8221;center&#8221; header_text_color=&#8221;#FFFFFF&#8221; header_2_text_align=&#8221;center&#8221; header_2_text_color=&#8221;#FFFFFF&#8221; custom_margin=&#8221;||11px|||&#8221; global_colors_info=&#8221;{}&#8221;]<\/p>\n<h1>Programa de cumplimiento<\/h1>\n<p>[\/et_pb_text][et_pb_text _builder_version=&#8221;4.27.0&#8243; _module_preset=&#8221;default&#8221; text_text_color=&#8221;#FFFFFF&#8221; text_font_size=&#8221;16px&#8221; text_line_height=&#8221;1.9em&#8221; text_orientation=&#8221;center&#8221; global_colors_info=&#8221;{}&#8221;]<\/p>\n<p>El Programa de Cumplimiento de Noble Community Clinics fomenta las normas \u00e9ticas, el cumplimiento de la ley y la seguridad mediante pol\u00edticas claras, formaci\u00f3n del personal y un sistema abierto y confidencial de notificaci\u00f3n de preocupaciones. El programa garantiza la responsabilidad y protege al personal y a los pacientes de represalias. <\/p>\n<p>[\/et_pb_text][\/et_pb_column][et_pb_column type=&#8221;1_5&#8243; _builder_version=&#8221;4.27.0&#8243; _module_preset=&#8221;default&#8221; global_colors_info=&#8221;{}&#8221;][\/et_pb_column][\/et_pb_row][\/et_pb_section][et_pb_section fb_built=&#8221;1&#8243; admin_label=&#8221;Volunteer Form&#8221; module_class=&#8221;contact&#8221; _builder_version=&#8221;4.27.0&#8243; _module_preset=&#8221;default&#8221; custom_margin=&#8221;||8em||false|false&#8221; global_colors_info=&#8221;{}&#8221;][et_pb_row _builder_version=&#8221;4.27.0&#8243; _module_preset=&#8221;default&#8221; global_colors_info=&#8221;{}&#8221;][et_pb_column type=&#8221;4_4&#8243; _builder_version=&#8221;4.27.0&#8243; _module_preset=&#8221;default&#8221; global_colors_info=&#8221;{}&#8221;][et_pb_text _builder_version=&#8221;4.27.4&#8243; _module_preset=&#8221;default&#8221; global_colors_info=&#8221;{}&#8221;]El Programa de Cumplimiento de Noble Community Clinics est\u00e1 impulsado por su misi\u00f3n principal de proporcionar servicios sanitarios y educaci\u00f3n sanitaria de calidad y promover el bienestar. En Noble Community Clinics buscamos: <\/p>\n<ul>\n<li>Mantener y mejorar la calidad de la asistencia;<\/li>\n<li>Demostrar esfuerzos sinceros y continuos para cumplir todas las leyes aplicables;<\/li>\n<li>Revisa y aclara las pol\u00edticas y procedimientos para mejorar el cumplimiento;<\/li>\n<li>Mejorar la comunicaci\u00f3n con las entidades gubernamentales respecto a las actividades de cumplimiento;<\/li>\n<li>Capacitar a todas las partes responsables para prevenir, detectar, responder, informar y resolver las conductas que no se ajusten a las leyes y reglamentos aplicables, as\u00ed como al c\u00f3digo de conducta y al c\u00f3digo \u00e9tico de Noble Community Clinics;<\/li>\n<li>Establece mecanismos para que los empleados planteen preguntas e inquietudes sobre cuestiones de cumplimiento.\n<ul>\n<li><strong>Objetivos del Programa de Cumplimiento: <\/strong>El objetivo del Programa de Cumplimiento es garantizar que el personal de Noble Community Clinics mantiene el cumplimiento de todas las leyes y reglamentos aplicables. Las principales caracter\u00edsticas del programa de cumplimiento incluyen: <\/li>\n<li>Mantener pol\u00edticas de Cumplimiento escritas y documentaci\u00f3n de apoyo dise\u00f1adas para promover la integridad empresarial y el comportamiento conforme entre el personal de Noble Community Clinics y otras personas que realicen trabajos en nombre de Noble Community Clinics, incluidos trabajadores temporales, consultores y contratistas;<\/li>\n<li>Asignar la responsabilidad operativa diaria del Programa de Cumplimiento al Responsable de Cumplimiento, que depende del Director General;<\/li>\n<li>Comunicar a todo el personal los requisitos del Programa de Cumplimiento de Noble Community Clinics;<\/li>\n<li>Proporcionar formaci\u00f3n y educaci\u00f3n continuas a todos los empleados en todos los aspectos del Cumplimiento;<\/li>\n<li>Mantener y promover el Proceso de Cumplimiento de Noble Community Clinics, a trav\u00e9s del cual cualquier persona, interna o externa a Noble Community Clinics, puede denunciar de forma an\u00f3nima conductas indebidas y problemas de seguridad sin temor a represalias;<\/li>\n<li>Llevar a cabo investigaciones oportunas y adecuadas de las preocupaciones comunicadas sobre infracciones de cumplimiento y problemas de seguridad; y<\/li>\n<li>Responder adecuadamente a cualquier violaci\u00f3n del cumplimiento que se detecte, y tomar las medidas adecuadas para evitar que se repita:\n<ul>\n<li><strong><em>Hacer lo correcto por las razones correctas es la \u00fanica forma de ganarse y mantener la confianza del p\u00fablico y de los pacientes a los que servimos.<\/em><\/strong><\/li>\n<li><strong>Personal que Informa de Problemas de Cumplimiento\/Seguridad: <\/strong>Si eres empleado de Noble Community Clinics y tienes conocimiento de una presunta infracci\u00f3n de cualquier pol\u00edtica, reglamento o ley, comun\u00edcalo inmediatamente a tu supervisor o jefe de departamento. Si no te sientes c\u00f3modo poni\u00e9ndote en contacto con los representantes de tu departamento, ponte en contacto con el Responsable de Cumplimiento. Los nombres, fechas, horas, lugares y hechos espec\u00edficos del asunto permitir\u00e1n una investigaci\u00f3n completa de los mismos. Se investigar\u00e1n todas las denuncias.   <\/li>\n<li><strong>Pacientes y\/o Familiares que Informan de Problemas de Cumplimiento\/Seguridad: <\/strong>Si eres paciente y\/o familiar de Noble Community Clinics y tienes conocimiento de una presunta infracci\u00f3n de alguna pol\u00edtica, norma o ley, o de un problema de seguridad, comun\u00edcalo a tu proveedor o dir\u00edgete a recepci\u00f3n y pide hablar con el Responsable de Cumplimiento. Los nombres, fechas, horas, lugares y hechos espec\u00edficos del asunto permitir\u00e1n una investigaci\u00f3n completa de los problemas. Se investigar\u00e1n todos los informes.  <\/li>\n<li><strong>Confidencialidad del Programa de Cumplimiento: Noble Community Clinics<\/strong> desea crear un entorno seguro en el que los empleados, pacientes y\/o familiares no tengan miedo de informar sobre presuntas actividades delictivas, conductas ilegales o poco \u00e9ticas, preocupaciones relacionadas con la seguridad que se produzcan dentro de la organizaci\u00f3n. Noble Community Clinics tambi\u00e9n reconoce que las personas pueden estar preocupadas por la confidencialidad de la informaci\u00f3n que comparten. En la medida de lo posible o permitido por la ley, Noble Community Clinics se esforzar\u00e1 siempre por preservar la confidencialidad.  <\/li>\n<li><strong>Pol\u00edtica de no represalias: <\/strong>No se tomar\u00e1n medidas retributivas o de represalia contra ning\u00fan empleado, paciente y\/o familiar por informar de presuntas actividades delictivas, conductas ilegales o poco \u00e9ticas, o preocupaciones relacionadas con la seguridad que se produzcan dentro de la organizaci\u00f3n.<\/li>\n<li><strong>Resoluci\u00f3n de Cuestiones: <\/strong>El Responsable de Cumplimiento de Noble Community Clinics resolver\u00e1 cualquier asunto iniciando las investigaciones que se consideren necesarias, remitiendo las quejas, dando una respuesta al denunciante o realizando cualquier otra acci\u00f3n que se considere necesaria. Se omitir\u00e1n todos los identificadores espec\u00edficos para mantener la confidencialidad de las personas que llamen. Para presentar una denuncia, rellena un formulario de denuncia y env\u00edalo al Responsable de Cumplimiento. Para m\u00e1s informaci\u00f3n sobre nuestro Programa de Cumplimiento, ponte en contacto con nuestro Responsable de Cumplimiento en <g id=\"gid_1\">compliance@nobleclinics.org.<\/g> Para ver la declaraci\u00f3n de Derechos y Responsabilidad del Paciente de Noble Community Clinics, consulta m\u00e1s abajo.    <\/li>\n<\/ul>\n<\/li>\n<\/ul>\n<\/li>\n<\/ul>\n<p>[\/et_pb_text][dsm_icon_list list_space_between=&#8221;11px&#8221; _builder_version=&#8221;4.27.4&#8243; _module_preset=&#8221;default&#8221; text_font=&#8221;|700|||||||&#8221; background_color=&#8221;#f2f2f2&#8243; custom_padding=&#8221;30px|30px|30px|30px|false|false&#8221; hover_enabled=&#8221;0&#8243; custom_css_free_form=&#8221;.dsm_icon_list_child_0.dsm_icon_list_child .dsm_icon_list_wrapper>.dsm_icon_list_icon, .dsm_icon_list_child_1.dsm_icon_list_child .dsm_icon_list_wrapper>.dsm_icon_list_icon {||    color: #000;||}&#8221; border_radii=&#8221;on|10px|10px|10px|10px&#8221; global_colors_info=&#8221;{}&#8221; sticky_enabled=&#8221;0&#8243;][dsm_icon_list_child text=&#8221;Declaraci\u00f3n de derechos del paciente (PDF)&#8221; font_icon=&#8221;&#xf358;||fa||900&#8243; icon_color=&#8221;#000000&#8243; url=&#8221;https:\/\/nobleclinics.org\/wp-content\/uploads\/2024\/12\/Pt-Bill-of-Rights-English.pdf&#8221; url_new_window=&#8221;on&#8221; _builder_version=&#8221;4.27.4&#8243; _module_preset=&#8221;default&#8221; text_text_color=&#8221;#000000&#8243; global_colors_info=&#8221;{}&#8221;][\/dsm_icon_list_child][dsm_icon_list_child text=&#8221;Tus Derechos Como Paciente (PDF)&#8221; font_icon=&#8221;&#xf358;||fa||900&#8243; icon_color=&#8221;#000000&#8243; url=&#8221;https:\/\/nobleclinics.org\/wp-content\/uploads\/2024\/12\/Pt-Bill-of-Rights-Spanish.pdf&#8221; url_new_window=&#8221;on&#8221; _builder_version=&#8221;4.27.4&#8243; _module_preset=&#8221;default&#8221; text_text_color=&#8221;#000000&#8243; global_colors_info=&#8221;{}&#8221;][\/dsm_icon_list_child][\/dsm_icon_list][et_pb_text _builder_version=&#8221;4.27.4&#8243; _module_preset=&#8221;default&#8221; global_colors_info=&#8221;{}&#8221;]<\/p>\n<h5><strong>Descargo de responsabilidad<\/strong><\/h5>\n<p>Al presentar una queja a Noble Community Clinics, puedes facilitar tu nombre e informaci\u00f3n de contacto o presentar tu queja de forma an\u00f3nima. Facilitar tu nombre e informaci\u00f3n de contacto permite a NCC informarte sobre las medidas adoptadas en respuesta a tu queja, y tambi\u00e9n ponerse en contacto contigo en caso de necesitar informaci\u00f3n adicional. Nuestra pol\u00edtica es tratar tu nombre como informaci\u00f3n confidencial y no revelarlo a terceros. Sin embargo, puede ser necesario compartirlo en el curso de la investigaci\u00f3n de una queja. La pol\u00edtica de NCC proh\u00edbe las represalias contra los empleados que hayan denunciado problemas de calidad asistencial.    <\/p>\n<div class=\"w-separator size_medium\"><\/div>\n<div class=\"wpb_text_column\">\n<div class=\"wpb_wrapper\">\n<h5><strong>Formulario de conformidad<\/strong><\/h5>\n<p>Por favor, incluye lo siguiente cuando env\u00edes un correo electr\u00f3nico <a href=\"mailto:compliance@nobleclinics.org\" style=\"color: #0D7BC5;\">a compliance@nobleclinics.org:<\/a> <\/p>\n<ul>\n<li>Nombre (puedes facilitar tu nombre e informaci\u00f3n de contacto o presentar tu queja de forma an\u00f3nima)<\/li>\n<li>Direcci\u00f3n<\/li>\n<li>Qui\u00e9n eres (Paciente, Empleado, Familiar u otra persona importante de un Paciente, Mant\u00e9n el anonimato)<\/li>\n<li>Fecha del incidente<\/li>\n<li>Narraci\u00f3n del incidente (Proporciona una breve descripci\u00f3n de tu queja)<\/li>\n<li>Si se nos permite ponernos en contacto contigo si necesitamos m\u00e1s informaci\u00f3n relacionada con el incidente<\/li>\n<\/ul>\n<\/div>\n<\/div>\n<p>[\/et_pb_text][\/et_pb_column][\/et_pb_row][\/et_pb_section]<\/p>\n","protected":false},"excerpt":{"rendered":"<p>Programa de cumplimientoEl Programa de Cumplimiento de Noble Community Clinics fomenta las normas \u00e9ticas, el cumplimiento de la ley y la seguridad mediante pol\u00edticas claras, formaci\u00f3n del personal y un sistema abierto y confidencial de notificaci\u00f3n de preocupaciones. El programa garantiza la responsabilidad y protege al personal y a los pacientes de represalias. El Programa de Cumplimiento de Noble Community Clinics est\u00e1 impulsado por su misi\u00f3n principal de proporcionar servicios sanitarios y educaci\u00f3n sanitaria de calidad y promover el bienestar. En Noble Community Clinics buscamos: Mantener y mejorar la calidad de la asistencia; Demostrar esfuerzos sinceros y continuos para cumplir todas las leyes aplicables; Revisa y aclara las pol\u00edticas y procedimientos para mejorar el cumplimiento; Mejorar la comunicaci\u00f3n con las entidades gubernamentales respecto a las actividades de cumplimiento; Capacitar a todas las partes responsables para prevenir, detectar, responder, informar y resolver las conductas que no se ajusten a las leyes y reglamentos aplicables, as\u00ed como al c\u00f3digo de conducta y al c\u00f3digo \u00e9tico de Noble Community Clinics; Establece mecanismos para que los empleados planteen preguntas e inquietudes sobre cuestiones de cumplimiento. Objetivos del Programa de Cumplimiento: El objetivo del Programa de Cumplimiento es garantizar que el personal de Noble Community [&hellip;]<\/p>\n","protected":false},"author":7,"featured_media":0,"parent":14530,"menu_order":0,"comment_status":"closed","ping_status":"closed","template":"","meta":{"_et_pb_use_builder":"on","_et_pb_old_content":"","_et_gb_content_width":"","inline_featured_image":false,"footnotes":""},"class_list":["post-14531","page","type-page","status-publish","hentry"],"yoast_head":"<!-- This site is optimized with the Yoast SEO plugin v24.5 - https:\/\/yoast.com\/wordpress\/plugins\/seo\/ -->\n<title>Programa de Cumplimiento | Cl\u00ednica Comunitaria Noble<\/title>\n<meta name=\"description\" content=\"Explora nuestra p\u00e1gina de cumplimiento para conocer nuestro compromiso con las normas reglamentarias y las pr\u00e1cticas \u00e9ticas. Descubre c\u00f3mo mantenemos la integridad y la confianza en todas nuestras operaciones.\" \/>\n<meta name=\"robots\" content=\"index, follow, max-snippet:-1, max-image-preview:large, max-video-preview:-1\" \/>\n<link rel=\"canonical\" href=\"https:\/\/nobleclinics.org\/es-la\/participacion-de-la-comunidad\/programa-de-cumplimiento\/\" \/>\n<meta property=\"og:locale\" content=\"es_ES\" \/>\n<meta property=\"og:type\" content=\"article\" \/>\n<meta property=\"og:title\" content=\"Programa de Cumplimiento | Cl\u00ednica Comunitaria Noble\" \/>\n<meta property=\"og:description\" content=\"Explora nuestra p\u00e1gina de cumplimiento para conocer nuestro compromiso con las normas reglamentarias y las pr\u00e1cticas \u00e9ticas. Descubre c\u00f3mo mantenemos la integridad y la confianza en todas nuestras operaciones.\" \/>\n<meta property=\"og:url\" content=\"https:\/\/nobleclinics.org\/es-la\/participacion-de-la-comunidad\/programa-de-cumplimiento\/\" \/>\n<meta property=\"og:site_name\" content=\"Noble Community Clinics | Dental, Medical &amp; Behavioral Health\" \/>\n<meta property=\"article:modified_time\" content=\"2025-11-07T22:40:00+00:00\" \/>\n<meta name=\"twitter:card\" content=\"summary_large_image\" \/>\n<meta name=\"twitter:label1\" content=\"Est. reading time\" \/>\n\t<meta name=\"twitter:data1\" content=\"8 minutes\" \/>\n<script type=\"application\/ld+json\" class=\"yoast-schema-graph\">{\"@context\":\"https:\/\/schema.org\",\"@graph\":[{\"@type\":\"WebPage\",\"@id\":\"https:\/\/nobleclinics.org\/es-la\/participacion-de-la-comunidad\/programa-de-cumplimiento\/\",\"url\":\"https:\/\/nobleclinics.org\/es-la\/participacion-de-la-comunidad\/programa-de-cumplimiento\/\",\"name\":\"Programa de Cumplimiento | Cl\u00ednica Comunitaria Noble\",\"isPartOf\":{\"@id\":\"https:\/\/nobleclinics.org\/#website\"},\"datePublished\":\"2024-10-25T13:31:26+00:00\",\"dateModified\":\"2025-11-07T22:40:00+00:00\",\"description\":\"Explora nuestra p\u00e1gina de cumplimiento para conocer nuestro compromiso con las normas reglamentarias y las pr\u00e1cticas \u00e9ticas. Descubre c\u00f3mo mantenemos la integridad y la confianza en todas nuestras operaciones.\",\"breadcrumb\":{\"@id\":\"https:\/\/nobleclinics.org\/es-la\/participacion-de-la-comunidad\/programa-de-cumplimiento\/#breadcrumb\"},\"inLanguage\":\"es-419\",\"potentialAction\":[{\"@type\":\"ReadAction\",\"target\":[\"https:\/\/nobleclinics.org\/es-la\/participacion-de-la-comunidad\/programa-de-cumplimiento\/\"]}]},{\"@type\":\"BreadcrumbList\",\"@id\":\"https:\/\/nobleclinics.org\/es-la\/participacion-de-la-comunidad\/programa-de-cumplimiento\/#breadcrumb\",\"itemListElement\":[{\"@type\":\"ListItem\",\"position\":1,\"name\":\"Home\",\"item\":\"https:\/\/nobleclinics.org\/es-la\/pagina-de-inicio\/\"},{\"@type\":\"ListItem\",\"position\":2,\"name\":\"Participaci\u00f3n de la Comunidad\",\"item\":\"https:\/\/nobleclinics.org\/es-la\/participacion-de-la-comunidad\/\"},{\"@type\":\"ListItem\",\"position\":3,\"name\":\"Programa de cumplimiento\"}]},{\"@type\":\"WebSite\",\"@id\":\"https:\/\/nobleclinics.org\/#website\",\"url\":\"https:\/\/nobleclinics.org\/\",\"name\":\"Noble Community Clinics | Dental, Medical &amp; Behavioral Health\",\"description\":\"\",\"potentialAction\":[{\"@type\":\"SearchAction\",\"target\":{\"@type\":\"EntryPoint\",\"urlTemplate\":\"https:\/\/nobleclinics.org\/?s={search_term_string}\"},\"query-input\":{\"@type\":\"PropertyValueSpecification\",\"valueRequired\":true,\"valueName\":\"search_term_string\"}}],\"inLanguage\":\"es-419\"}]}<\/script>\n<!-- \/ Yoast SEO plugin. -->","yoast_head_json":{"title":"Programa de Cumplimiento | Cl\u00ednica Comunitaria Noble","description":"Explora nuestra p\u00e1gina de cumplimiento para conocer nuestro compromiso con las normas reglamentarias y las pr\u00e1cticas \u00e9ticas. Descubre c\u00f3mo mantenemos la integridad y la confianza en todas nuestras operaciones.","robots":{"index":"index","follow":"follow","max-snippet":"max-snippet:-1","max-image-preview":"max-image-preview:large","max-video-preview":"max-video-preview:-1"},"canonical":"https:\/\/nobleclinics.org\/es-la\/participacion-de-la-comunidad\/programa-de-cumplimiento\/","og_locale":"es_ES","og_type":"article","og_title":"Programa de Cumplimiento | Cl\u00ednica Comunitaria Noble","og_description":"Explora nuestra p\u00e1gina de cumplimiento para conocer nuestro compromiso con las normas reglamentarias y las pr\u00e1cticas \u00e9ticas. Descubre c\u00f3mo mantenemos la integridad y la confianza en todas nuestras operaciones.","og_url":"https:\/\/nobleclinics.org\/es-la\/participacion-de-la-comunidad\/programa-de-cumplimiento\/","og_site_name":"Noble Community Clinics | Dental, Medical &amp; Behavioral Health","article_modified_time":"2025-11-07T22:40:00+00:00","twitter_card":"summary_large_image","twitter_misc":{"Est. reading time":"8 minutes"},"schema":{"@context":"https:\/\/schema.org","@graph":[{"@type":"WebPage","@id":"https:\/\/nobleclinics.org\/es-la\/participacion-de-la-comunidad\/programa-de-cumplimiento\/","url":"https:\/\/nobleclinics.org\/es-la\/participacion-de-la-comunidad\/programa-de-cumplimiento\/","name":"Programa de Cumplimiento | Cl\u00ednica Comunitaria Noble","isPartOf":{"@id":"https:\/\/nobleclinics.org\/#website"},"datePublished":"2024-10-25T13:31:26+00:00","dateModified":"2025-11-07T22:40:00+00:00","description":"Explora nuestra p\u00e1gina de cumplimiento para conocer nuestro compromiso con las normas reglamentarias y las pr\u00e1cticas \u00e9ticas. Descubre c\u00f3mo mantenemos la integridad y la confianza en todas nuestras operaciones.","breadcrumb":{"@id":"https:\/\/nobleclinics.org\/es-la\/participacion-de-la-comunidad\/programa-de-cumplimiento\/#breadcrumb"},"inLanguage":"es-419","potentialAction":[{"@type":"ReadAction","target":["https:\/\/nobleclinics.org\/es-la\/participacion-de-la-comunidad\/programa-de-cumplimiento\/"]}]},{"@type":"BreadcrumbList","@id":"https:\/\/nobleclinics.org\/es-la\/participacion-de-la-comunidad\/programa-de-cumplimiento\/#breadcrumb","itemListElement":[{"@type":"ListItem","position":1,"name":"Home","item":"https:\/\/nobleclinics.org\/es-la\/pagina-de-inicio\/"},{"@type":"ListItem","position":2,"name":"Participaci\u00f3n de la Comunidad","item":"https:\/\/nobleclinics.org\/es-la\/participacion-de-la-comunidad\/"},{"@type":"ListItem","position":3,"name":"Programa de cumplimiento"}]},{"@type":"WebSite","@id":"https:\/\/nobleclinics.org\/#website","url":"https:\/\/nobleclinics.org\/","name":"Noble Community Clinics | Dental, Medical &amp; Behavioral Health","description":"","potentialAction":[{"@type":"SearchAction","target":{"@type":"EntryPoint","urlTemplate":"https:\/\/nobleclinics.org\/?s={search_term_string}"},"query-input":{"@type":"PropertyValueSpecification","valueRequired":true,"valueName":"search_term_string"}}],"inLanguage":"es-419"}]}},"_links":{"self":[{"href":"https:\/\/nobleclinics.org\/es-la\/wp-json\/wp\/v2\/pages\/14531","targetHints":{"allow":["GET"]}}],"collection":[{"href":"https:\/\/nobleclinics.org\/es-la\/wp-json\/wp\/v2\/pages"}],"about":[{"href":"https:\/\/nobleclinics.org\/es-la\/wp-json\/wp\/v2\/types\/page"}],"author":[{"embeddable":true,"href":"https:\/\/nobleclinics.org\/es-la\/wp-json\/wp\/v2\/users\/7"}],"replies":[{"embeddable":true,"href":"https:\/\/nobleclinics.org\/es-la\/wp-json\/wp\/v2\/comments?post=14531"}],"version-history":[{"count":0,"href":"https:\/\/nobleclinics.org\/es-la\/wp-json\/wp\/v2\/pages\/14531\/revisions"}],"up":[{"embeddable":true,"href":"https:\/\/nobleclinics.org\/es-la\/wp-json\/wp\/v2\/pages\/14530"}],"wp:attachment":[{"href":"https:\/\/nobleclinics.org\/es-la\/wp-json\/wp\/v2\/media?parent=14531"}],"curies":[{"name":"wp","href":"https:\/\/api.w.org\/{rel}","templated":true}]}}