{"id":14533,"date":"2024-10-25T13:52:08","date_gmt":"2024-10-25T13:52:08","guid":{"rendered":"https:\/\/nobleclinics.org\/avisos-de-la-hipaa\/"},"modified":"2025-11-12T22:11:02","modified_gmt":"2025-11-12T22:11:02","slug":"avisos-de-la-hipaa","status":"publish","type":"page","link":"https:\/\/nobleclinics.org\/es-la\/avisos-de-la-hipaa\/","title":{"rendered":"Avisos de la HIPAA"},"content":{"rendered":"<p>[et_pb_section fb_built=&#8221;1&#8243; custom_padding_last_edited=&#8221;on|desktop&#8221; _builder_version=&#8221;4.27.4&#8243; _module_preset=&#8221;default&#8221; use_background_color_gradient=&#8221;on&#8221; background_color_gradient_stops=&#8221;rgba(0,0,0,0.4) 0%|rgba(0,0,0,0.4) 100%&#8221; background_color_gradient_overlays_image=&#8221;on&#8221; background_image=&#8221;https:\/\/nobleclinics.org\/wp-content\/uploads\/2025\/11\/IMG_2347.00_02_54_21.Still003-e1762978558397.jpg&#8221; background_position=&#8221;top_center&#8221; custom_margin=&#8221;||||false|false&#8221; custom_padding=&#8221;223px||186px||false|false&#8221; custom_padding_tablet=&#8221;121px||101px||false|false&#8221; custom_padding_phone=&#8221;121px||101px||false|false&#8221; hover_enabled=&#8221;0&#8243; locked=&#8221;off&#8221; global_colors_info=&#8221;{}&#8221; custom_css_main_element_last_edited=&#8221;on|phone&#8221; custom_css_main_element_phone=&#8221;background: linear-gradient(180deg, rgba(0, 0, 0, 0.4) 0%, rgba(0, 0, 0, 0.4) 100%), url(\/wp-content\/uploads\/2024\/11\/HIPAA-page-hero.jpg) !important;||    background-position-x: -22em !important;&#8221; title_text=&#8221;IMG_2347.00_02_54_21.Still003&#8243; sticky_enabled=&#8221;0&#8243;][et_pb_row _builder_version=&#8221;4.27.0&#8243; _module_preset=&#8221;default&#8221; hover_enabled=&#8221;0&#8243; global_colors_info=&#8221;{}&#8221; sticky_enabled=&#8221;0&#8243;][et_pb_column type=&#8221;4_4&#8243; _builder_version=&#8221;4.27.0&#8243; _module_preset=&#8221;default&#8221; global_colors_info=&#8221;{}&#8221;][et_pb_text _builder_version=&#8221;4.27.4&#8243; _module_preset=&#8221;default&#8221; header_text_align=&#8221;center&#8221; header_text_color=&#8221;#FFFFFF&#8221; header_2_text_align=&#8221;center&#8221; header_2_text_color=&#8221;#FFFFFF&#8221; custom_margin=&#8221;||11px|||&#8221; hover_enabled=&#8221;0&#8243; global_colors_info=&#8221;{}&#8221; sticky_enabled=&#8221;0&#8243;]<\/p>\n<h1 style=\"text-align: right;\">Noble Community Clinics <br \/>Avisos HIPAA de Pr\u00e1cticas de Privacidad<\/h1>\n<p>[\/et_pb_text][\/et_pb_column][\/et_pb_row][\/et_pb_section][et_pb_section fb_built=&#8221;1&#8243; admin_label=&#8221;Volunteer Form&#8221; module_class=&#8221;contact&#8221; _builder_version=&#8221;4.27.0&#8243; _module_preset=&#8221;default&#8221; custom_margin=&#8221;||8em||false|false&#8221; global_colors_info=&#8221;{}&#8221;][et_pb_row _builder_version=&#8221;4.27.0&#8243; _module_preset=&#8221;default&#8221; global_colors_info=&#8221;{}&#8221;][et_pb_column type=&#8221;4_4&#8243; _builder_version=&#8221;4.27.0&#8243; _module_preset=&#8221;default&#8221; global_colors_info=&#8221;{}&#8221;][dsm_icon_list list_space_between=&#8221;11px&#8221; _builder_version=&#8221;4.27.4&#8243; _module_preset=&#8221;default&#8221; text_font=&#8221;|700|||||||&#8221; background_color=&#8221;#f2f2f2&#8243; custom_padding=&#8221;30px|30px|30px|30px|false|false&#8221; custom_css_free_form=&#8221;.dsm_icon_list_child_0.dsm_icon_list_child .dsm_icon_list_wrapper>.dsm_icon_list_icon, .dsm_icon_list_child_1.dsm_icon_list_child .dsm_icon_list_wrapper>.dsm_icon_list_icon {||    color: #000;||}&#8221; border_radii=&#8221;on|10px|10px|10px|10px&#8221; global_colors_info=&#8221;{}&#8221;][dsm_icon_list_child text=&#8221;Aviso de pr\u00e1cticas de privacidad de la HIPAA (DOC)&#8221; font_icon=&#8221;&#xf358;||fa||900&#8243; icon_color=&#8221;#000000&#8243; url=&#8221;\/wp-content\/uploads\/2024\/12\/HIPAA-Notice-of-Privacy-Practices-updated-with-Noble-name-10.10.2024-1-1.pdf&#8221; url_new_window=&#8221;on&#8221; _builder_version=&#8221;4.27.4&#8243; _module_preset=&#8221;default&#8221; text_text_color=&#8221;#000000&#8243; global_colors_info=&#8221;{}&#8221;][\/dsm_icon_list_child][dsm_icon_list_child text=&#8221;  HIPAA Notificaci\u00f3n de Pr\u00e1cticas de Privacidad (DOC)&#8221; font_icon=&#8221;&#xf358;||fa||900&#8243; icon_color=&#8221;#000000&#8243; url=&#8221;\/wp-content\/uploads\/2024\/12\/hipaa_notice_of_privacy_practices_spanish__3651_0_-1.pdf&#8221; url_new_window=&#8221;on&#8221; _builder_version=&#8221;4.27.4&#8243; _module_preset=&#8221;default&#8221; text_text_color=&#8221;#000000&#8243; global_colors_info=&#8221;{}&#8221;][\/dsm_icon_list_child][\/dsm_icon_list][et_pb_text _builder_version=&#8221;4.27.4&#8243; _module_preset=&#8221;default&#8221; global_colors_info=&#8221;{}&#8221;]<\/p>\n<p>ESTE AVISO DESCRIBE C\u00d3MO PUEDE UTILIZARSE Y DIVULGARSE TU INFORMACI\u00d3N M\u00c9DICA Y C\u00d3MO PUEDES ACCEDER A ELLA.<\/p>\n<p>POR FAVOR, REV\u00cdSALO DETENIDAMENTE.<\/p>\n<p>&nbsp;<\/p>\n<p>Este Aviso de Pr\u00e1cticas de Privacidad NO es una autorizaci\u00f3n. Este Aviso de Pr\u00e1cticas de Privacidad describe c\u00f3mo nosotros, nuestros Asociados Comerciales y sus subcontratistas, podemos utilizar y revelar tu informaci\u00f3n sanitaria protegida (IPS) para llevar a cabo tratamientos, pagos u operaciones de asistencia sanitaria (TPO) y para otros fines permitidos o exigidos por la ley. Tambi\u00e9n describe tus derechos de acceso y control de tu informaci\u00f3n sanitaria protegida. &#8220;Informaci\u00f3n sanitaria protegida&#8221; es informaci\u00f3n sobre ti, incluida la informaci\u00f3n demogr\u00e1fica, que puede identificarte y que est\u00e1 relacionada con tu estado de salud f\u00edsico o mental pasado, presente o futuro y con los servicios sanitarios relacionados.   <\/p>\n<p>USOS Y DIVULGACIONES DE LA INFORMACI\u00d3N SANITARIA PROTEGIDA<\/p>\n<p>Tus datos sanitarios protegidos pueden ser utilizados y divulgados por tu m\u00e9dico, por el personal de nuestra consulta y por otras personas ajenas a nuestra consulta que participen en tu atenci\u00f3n y tratamiento, con el fin de prestarte servicios sanitarios, pagar tus facturas sanitarias, apoyar el funcionamiento de la consulta del m\u00e9dico y cualquier otro uso exigido por la ley.<\/p>\n<p>Tratamiento: Utilizaremos y divulgaremos tus datos sanitarios protegidos para prestar, coordinar o gestionar tu asistencia sanitaria y cualquier servicio relacionado. Esto incluye la coordinaci\u00f3n o gesti\u00f3n de tu asistencia sanitaria con un tercero. Por ejemplo, tus datos sanitarios protegidos pueden facilitarse a un m\u00e9dico al que te hayan remitido para asegurarse de que dispone de la informaci\u00f3n necesaria para diagnosticarte o tratarte.  <\/p>\n<p>El pago: Tus datos sanitarios protegidos se utilizar\u00e1n, seg\u00fan sea necesario, para obtener el pago de tus servicios sanitarios. Por ejemplo, para obtener la aprobaci\u00f3n de una estancia hospitalaria puede ser necesario revelar tus datos sanitarios protegidos pertinentes al plan de salud para obtener la aprobaci\u00f3n del ingreso hospitalario. <\/p>\n<p>Operaciones sanitarias: Podemos utilizar o revelar, seg\u00fan sea necesario, tus datos sanitarios protegidos para apoyar las actividades empresariales de la consulta de tu m\u00e9dico. Estas actividades incluyen, entre otras, la evaluaci\u00f3n de la calidad, la revisi\u00f3n de los empleados, la formaci\u00f3n de estudiantes de medicina, la concesi\u00f3n de licencias, la recaudaci\u00f3n de fondos y la realizaci\u00f3n u organizaci\u00f3n de otras actividades empresariales. Por ejemplo, podemos revelar tus datos sanitarios protegidos a estudiantes de medicina que atiendan a pacientes en nuestra consulta. Adem\u00e1s, podemos utilizar una hoja de registro en el mostrador de inscripci\u00f3n en la que se te pedir\u00e1 que firmes con tu nombre e indiques tu m\u00e9dico. Tambi\u00e9n podemos llamarte por tu nombre en la sala de espera cuando tu m\u00e9dico est\u00e9 listo para verte. Podemos utilizar o revelar tus datos sanitarios protegidos, seg\u00fan sea necesario, para ponernos en contacto contigo a fin de recordarte tu cita, e informarte sobre alternativas de tratamiento u otras prestaciones y servicios relacionados con la salud que puedan interesarte. Si utilizamos o revelamos tus datos sanitarios protegidos para actividades de recaudaci\u00f3n de fondos, te daremos la opci\u00f3n de excluirte de dichas actividades. Tambi\u00e9n puedes optar por volver a participar.       <\/p>\n<p>Podemos utilizar o revelar tus datos sanitarios protegidos en las siguientes situaciones sin tu autorizaci\u00f3n. Estas situaciones incluyen: seg\u00fan lo exija la ley, cuestiones de salud p\u00fablica seg\u00fan lo exija la ley, enfermedades transmisibles, supervisi\u00f3n sanitaria, abuso o negligencia, requisitos de la administraci\u00f3n de alimentos y f\u00e1rmacos, procedimientos legales, aplicaci\u00f3n de la ley, m\u00e9dicos forenses, directores de funerarias, donaci\u00f3n de \u00f3rganos, investigaci\u00f3n, actividad delictiva, actividad militar y seguridad nacional, compensaci\u00f3n de trabajadores, reclusos y otros usos y divulgaciones requeridos. En virtud de la ley, debemos revelarte informaci\u00f3n si lo solicitas. En virtud de la ley, tambi\u00e9n debemos revelar tus datos sanitarios protegidos cuando nos lo exija el Secretario del Departamento de Salud y Servicios Humanos para investigar o determinar nuestro cumplimiento de los requisitos del art\u00edculo 164.500.   <\/p>\n<p>USOS Y DIVULGACIONES QUE REQUIEREN TU AUTORIZACI\u00d3N<\/p>\n<p>Otros Usos y Divulgaciones Permitidos y Requeridos se har\u00e1n s\u00f3lo con tu consentimiento, autorizaci\u00f3n u oportunidad de oponerte, a menos que lo exija la ley. Sin tu autorizaci\u00f3n, tenemos expresamente prohibido utilizar o revelar tus datos sanitarios protegidos con fines de marketing. No podemos vender tus datos sanitarios protegidos sin tu autorizaci\u00f3n. No podemos utilizar ni divulgar la mayor\u00eda de las notas de psicoterapia contenidas en tu informaci\u00f3n sanitaria protegida. No utilizaremos ni divulgaremos ninguna parte de tu informaci\u00f3n sanitaria protegida que contenga informaci\u00f3n gen\u00e9tica que se vaya a utilizar con fines de suscripci\u00f3n.    <\/p>\n<p>Puedes revocar la autorizaci\u00f3n, en cualquier momento, por escrito, salvo en la medida en que tu m\u00e9dico o la consulta del m\u00e9dico hayan tomado una medida bas\u00e1ndose en el uso o divulgaci\u00f3n indicados en la autorizaci\u00f3n.<\/p>\n<p>TUS DERECHOS<\/p>\n<p>A continuaci\u00f3n se exponen tus derechos con respecto a tu informaci\u00f3n sanitaria protegida.<\/p>\n<p>Tienes derecho a inspeccionar y copiar tus datos sanitarios protegidos (pueden aplicarse tarifas) &#8211; Previa solicitud por escrito, tienes derecho a inspeccionar o copiar tus datos sanitarios protegidos, ya sea en papel o en formato electr\u00f3nico. Sin embargo, seg\u00fan la ley federal, no puedes inspeccionar ni copiar los siguientes registros: Notas de psicoterapia, informaci\u00f3n recopilada en previsi\u00f3n razonable de, o utilizada en, una acci\u00f3n o procedimiento civil, penal o administrativo, informaci\u00f3n sanitaria protegida restringida por ley, informaci\u00f3n que est\u00e9 relacionada con una investigaci\u00f3n m\u00e9dica en la que hayas aceptado participar, informaci\u00f3n cuya divulgaci\u00f3n pueda causarte da\u00f1os o lesiones a ti o a otra persona, o informaci\u00f3n que se haya obtenido bajo promesa de confidencialidad. <\/p>\n<p>Tienes derecho a solicitar una restricci\u00f3n de tus datos sanitarios protegidos: esto significa que puedes pedirnos que no utilicemos ni divulguemos ninguna parte de tus datos sanitarios protegidos con fines de tratamiento, pago u operaciones sanitarias. Tambi\u00e9n puedes solicitar que no se revele ninguna parte de tus datos sanitarios protegidos a familiares o amigos que puedan estar implicados en tu atenci\u00f3n o a efectos de notificaci\u00f3n, tal como se describe en este Aviso de Pr\u00e1cticas de Privacidad. Tu solicitud debe indicar la restricci\u00f3n espec\u00edfica solicitada y a qui\u00e9n deseas que se aplique la restricci\u00f3n. Tu m\u00e9dico no est\u00e1 obligado a aceptar la restricci\u00f3n que solicitas, excepto si le pides que no revele informaci\u00f3n sanitaria protegida a tu plan de salud en relaci\u00f3n con la asistencia sanitaria que hayas pagado \u00edntegramente de tu bolsillo.   <\/p>\n<p>Tienes derecho a solicitar recibir comunicaciones confidenciales &#8211; Tienes derecho a solicitarnos comunicaciones confidenciales por medios alternativos o en un lugar alternativo. Tienes derecho a obtener de nosotros una copia en papel de este aviso, previa solicitud, aunque hayas aceptado aceptar este aviso de forma alternativa, es decir, electr\u00f3nicamente. <\/p>\n<p>Tienes derecho a solicitar una modificaci\u00f3n de tus datos sanitarios protegidos &#8211; Si denegamos tu solicitud de modificaci\u00f3n, tienes derecho a presentarnos una declaraci\u00f3n de desacuerdo y podemos preparar una refutaci\u00f3n de tu declaraci\u00f3n y te facilitaremos una copia de dicha refutaci\u00f3n.<\/p>\n<p>Tienes derecho a recibir una relaci\u00f3n de ciertas divulgaciones &#8211; Tienes derecho a recibir una relaci\u00f3n de las divulgaciones, en papel o electr\u00f3nicas, excepto las divulgaciones: en virtud de una autorizaci\u00f3n, con fines de tratamiento, pago, operaciones de asistencia sanitaria; exigidas por ley, que se produjeron antes del 14 de abril de 2003, o seis a\u00f1os antes de la fecha de la solicitud.<\/p>\n<p>Tienes derecho a recibir notificaci\u00f3n de una violaci\u00f3n &#8211; Te notificaremos si se ha violado tu informaci\u00f3n sanitaria protegida no segura.<\/p>\n<p>Tienes derecho a obtener de nosotros una copia en papel de este aviso aunque hayas aceptado recibirlo electr\u00f3nicamente. Nos reservamos el derecho a cambiar los t\u00e9rminos de este aviso y te notificaremos dichos cambios en la siguiente cita. Tambi\u00e9n pondremos a tu disposici\u00f3n copias de nuestro nuevo aviso si deseas obtener una.  <\/p>\n<p>QUEJAS<\/p>\n<p>Puedes presentar una queja ante nosotros o ante la Secretar\u00eda de Salud y Servicios Humanos si crees que hemos vulnerado tus derechos de privacidad. Puedes presentarnos una queja notific\u00e1ndola a nuestro Responsable de Cumplimiento. No tomaremos represalias contra ti por presentar una queja.  <\/p>\n<p>[\/et_pb_text][et_pb_text _builder_version=&#8221;4.27.4&#8243; _module_preset=&#8221;default&#8221; border_width_top=&#8221;2px&#8221; global_colors_info=&#8221;{}&#8221;]Kimberley Spurgeon, OFICIAL DE CUMPLIMIENTO DE LA HIPAA<\/p>\n<p>Tel\u00e9fono: <a href=\"tel:19207879461\" style=\"color: #0D7BC5;\">920-787-9461<\/a> correo electr\u00f3nico: <a href=\"mailto:%20kimberley.spurgeon@nobleclinics.org\" style=\"color: #0D7BC5;\">kimberley.spurgeon@nobleclinics.org<\/a><\/p>\n<p>La ley nos obliga a mantener la privacidad de la informaci\u00f3n sanitaria protegida y a facilitar a los particulares este aviso de nuestras obligaciones legales y pr\u00e1cticas de privacidad. Tambi\u00e9n estamos obligados a cumplir los t\u00e9rminos del aviso actualmente en vigor. Si tienes alguna pregunta en relaci\u00f3n con este formulario, pide hablar con nuestro Responsable de Cumplimiento de la HIPAA en persona o por tel\u00e9fono a nuestro n\u00famero principal. Firma el formulario de &#8220;Reconocimiento&#8221; adjunto. Tenga en cuenta que al firmar el formulario de Reconocimiento s\u00f3lo reconoce que ha recibido o se le ha dado la oportunidad de recibir una copia de nuestro Aviso de Pr\u00e1cticas de Privacidad. Proporcionado por HCSI- Revisado en marzo de 2013[\/et_pb_text][\/et_pb_column][\/et_pb_row][\/et_pb_section]<\/p>\n","protected":false},"excerpt":{"rendered":"<p>Noble Community Clinics Avisos HIPAA de Pr\u00e1cticas de Privacidad<div class=\"et_pb_module dsm_icon_list dsm_icon_list_0\">\n\t\t\t\t\n\t\t\t\t\n\t\t\t\t\n\t\t\t\t\n\t\t\t\t\n\t\t\t\t\n\t\t\t\t<div class=\"et_pb_module_inner\">\n\t\t\t\t\t<ul class=\"dsm_icon_list_items dsm_icon_list_ltr_direction dsm_icon_list_layout_vertical\"><li class=\"dsm_icon_list_child dsm_icon_list_child_0\">\n\t\t\t\t\n\t\t\t\t\n\t\t\t\t\n\t\t\t\t\n\t\t\t\t<a href=\"\/wp-content\/uploads\/2024\/12\/HIPAA-Notice-of-Privacy-Practices-updated-with-Noble-name-10.10.2024-1-1.pdf\" target=\"_blank\"><span class=\"dsm_icon_list_wrapper\"><span class=\"dsm_icon_list_icon\">\uf358<\/span><\/span><span class=\"dsm_icon_list_text\">Aviso de pr\u00e1cticas de privacidad de la HIPAA (DOC)<\/span><\/a>\n\t\t\t<\/li><li class=\"dsm_icon_list_child dsm_icon_list_child_1\">\n\t\t\t\t\n\t\t\t\t\n\t\t\t\t\n\t\t\t\t\n\t\t\t\t<a href=\"\/wp-content\/uploads\/2024\/12\/hipaa_notice_of_privacy_practices_spanish__3651_0_-1.pdf\" target=\"_blank\"><span class=\"dsm_icon_list_wrapper\"><span class=\"dsm_icon_list_icon\">\uf358<\/span><\/span><span class=\"dsm_icon_list_text\"> HIPAA Notificaci\u00f3n de Pr\u00e1cticas de Privacidad (DOC)<\/span><\/a>\n\t\t\t<\/li><\/ul>\n\t\t\t\t<\/div>\n\t\t\t<\/div>ESTE AVISO DESCRIBE C\u00d3MO PUEDE UTILIZARSE Y DIVULGARSE TU INFORMACI\u00d3N M\u00c9DICA Y C\u00d3MO PUEDES ACCEDER A ELLA. POR FAVOR, REV\u00cdSALO DETENIDAMENTE. &nbsp; Este Aviso de Pr\u00e1cticas de Privacidad NO es una autorizaci\u00f3n. Este Aviso de Pr\u00e1cticas de Privacidad describe c\u00f3mo nosotros, nuestros Asociados Comerciales y sus subcontratistas, podemos utilizar y revelar tu informaci\u00f3n sanitaria protegida (IPS) para llevar a cabo tratamientos, pagos u operaciones de asistencia sanitaria (TPO) y para otros fines permitidos o exigidos por la ley. Tambi\u00e9n describe tus derechos de acceso y control de tu informaci\u00f3n sanitaria protegida. &#8220;Informaci\u00f3n sanitaria protegida&#8221; es informaci\u00f3n sobre ti, incluida la informaci\u00f3n demogr\u00e1fica, que puede identificarte y que est\u00e1 relacionada con tu estado de salud f\u00edsico o mental pasado, presente o futuro y con los servicios sanitarios relacionados. USOS Y DIVULGACIONES DE LA INFORMACI\u00d3N SANITARIA PROTEGIDA Tus datos sanitarios protegidos pueden ser utilizados y divulgados [&hellip;]<\/p>\n","protected":false},"author":7,"featured_media":0,"parent":0,"menu_order":0,"comment_status":"closed","ping_status":"closed","template":"","meta":{"_et_pb_use_builder":"on","_et_pb_old_content":"","_et_gb_content_width":"","inline_featured_image":false,"footnotes":""},"class_list":["post-14533","page","type-page","status-publish","hentry"],"yoast_head":"<!-- This site is optimized with the Yoast SEO plugin v24.5 - https:\/\/yoast.com\/wordpress\/plugins\/seo\/ -->\n<title>Pol\u00edticas HIPPA | Cl\u00ednica Comunitaria Noble<\/title>\n<meta name=\"description\" content=\"Descubre nuestra p\u00e1gina de Avisos de Pr\u00e1cticas de Privacidad de la HIPAA para obtener informaci\u00f3n detallada sobre c\u00f3mo protegemos tu informaci\u00f3n sanitaria.\" \/>\n<meta name=\"robots\" content=\"index, follow, max-snippet:-1, max-image-preview:large, max-video-preview:-1\" \/>\n<link rel=\"canonical\" href=\"https:\/\/nobleclinics.org\/es-la\/avisos-de-la-hipaa\/\" \/>\n<meta property=\"og:locale\" content=\"es_ES\" \/>\n<meta property=\"og:type\" content=\"article\" \/>\n<meta property=\"og:title\" content=\"Pol\u00edticas HIPPA | Cl\u00ednica Comunitaria Noble\" \/>\n<meta property=\"og:description\" content=\"Descubre nuestra p\u00e1gina de Avisos de Pr\u00e1cticas de Privacidad de la HIPAA para obtener informaci\u00f3n detallada sobre c\u00f3mo protegemos tu informaci\u00f3n sanitaria.\" \/>\n<meta property=\"og:url\" content=\"https:\/\/nobleclinics.org\/es-la\/avisos-de-la-hipaa\/\" \/>\n<meta property=\"og:site_name\" content=\"Noble Community Clinics | Dental, Medical &amp; Behavioral Health\" \/>\n<meta property=\"article:modified_time\" content=\"2025-11-12T22:11:02+00:00\" \/>\n<meta name=\"twitter:card\" content=\"summary_large_image\" \/>\n<meta name=\"twitter:label1\" content=\"Est. reading time\" \/>\n\t<meta name=\"twitter:data1\" content=\"10 minutes\" \/>\n<script type=\"application\/ld+json\" class=\"yoast-schema-graph\">{\"@context\":\"https:\/\/schema.org\",\"@graph\":[{\"@type\":\"WebPage\",\"@id\":\"https:\/\/nobleclinics.org\/es-la\/avisos-de-la-hipaa\/\",\"url\":\"https:\/\/nobleclinics.org\/es-la\/avisos-de-la-hipaa\/\",\"name\":\"Pol\u00edticas HIPPA | Cl\u00ednica Comunitaria Noble\",\"isPartOf\":{\"@id\":\"https:\/\/nobleclinics.org\/#website\"},\"datePublished\":\"2024-10-25T13:52:08+00:00\",\"dateModified\":\"2025-11-12T22:11:02+00:00\",\"description\":\"Descubre nuestra p\u00e1gina de Avisos de Pr\u00e1cticas de Privacidad de la HIPAA para obtener informaci\u00f3n detallada sobre c\u00f3mo protegemos tu informaci\u00f3n sanitaria.\",\"breadcrumb\":{\"@id\":\"https:\/\/nobleclinics.org\/es-la\/avisos-de-la-hipaa\/#breadcrumb\"},\"inLanguage\":\"es-419\",\"potentialAction\":[{\"@type\":\"ReadAction\",\"target\":[\"https:\/\/nobleclinics.org\/es-la\/avisos-de-la-hipaa\/\"]}]},{\"@type\":\"BreadcrumbList\",\"@id\":\"https:\/\/nobleclinics.org\/es-la\/avisos-de-la-hipaa\/#breadcrumb\",\"itemListElement\":[{\"@type\":\"ListItem\",\"position\":1,\"name\":\"Home\",\"item\":\"https:\/\/nobleclinics.org\/es-la\/pagina-de-inicio\/\"},{\"@type\":\"ListItem\",\"position\":2,\"name\":\"Avisos de la HIPAA\"}]},{\"@type\":\"WebSite\",\"@id\":\"https:\/\/nobleclinics.org\/#website\",\"url\":\"https:\/\/nobleclinics.org\/\",\"name\":\"Noble Community Clinics | Dental, Medical &amp; Behavioral Health\",\"description\":\"\",\"potentialAction\":[{\"@type\":\"SearchAction\",\"target\":{\"@type\":\"EntryPoint\",\"urlTemplate\":\"https:\/\/nobleclinics.org\/?s={search_term_string}\"},\"query-input\":{\"@type\":\"PropertyValueSpecification\",\"valueRequired\":true,\"valueName\":\"search_term_string\"}}],\"inLanguage\":\"es-419\"}]}<\/script>\n<!-- \/ Yoast SEO plugin. -->","yoast_head_json":{"title":"Pol\u00edticas HIPPA | Cl\u00ednica Comunitaria Noble","description":"Descubre nuestra p\u00e1gina de Avisos de Pr\u00e1cticas de Privacidad de la HIPAA para obtener informaci\u00f3n detallada sobre c\u00f3mo protegemos tu informaci\u00f3n sanitaria.","robots":{"index":"index","follow":"follow","max-snippet":"max-snippet:-1","max-image-preview":"max-image-preview:large","max-video-preview":"max-video-preview:-1"},"canonical":"https:\/\/nobleclinics.org\/es-la\/avisos-de-la-hipaa\/","og_locale":"es_ES","og_type":"article","og_title":"Pol\u00edticas HIPPA | Cl\u00ednica Comunitaria Noble","og_description":"Descubre nuestra p\u00e1gina de Avisos de Pr\u00e1cticas de Privacidad de la HIPAA para obtener informaci\u00f3n detallada sobre c\u00f3mo protegemos tu informaci\u00f3n sanitaria.","og_url":"https:\/\/nobleclinics.org\/es-la\/avisos-de-la-hipaa\/","og_site_name":"Noble Community Clinics | Dental, Medical &amp; Behavioral Health","article_modified_time":"2025-11-12T22:11:02+00:00","twitter_card":"summary_large_image","twitter_misc":{"Est. reading time":"10 minutes"},"schema":{"@context":"https:\/\/schema.org","@graph":[{"@type":"WebPage","@id":"https:\/\/nobleclinics.org\/es-la\/avisos-de-la-hipaa\/","url":"https:\/\/nobleclinics.org\/es-la\/avisos-de-la-hipaa\/","name":"Pol\u00edticas HIPPA | Cl\u00ednica Comunitaria Noble","isPartOf":{"@id":"https:\/\/nobleclinics.org\/#website"},"datePublished":"2024-10-25T13:52:08+00:00","dateModified":"2025-11-12T22:11:02+00:00","description":"Descubre nuestra p\u00e1gina de Avisos de Pr\u00e1cticas de Privacidad de la HIPAA para obtener informaci\u00f3n detallada sobre c\u00f3mo protegemos tu informaci\u00f3n sanitaria.","breadcrumb":{"@id":"https:\/\/nobleclinics.org\/es-la\/avisos-de-la-hipaa\/#breadcrumb"},"inLanguage":"es-419","potentialAction":[{"@type":"ReadAction","target":["https:\/\/nobleclinics.org\/es-la\/avisos-de-la-hipaa\/"]}]},{"@type":"BreadcrumbList","@id":"https:\/\/nobleclinics.org\/es-la\/avisos-de-la-hipaa\/#breadcrumb","itemListElement":[{"@type":"ListItem","position":1,"name":"Home","item":"https:\/\/nobleclinics.org\/es-la\/pagina-de-inicio\/"},{"@type":"ListItem","position":2,"name":"Avisos de la HIPAA"}]},{"@type":"WebSite","@id":"https:\/\/nobleclinics.org\/#website","url":"https:\/\/nobleclinics.org\/","name":"Noble Community Clinics | Dental, Medical &amp; Behavioral Health","description":"","potentialAction":[{"@type":"SearchAction","target":{"@type":"EntryPoint","urlTemplate":"https:\/\/nobleclinics.org\/?s={search_term_string}"},"query-input":{"@type":"PropertyValueSpecification","valueRequired":true,"valueName":"search_term_string"}}],"inLanguage":"es-419"}]}},"_links":{"self":[{"href":"https:\/\/nobleclinics.org\/es-la\/wp-json\/wp\/v2\/pages\/14533","targetHints":{"allow":["GET"]}}],"collection":[{"href":"https:\/\/nobleclinics.org\/es-la\/wp-json\/wp\/v2\/pages"}],"about":[{"href":"https:\/\/nobleclinics.org\/es-la\/wp-json\/wp\/v2\/types\/page"}],"author":[{"embeddable":true,"href":"https:\/\/nobleclinics.org\/es-la\/wp-json\/wp\/v2\/users\/7"}],"replies":[{"embeddable":true,"href":"https:\/\/nobleclinics.org\/es-la\/wp-json\/wp\/v2\/comments?post=14533"}],"version-history":[{"count":0,"href":"https:\/\/nobleclinics.org\/es-la\/wp-json\/wp\/v2\/pages\/14533\/revisions"}],"wp:attachment":[{"href":"https:\/\/nobleclinics.org\/es-la\/wp-json\/wp\/v2\/media?parent=14533"}],"curies":[{"name":"wp","href":"https:\/\/api.w.org\/{rel}","templated":true}]}}