{"id":14551,"date":"2024-10-11T17:36:42","date_gmt":"2024-10-11T17:36:42","guid":{"rendered":"https:\/\/nobleclinics.org\/recuperacion-del-consumo-de-sustancias\/"},"modified":"2025-12-30T16:47:13","modified_gmt":"2025-12-30T16:47:13","slug":"recuperacion-del-consumo-de-sustancias","status":"publish","type":"page","link":"https:\/\/nobleclinics.org\/es-la\/servicios\/recuperacion-del-consumo-de-sustancias\/","title":{"rendered":"Recuperaci\u00f3n del consumo de sustancias"},"content":{"rendered":"<p>[et_pb_section fb_built=&#8221;1&#8243; custom_padding_last_edited=&#8221;on|desktop&#8221; _builder_version=&#8221;4.27.4&#8243; _module_preset=&#8221;default&#8221; use_background_color_gradient=&#8221;on&#8221; background_color_gradient_stops=&#8221;rgba(0,0,0,0.4) 0%|rgba(0,0,0,0.4) 100%&#8221; background_color_gradient_overlays_image=&#8221;on&#8221; background_image=&#8221;https:\/\/nobleclinics.org\/wp-content\/uploads\/2025\/11\/IMG_2348-scaled.jpg&#8221; background_position=&#8221;top_center&#8221; custom_margin=&#8221;||||false|false&#8221; custom_padding=&#8221;243px||186px||false|false&#8221; custom_padding_tablet=&#8221;121px||101px||false|false&#8221; custom_padding_phone=&#8221;121px||101px||false|false&#8221; global_colors_info=&#8221;{}&#8221; custom_css_main_element_last_edited=&#8221;on|phone&#8221; custom_css_main_element_phone=&#8221;background: linear-gradient(180deg, rgba(0, 0, 0, 0.4) 0%, rgba(0, 0, 0, 0.4) 100%), url(\/wp-content\/uploads\/2024\/11\/substance-abuse-page-hero.jpg) !important;||    background-position-x: -63em !important;&#8221;][et_pb_row column_structure=&#8221;1_5,3_5,1_5&#8243; _builder_version=&#8221;4.27.0&#8243; _module_preset=&#8221;default&#8221; global_colors_info=&#8221;{}&#8221;][et_pb_column type=&#8221;1_5&#8243; _builder_version=&#8221;4.27.0&#8243; _module_preset=&#8221;default&#8221; global_colors_info=&#8221;{}&#8221;][\/et_pb_column][et_pb_column type=&#8221;3_5&#8243; _builder_version=&#8221;4.27.0&#8243; _module_preset=&#8221;default&#8221; global_colors_info=&#8221;{}&#8221;][et_pb_text _builder_version=&#8221;4.27.4&#8243; _module_preset=&#8221;default&#8221; header_text_align=&#8221;center&#8221; header_text_color=&#8221;#FFFFFF&#8221; header_2_text_align=&#8221;center&#8221; header_2_text_color=&#8221;#FFFFFF&#8221; custom_margin=&#8221;||11px|||&#8221; global_colors_info=&#8221;{}&#8221;]<\/p>\n<h1>Servicios de recuperaci\u00f3n del consumo de sustancias<\/h1>\n<p>[\/et_pb_text][et_pb_text _builder_version=&#8221;4.27.4&#8243; _module_preset=&#8221;default&#8221; text_text_color=&#8221;#FFFFFF&#8221; text_font_size=&#8221;16px&#8221; text_line_height=&#8221;1.9em&#8221; text_orientation=&#8221;center&#8221; global_colors_info=&#8221;{}&#8221;]<\/p>\n<p>En Noble Community Clinics, creemos en las segundas oportunidades. Nuestros servicios de recuperaci\u00f3n del consumo de sustancias proporcionan un entorno seguro y de apoyo en el que puedes iniciar tu viaje hacia la curaci\u00f3n y el desarrollo de tu propia recuperaci\u00f3n personal. Con un equipo compasivo y tratamientos basados en pruebas, estamos aqu\u00ed para ayudarte a dar los primeros pasos hacia una vida m\u00e1s sana y libre de sustancias.  <\/p>\n<p>[\/et_pb_text][\/et_pb_column][et_pb_column type=&#8221;1_5&#8243; _builder_version=&#8221;4.27.0&#8243; _module_preset=&#8221;default&#8221; global_colors_info=&#8221;{}&#8221;][\/et_pb_column][\/et_pb_row][\/et_pb_section][et_pb_section fb_built=&#8221;1&#8243; admin_label=&#8221;Content Toggle&#8221; module_class=&#8221;content-toggle&#8221; _builder_version=&#8221;4.27.0&#8243; _module_preset=&#8221;default&#8221; global_colors_info=&#8221;{}&#8221;][et_pb_row _builder_version=&#8221;4.27.0&#8243; _module_preset=&#8221;default&#8221; global_colors_info=&#8221;{}&#8221;][et_pb_column type=&#8221;4_4&#8243; _builder_version=&#8221;4.27.0&#8243; _module_preset=&#8221;default&#8221; global_colors_info=&#8221;{}&#8221;][et_pb_text admin_label=&#8221;Title&#8221; module_class=&#8221;title&#8221; _builder_version=&#8221;4.27.0&#8243; _module_preset=&#8221;default&#8221; custom_margin=&#8221;||16px|||&#8221; global_colors_info=&#8221;{}&#8221;]<\/p>\n<h2>Tu camino hacia la recuperaci\u00f3n comienza aqu\u00ed<\/h2>\n<p>[\/et_pb_text][et_pb_text admin_label=&#8221;Title&#8221; module_class=&#8221;text&#8221; _builder_version=&#8221;4.27.0&#8243; _module_preset=&#8221;default&#8221; global_colors_info=&#8221;{}&#8221;]<\/p>\n<p>Nuestro programa de recuperaci\u00f3n est\u00e1 dise\u00f1ado para satisfacer las necesidades \u00fanicas de cada persona, ofreciendo una gama de servicios para apoyarte en cada etapa de tu viaje de recuperaci\u00f3n. Nos centramos en una atenci\u00f3n hol\u00edstica y centrada en el paciente, utilizando enfoques\/curr\u00edculos basados en pruebas que abordan los aspectos f\u00edsicos y emocionales de la adicci\u00f3n. <\/p>\n<p>[\/et_pb_text][\/et_pb_column][\/et_pb_row][et_pb_row _builder_version=&#8221;4.27.0&#8243; _module_preset=&#8221;default&#8221; global_colors_info=&#8221;{}&#8221;][et_pb_column type=&#8221;4_4&#8243; _builder_version=&#8221;4.27.0&#8243; _module_preset=&#8221;default&#8221; global_colors_info=&#8221;{}&#8221;][et_pb_toggle title=&#8221;Adicci\u00f3n al alcohol  &#8221; admin_label=&#8221;Alcohol Addiction &#8221; _builder_version=&#8221;4.27.0&#8243; _module_preset=&#8221;default&#8221; global_colors_info=&#8221;{}&#8221;]<\/p>\n<p>Programas especializados para ayudar a las personas a superar la dependencia del alcohol, que combinan asesoramiento, terapia de grupo y tratamiento asistido con medicaci\u00f3n para lograr una sobriedad duradera.<\/p>\n<p>[\/et_pb_toggle][et_pb_toggle title=&#8221;Adicci\u00f3n a los opi\u00e1ceos  &#8221; admin_label=&#8221;Opioid Addiction &#8221; _builder_version=&#8221;4.27.0&#8243; _module_preset=&#8221;default&#8221; global_colors_info=&#8221;{}&#8221;]<\/p>\n<p>Atenci\u00f3n integral para la adicci\u00f3n a los opi\u00e1ceos, que incluye tratamiento asistido con medicaci\u00f3n (MAT), asesoramiento y grupos de apoyo para controlar el s\u00edndrome de abstinencia y prevenir las reca\u00eddas.<\/p>\n<p>[\/et_pb_toggle][et_pb_toggle title=&#8221;Adicci\u00f3n a la coca\u00edna  &#8221; admin_label=&#8221;Cocaine Addiction &#8221; _builder_version=&#8221;4.27.0&#8243; _module_preset=&#8221;default&#8221; global_colors_info=&#8221;{}&#8221;]<\/p>\n<p>Programas de recuperaci\u00f3n centrados en terapias conductuales, asesoramiento individual y apoyo entre iguales para romper el ciclo de la adicci\u00f3n a la coca\u00edna y mantener la recuperaci\u00f3n.<\/p>\n<p>[\/et_pb_toggle][et_pb_toggle title=&#8221;Adicci\u00f3n a la metanfetamina  &#8221; admin_label=&#8221;Meth Addiction &#8221; _builder_version=&#8221;4.27.0&#8243; _module_preset=&#8221;default&#8221; global_colors_info=&#8221;{}&#8221;]<\/p>\n<p>Apoyo personalizado para la adicci\u00f3n a la metanfetamina con terapia intensiva, prevenci\u00f3n de reca\u00eddas y apoyo continuo para reconstruir una vida libre de sustancias.<\/p>\n<p>[\/et_pb_toggle][et_pb_toggle title=&#8221;Asesoramiento individual  &#8221; admin_label=&#8221;Individual Counseling &#8221; _builder_version=&#8221;4.27.0&#8243; _module_preset=&#8221;default&#8221; global_colors_info=&#8221;{}&#8221;]<\/p>\n<p>Sesiones personalizadas de asesoramiento individual para ayudarte a comprender las causas profundas de la adicci\u00f3n y desarrollar estrategias de afrontamiento para una recuperaci\u00f3n satisfactoria.<\/p>\n<p>[\/et_pb_toggle][et_pb_toggle title=&#8221;Servicios de postratamiento&#8221; admin_label=&#8221;Aftercare Services&#8221; _builder_version=&#8221;4.27.0&#8243; _module_preset=&#8221;default&#8221; global_colors_info=&#8221;{}&#8221;]<\/p>\n<p><span class=\"TextRun SCXW92456666 BCX0\" lang=\"EN-US\" xml:lang=\"EN-US\" data-contrast=\"none\"><span class=\"NormalTextRun SCXW92456666 BCX0\">El apoyo continuo es clave para una recuperaci\u00f3n duradera. Nuestros servicios de postratamiento proporcionan asesoramiento continuado, grupos de apoyo y recursos para ayudarte a mantenerte en el buen camino. <\/span><\/span><\/p>\n<p>[\/et_pb_toggle][et_pb_toggle title=&#8221;Grupos de recuperaci\u00f3n&#8221; admin_label=&#8221;Aftercare Services&#8221; _builder_version=&#8221;4.27.4&#8243; _module_preset=&#8221;default&#8221; hover_enabled=&#8221;0&#8243; global_colors_info=&#8221;{}&#8221; theme_builder_area=&#8221;post_content&#8221; sticky_enabled=&#8221;0&#8243;]<\/p>\n<p><span class=\"TextRun SCXW92456666 BCX0\" lang=\"EN-US\" xml:lang=\"EN-US\" data-contrast=\"none\"><span class=\"NormalTextRun SCXW92456666 BCX0\">Nuestros grupos ofrecen apoyo continuo, educaci\u00f3n y responsabilidad durante la recuperaci\u00f3n. Tenemos oportunidades en varios lugares de Noble.  <strong><a href=\"https:\/\/nobleclinics.org\/es-la\/servicios\/grupos-de-recuperacion-del-consumo-de-sustancias\/\">Haz clic aqu\u00ed para obtener m\u00e1s informaci\u00f3n.<\/a><\/strong><\/span><\/span><\/p>\n<p>[\/et_pb_toggle][\/et_pb_column][\/et_pb_row][\/et_pb_section][et_pb_section fb_built=&#8221;1&#8243; admin_label=&#8221;Image Links&#8221; module_class=&#8221;image-links&#8221; _builder_version=&#8221;4.27.0&#8243; _module_preset=&#8221;default&#8221; locked=&#8221;off&#8221; global_colors_info=&#8221;{}&#8221;][et_pb_row _builder_version=&#8221;4.27.0&#8243; _module_preset=&#8221;default&#8221; global_colors_info=&#8221;{}&#8221;][et_pb_column type=&#8221;4_4&#8243; _builder_version=&#8221;4.27.0&#8243; _module_preset=&#8221;default&#8221; global_colors_info=&#8221;{}&#8221;][et_pb_text _builder_version=&#8221;4.27.0&#8243; _module_preset=&#8221;default&#8221; global_colors_info=&#8221;{}&#8221;]<\/p>\n<h2><strong><span class=\"TextRun SCXW224583983 BCX0\" lang=\"EN-US\" xml:lang=\"EN-US\" data-contrast=\"none\"><span class=\"NormalTextRun SCXW224583983 BCX0\">Buscar un lugar<\/span><\/span><span class=\"EOP SCXW224583983 BCX0\" data-ccp-props=\"{\"201341983\":0,\"335559740\":279}\"> <\/span><\/strong><\/h2>\n<p>[\/et_pb_text][\/et_pb_column][\/et_pb_row][et_pb_row column_structure=&#8221;1_2,1_2&#8243; _builder_version=&#8221;4.27.4&#8243; _module_preset=&#8221;default&#8221; global_colors_info=&#8221;{}&#8221;][et_pb_column type=&#8221;1_2&#8243; _builder_version=&#8221;4.27.0&#8243; _module_preset=&#8221;default&#8221; global_colors_info=&#8221;{}&#8221;][et_pb_blurb title=&#8221;Beaver Dam&#8221; admin_label=&#8221;Beaver Dam&#8221; _builder_version=&#8221;4.27.0&#8243; _module_preset=&#8221;default&#8221; background_image=&#8221;https:\/\/nobleclinics.org\/wp-content\/uploads\/2024\/11\/BeaverDam-medical_clinic-thumbnail.jpg&#8221; link_option_url=&#8221;https:\/\/nobleclinics.org\/es-la\/localizaciones\/beaver-dam\/&#8221; global_colors_info=&#8221;{}&#8221;][\/et_pb_blurb][et_pb_blurb title=&#8221;Stevens Point&#8221; alt=&#8221;Stevens Point&#8221; admin_label=&#8221;Stevens Point&#8221; _builder_version=&#8221;4.27.4&#8243; _module_preset=&#8221;default&#8221; background_image=&#8221;https:\/\/nobleclinics.org\/wp-content\/uploads\/2025\/07\/noble_clinics_stevens_point.webp&#8221; link_option_url=&#8221;https:\/\/nobleclinics.org\/es-la\/localizaciones\/stevens-point\/&#8221; global_colors_info=&#8221;{}&#8221;][\/et_pb_blurb][\/et_pb_column][et_pb_column type=&#8221;1_2&#8243; _builder_version=&#8221;4.27.0&#8243; _module_preset=&#8221;default&#8221; global_colors_info=&#8221;{}&#8221;][et_pb_blurb title=&#8221;Friendship&#8221; admin_label=&#8221;Friendship&#8221; _builder_version=&#8221;4.27.0&#8243; _module_preset=&#8221;default&#8221; background_image=&#8221;https:\/\/nobleclinics.org\/wp-content\/uploads\/2024\/11\/Friendship-clinic-thumbnail.jpg&#8221; link_option_url=&#8221;https:\/\/nobleclinics.org\/es-la\/localizaciones\/friendship\/&#8221; global_colors_info=&#8221;{}&#8221;][\/et_pb_blurb][et_pb_blurb title=&#8221;Wautoma&#8221; admin_label=&#8221;Wautoma&#8221; _builder_version=&#8221;4.27.4&#8243; _module_preset=&#8221;default&#8221; background_image=&#8221;https:\/\/nobleclinics.org\/wp-content\/uploads\/2024\/11\/Wautoma-clinic-thumbnail.jpg&#8221; link_option_url=&#8221;https:\/\/nobleclinics.org\/es-la\/localizaciones\/wautoma\/&#8221; global_colors_info=&#8221;{}&#8221;][\/et_pb_blurb][\/et_pb_column][\/et_pb_row][\/et_pb_section][et_pb_section fb_built=&#8221;1&#8243; specialty=&#8221;on&#8221; admin_label=&#8221;Content Left &#8211; Image Right&#8221; module_class=&#8221;image-content reversed&#8221; _builder_version=&#8221;4.27.0&#8243; _module_preset=&#8221;default&#8221; background_color=&#8221;#2a3f49&#8243; global_colors_info=&#8221;{}&#8221;][et_pb_column type=&#8221;1_2&#8243; specialty_columns=&#8221;2&#8243; _builder_version=&#8221;4.16&#8243; custom_padding=&#8221;|||&#8221; global_colors_info=&#8221;{}&#8221; custom_padding__hover=&#8221;|||&#8221;][et_pb_row_inner _builder_version=&#8221;4.27.0&#8243; _module_preset=&#8221;default&#8221; global_colors_info=&#8221;{}&#8221;][et_pb_column_inner saved_specialty_column_type=&#8221;1_2&#8243; _builder_version=&#8221;4.27.0&#8243; _module_preset=&#8221;default&#8221; global_colors_info=&#8221;{}&#8221;][et_pb_text module_class=&#8221;title&#8221; _builder_version=&#8221;4.27.0&#8243; _module_preset=&#8221;default&#8221; header_2_text_color=&#8221;#FFFFFF&#8221; global_colors_info=&#8221;{}&#8221;]<\/p>\n<h2>Cuidados de recuperaci\u00f3n accesibles y asequibles<\/h2>\n<p>[\/et_pb_text][et_pb_text admin_label=&#8221;Text&#8221; module_class=&#8221;content&#8221; _builder_version=&#8221;4.27.0&#8243; _module_preset=&#8221;default&#8221; text_text_color=&#8221;#FFFFFF&#8221; global_colors_info=&#8221;{}&#8221;]<\/p>\n<p>Creemos que todo el mundo merece tener acceso a servicios de recuperaci\u00f3n de calidad. En Noble Community Clinics, ofrecemos programas asequibles dise\u00f1ados para ayudarte a tener \u00e9xito en tu viaje hacia una vida libre de sustancias. <\/p>\n<p>[\/et_pb_text][et_pb_button button_url=&#8221;https:\/\/nobleclinics.org\/es-la\/hacer-una-cita\/&#8221; button_text=&#8221;Concertar una cita&#8221; admin_label=&#8221;Book an Appointment &#8221; module_class=&#8221;btn-secondary&#8221; _builder_version=&#8221;4.27.4&#8243; _module_preset=&#8221;default&#8221; global_colors_info=&#8221;{}&#8221;][\/et_pb_button][\/et_pb_column_inner][\/et_pb_row_inner][\/et_pb_column][et_pb_column type=&#8221;1_2&#8243; _builder_version=&#8221;4.16&#8243; custom_padding=&#8221;|||&#8221; global_colors_info=&#8221;{}&#8221; custom_padding__hover=&#8221;|||&#8221;][et_pb_image src=&#8221;https:\/\/nobleclinics.org\/wp-content\/uploads\/2025\/11\/IMG_2220.00_00_04_21.Still002.jpg&#8221; title_text=&#8221;IMG_2220.00_00_04_21.Still002&#8243; align=&#8221;center&#8221; _builder_version=&#8221;4.27.4&#8243; _module_preset=&#8221;default&#8221; border_radii=&#8221;on|10px|10px|10px|10px&#8221; global_colors_info=&#8221;{}&#8221;][\/et_pb_image][\/et_pb_column][\/et_pb_section][et_pb_section fb_built=&#8221;1&#8243; module_class=&#8221;insights-feed&#8221; _builder_version=&#8221;4.27.0&#8243; _module_preset=&#8221;default&#8221; background_color=&#8221;#FFFFFF&#8221; global_colors_info=&#8221;{}&#8221;][et_pb_row column_structure=&#8221;1_2,1_2&#8243; _builder_version=&#8221;4.27.0&#8243; _module_preset=&#8221;default&#8221; global_colors_info=&#8221;{}&#8221;][et_pb_column type=&#8221;1_2&#8243; _builder_version=&#8221;4.27.0&#8243; _module_preset=&#8221;default&#8221; global_colors_info=&#8221;{}&#8221;][et_pb_text _builder_version=&#8221;4.27.0&#8243; _module_preset=&#8221;default&#8221; global_colors_info=&#8221;{}&#8221;]<\/p>\n<h2>Noticias y opiniones Noble<\/h2>\n<p>[\/et_pb_text][\/et_pb_column][et_pb_column type=&#8221;1_2&#8243; _builder_version=&#8221;4.27.0&#8243; _module_preset=&#8221;default&#8221; global_colors_info=&#8221;{}&#8221;][et_pb_button button_url=&#8221;https:\/\/nobleclinics.org\/es-la\/quienes-somos\/noticias-e-informacion\/&#8221; button_text=&#8221;Ver todas las opiniones&#8221; admin_label=&#8221;Secondary Button&#8221; module_class=&#8221;btn-secondary light-text&#8221; _builder_version=&#8221;4.27.0&#8243; _module_preset=&#8221;default&#8221; global_colors_info=&#8221;{}&#8221;][\/et_pb_button][\/et_pb_column][\/et_pb_row][et_pb_row _builder_version=&#8221;4.27.0&#8243; _module_preset=&#8221;default&#8221; global_colors_info=&#8221;{}&#8221;][et_pb_column type=&#8221;4_4&#8243; _builder_version=&#8221;4.27.0&#8243; _module_preset=&#8221;default&#8221; global_colors_info=&#8221;{}&#8221;][dsm_blog_carousel posts_number=&#8221;3&#8243; include_categories=&#8221;46,43,42,41,33,45&#8243; excerpt_length=&#8221;20&#8243; use_category=&#8221;on&#8221; use_readmore=&#8221;on&#8221; centered_slides=&#8221;on&#8221; use_navi=&#8221;off&#8221; columns_tablet=&#8221;1&#8243; columns_phone=&#8221;1&#8243; columns_last_edited=&#8221;on|tablet&#8221; _builder_version=&#8221;4.27.0&#8243; _module_preset=&#8221;default&#8221; global_colors_info=&#8221;{}&#8221;][\/dsm_blog_carousel][\/et_pb_column][\/et_pb_row][\/et_pb_section]<\/p>\n","protected":false},"excerpt":{"rendered":"<p>Servicios de recuperaci\u00f3n del consumo de sustanciasEn Noble Community Clinics, creemos en las segundas oportunidades. Nuestros servicios de recuperaci\u00f3n del consumo de sustancias proporcionan un entorno seguro y de apoyo en el que puedes iniciar tu viaje hacia la curaci\u00f3n y el desarrollo de tu propia recuperaci\u00f3n personal. Con un equipo compasivo y tratamientos basados en pruebas, estamos aqu\u00ed para ayudarte a dar los primeros pasos hacia una vida m\u00e1s sana y libre de sustancias. Tu camino hacia la recuperaci\u00f3n comienza aqu\u00edNuestro programa de recuperaci\u00f3n est\u00e1 dise\u00f1ado para satisfacer las necesidades \u00fanicas de cada persona, ofreciendo una gama de servicios para apoyarte en cada etapa de tu viaje de recuperaci\u00f3n. Nos centramos en una atenci\u00f3n hol\u00edstica y centrada en el paciente, utilizando enfoques\/curr\u00edculos basados en pruebas que abordan los aspectos f\u00edsicos y emocionales de la adicci\u00f3n. Programas especializados para ayudar a las personas a superar la dependencia del alcohol, que combinan asesoramiento, terapia de grupo y tratamiento asistido con medicaci\u00f3n para lograr una sobriedad duradera.Atenci\u00f3n integral para la adicci\u00f3n a los opi\u00e1ceos, que incluye tratamiento asistido con medicaci\u00f3n (MAT), asesoramiento y grupos de apoyo para controlar el s\u00edndrome de abstinencia y prevenir las reca\u00eddas.Programas de recuperaci\u00f3n centrados en terapias conductuales, [&hellip;]<\/p>\n","protected":false},"author":6,"featured_media":0,"parent":14565,"menu_order":0,"comment_status":"closed","ping_status":"closed","template":"","meta":{"_et_pb_use_builder":"on","_et_pb_old_content":"","_et_gb_content_width":"","inline_featured_image":false,"footnotes":""},"class_list":["post-14551","page","type-page","status-publish","hentry"],"yoast_head":"<!-- This site is optimized with the Yoast SEO plugin v24.5 - https:\/\/yoast.com\/wordpress\/plugins\/seo\/ -->\n<title>Substance Abuse Recovery | Noble Community Clinics<\/title>\n<meta name=\"description\" content=\"Inf\u00f3rmate sobre nuestros servicios de tratamiento del abuso de sustancias y de apoyo a la recuperaci\u00f3n de adicciones. Comienza hoy mismo tu viaje hacia la recuperaci\u00f3n con una atenci\u00f3n compasiva, en la Cl\u00ednica Comunitaria Noble.\" \/>\n<meta name=\"robots\" content=\"index, follow, max-snippet:-1, max-image-preview:large, max-video-preview:-1\" \/>\n<link rel=\"canonical\" href=\"https:\/\/nobleclinics.org\/es-la\/servicios\/recuperacion-del-consumo-de-sustancias\/\" \/>\n<meta property=\"og:locale\" content=\"es_ES\" \/>\n<meta property=\"og:type\" content=\"article\" \/>\n<meta property=\"og:title\" content=\"Substance Abuse Recovery | Noble Community Clinics\" \/>\n<meta property=\"og:description\" content=\"Inf\u00f3rmate sobre nuestros servicios de tratamiento del abuso de sustancias y de apoyo a la recuperaci\u00f3n de adicciones. Comienza hoy mismo tu viaje hacia la recuperaci\u00f3n con una atenci\u00f3n compasiva, en la Cl\u00ednica Comunitaria Noble.\" \/>\n<meta property=\"og:url\" content=\"https:\/\/nobleclinics.org\/es-la\/servicios\/recuperacion-del-consumo-de-sustancias\/\" \/>\n<meta property=\"og:site_name\" content=\"Noble Community Clinics | Dental, Medical &amp; Behavioral Health\" \/>\n<meta property=\"article:modified_time\" content=\"2025-12-30T16:47:13+00:00\" \/>\n<meta name=\"twitter:card\" content=\"summary_large_image\" \/>\n<meta name=\"twitter:label1\" content=\"Est. reading time\" \/>\n\t<meta name=\"twitter:data1\" content=\"8 minutes\" \/>\n<script type=\"application\/ld+json\" class=\"yoast-schema-graph\">{\"@context\":\"https:\/\/schema.org\",\"@graph\":[{\"@type\":\"WebPage\",\"@id\":\"https:\/\/nobleclinics.org\/es-la\/servicios\/recuperacion-del-consumo-de-sustancias\/\",\"url\":\"https:\/\/nobleclinics.org\/es-la\/servicios\/recuperacion-del-consumo-de-sustancias\/\",\"name\":\"Substance Abuse Recovery | Noble Community Clinics\",\"isPartOf\":{\"@id\":\"https:\/\/nobleclinics.org\/#website\"},\"datePublished\":\"2024-10-11T17:36:42+00:00\",\"dateModified\":\"2025-12-30T16:47:13+00:00\",\"description\":\"Inf\u00f3rmate sobre nuestros servicios de tratamiento del abuso de sustancias y de apoyo a la recuperaci\u00f3n de adicciones. Comienza hoy mismo tu viaje hacia la recuperaci\u00f3n con una atenci\u00f3n compasiva, en la Cl\u00ednica Comunitaria Noble.\",\"breadcrumb\":{\"@id\":\"https:\/\/nobleclinics.org\/es-la\/servicios\/recuperacion-del-consumo-de-sustancias\/#breadcrumb\"},\"inLanguage\":\"es-419\",\"potentialAction\":[{\"@type\":\"ReadAction\",\"target\":[\"https:\/\/nobleclinics.org\/es-la\/servicios\/recuperacion-del-consumo-de-sustancias\/\"]}]},{\"@type\":\"BreadcrumbList\",\"@id\":\"https:\/\/nobleclinics.org\/es-la\/servicios\/recuperacion-del-consumo-de-sustancias\/#breadcrumb\",\"itemListElement\":[{\"@type\":\"ListItem\",\"position\":1,\"name\":\"Home\",\"item\":\"https:\/\/nobleclinics.org\/es-la\/pagina-de-inicio\/\"},{\"@type\":\"ListItem\",\"position\":2,\"name\":\"Servicios\",\"item\":\"https:\/\/nobleclinics.org\/es-la\/servicios\/\"},{\"@type\":\"ListItem\",\"position\":3,\"name\":\"Recuperaci\u00f3n del consumo de sustancias\"}]},{\"@type\":\"WebSite\",\"@id\":\"https:\/\/nobleclinics.org\/#website\",\"url\":\"https:\/\/nobleclinics.org\/\",\"name\":\"Noble Community Clinics | Dental, Medical &amp; Behavioral Health\",\"description\":\"\",\"potentialAction\":[{\"@type\":\"SearchAction\",\"target\":{\"@type\":\"EntryPoint\",\"urlTemplate\":\"https:\/\/nobleclinics.org\/?s={search_term_string}\"},\"query-input\":{\"@type\":\"PropertyValueSpecification\",\"valueRequired\":true,\"valueName\":\"search_term_string\"}}],\"inLanguage\":\"es-419\"}]}<\/script>\n<!-- \/ Yoast SEO plugin. -->","yoast_head_json":{"title":"Substance Abuse Recovery | Noble Community Clinics","description":"Inf\u00f3rmate sobre nuestros servicios de tratamiento del abuso de sustancias y de apoyo a la recuperaci\u00f3n de adicciones. Comienza hoy mismo tu viaje hacia la recuperaci\u00f3n con una atenci\u00f3n compasiva, en la Cl\u00ednica Comunitaria Noble.","robots":{"index":"index","follow":"follow","max-snippet":"max-snippet:-1","max-image-preview":"max-image-preview:large","max-video-preview":"max-video-preview:-1"},"canonical":"https:\/\/nobleclinics.org\/es-la\/servicios\/recuperacion-del-consumo-de-sustancias\/","og_locale":"es_ES","og_type":"article","og_title":"Substance Abuse Recovery | Noble Community Clinics","og_description":"Inf\u00f3rmate sobre nuestros servicios de tratamiento del abuso de sustancias y de apoyo a la recuperaci\u00f3n de adicciones. Comienza hoy mismo tu viaje hacia la recuperaci\u00f3n con una atenci\u00f3n compasiva, en la Cl\u00ednica Comunitaria Noble.","og_url":"https:\/\/nobleclinics.org\/es-la\/servicios\/recuperacion-del-consumo-de-sustancias\/","og_site_name":"Noble Community Clinics | Dental, Medical &amp; Behavioral Health","article_modified_time":"2025-12-30T16:47:13+00:00","twitter_card":"summary_large_image","twitter_misc":{"Est. reading time":"8 minutes"},"schema":{"@context":"https:\/\/schema.org","@graph":[{"@type":"WebPage","@id":"https:\/\/nobleclinics.org\/es-la\/servicios\/recuperacion-del-consumo-de-sustancias\/","url":"https:\/\/nobleclinics.org\/es-la\/servicios\/recuperacion-del-consumo-de-sustancias\/","name":"Substance Abuse Recovery | Noble Community Clinics","isPartOf":{"@id":"https:\/\/nobleclinics.org\/#website"},"datePublished":"2024-10-11T17:36:42+00:00","dateModified":"2025-12-30T16:47:13+00:00","description":"Inf\u00f3rmate sobre nuestros servicios de tratamiento del abuso de sustancias y de apoyo a la recuperaci\u00f3n de adicciones. Comienza hoy mismo tu viaje hacia la recuperaci\u00f3n con una atenci\u00f3n compasiva, en la Cl\u00ednica Comunitaria Noble.","breadcrumb":{"@id":"https:\/\/nobleclinics.org\/es-la\/servicios\/recuperacion-del-consumo-de-sustancias\/#breadcrumb"},"inLanguage":"es-419","potentialAction":[{"@type":"ReadAction","target":["https:\/\/nobleclinics.org\/es-la\/servicios\/recuperacion-del-consumo-de-sustancias\/"]}]},{"@type":"BreadcrumbList","@id":"https:\/\/nobleclinics.org\/es-la\/servicios\/recuperacion-del-consumo-de-sustancias\/#breadcrumb","itemListElement":[{"@type":"ListItem","position":1,"name":"Home","item":"https:\/\/nobleclinics.org\/es-la\/pagina-de-inicio\/"},{"@type":"ListItem","position":2,"name":"Servicios","item":"https:\/\/nobleclinics.org\/es-la\/servicios\/"},{"@type":"ListItem","position":3,"name":"Recuperaci\u00f3n del consumo de sustancias"}]},{"@type":"WebSite","@id":"https:\/\/nobleclinics.org\/#website","url":"https:\/\/nobleclinics.org\/","name":"Noble Community Clinics | Dental, Medical &amp; Behavioral Health","description":"","potentialAction":[{"@type":"SearchAction","target":{"@type":"EntryPoint","urlTemplate":"https:\/\/nobleclinics.org\/?s={search_term_string}"},"query-input":{"@type":"PropertyValueSpecification","valueRequired":true,"valueName":"search_term_string"}}],"inLanguage":"es-419"}]}},"_links":{"self":[{"href":"https:\/\/nobleclinics.org\/es-la\/wp-json\/wp\/v2\/pages\/14551","targetHints":{"allow":["GET"]}}],"collection":[{"href":"https:\/\/nobleclinics.org\/es-la\/wp-json\/wp\/v2\/pages"}],"about":[{"href":"https:\/\/nobleclinics.org\/es-la\/wp-json\/wp\/v2\/types\/page"}],"author":[{"embeddable":true,"href":"https:\/\/nobleclinics.org\/es-la\/wp-json\/wp\/v2\/users\/6"}],"replies":[{"embeddable":true,"href":"https:\/\/nobleclinics.org\/es-la\/wp-json\/wp\/v2\/comments?post=14551"}],"version-history":[{"count":0,"href":"https:\/\/nobleclinics.org\/es-la\/wp-json\/wp\/v2\/pages\/14551\/revisions"}],"up":[{"embeddable":true,"href":"https:\/\/nobleclinics.org\/es-la\/wp-json\/wp\/v2\/pages\/14565"}],"wp:attachment":[{"href":"https:\/\/nobleclinics.org\/es-la\/wp-json\/wp\/v2\/media?parent=14551"}],"curies":[{"name":"wp","href":"https:\/\/api.w.org\/{rel}","templated":true}]}}