{"id":14552,"date":"2024-10-14T00:52:44","date_gmt":"2024-10-14T00:52:44","guid":{"rendered":"https:\/\/nobleclinics.org\/afiliacion-al-seguro\/"},"modified":"2026-02-26T18:27:41","modified_gmt":"2026-02-26T18:27:41","slug":"afiliacion-al-seguro","status":"publish","type":"page","link":"https:\/\/nobleclinics.org\/es-la\/servicios\/afiliacion-al-seguro\/","title":{"rendered":"Afiliaci\u00f3n al seguro"},"content":{"rendered":"<p>[et_pb_section fb_built=&#8221;1&#8243; admin_label=&#8221;Secondary Page Hero&#8221; module_class=&#8221;hero-secondary&#8221; _builder_version=&#8221;4.27.4&#8243; _module_preset=&#8221;default&#8221; background_image=&#8221;https:\/\/nobleclinics.org\/wp-content\/uploads\/2024\/11\/insurance-erollment-service-hero.jpg&#8221; global_colors_info=&#8221;{}&#8221; custom_css_main_element_last_edited=&#8221;on|phone&#8221; custom_css_main_element_phone=&#8221;background-position-x: -33em;&#8221;][et_pb_row _builder_version=&#8221;4.27.0&#8243; _module_preset=&#8221;default&#8221; global_colors_info=&#8221;{}&#8221;][et_pb_column type=&#8221;4_4&#8243; _builder_version=&#8221;4.27.0&#8243; _module_preset=&#8221;default&#8221; global_colors_info=&#8221;{}&#8221;][et_pb_text _builder_version=&#8221;4.27.0&#8243; _module_preset=&#8221;default&#8221; global_colors_info=&#8221;{}&#8221;]<\/p>\n<h1>Te ayudamos a acceder a la cobertura que mereces<\/h1>\n<p>[\/et_pb_text][et_pb_text _builder_version=&#8221;4.27.4&#8243; _module_preset=&#8221;default&#8221; global_colors_info=&#8221;{}&#8221;]<\/p>\n<p>Navegar por el seguro m\u00e9dico puede ser abrumador, pero Noble Community Clinics est\u00e1 aqu\u00ed para ayudarte. Nuestros servicios de Inscripci\u00f3n en el Seguro est\u00e1n dise\u00f1ados para facilitar el proceso, garantizando que t\u00fa y tu familia obteng\u00e1is la cobertura que necesit\u00e1is. Tanto si est\u00e1s explorando opciones como si necesitas ayuda para inscribirte, nuestros Asesores Financieros est\u00e1n preparados para guiarte en cada paso del camino.  <\/p>\n<p>[\/et_pb_text][\/et_pb_column][\/et_pb_row][\/et_pb_section][et_pb_section fb_built=&#8221;1&#8243; admin_label=&#8221;Content Toggle&#8221; module_class=&#8221;content-toggle&#8221; _builder_version=&#8221;4.27.0&#8243; _module_preset=&#8221;default&#8221; global_colors_info=&#8221;{}&#8221;][et_pb_row _builder_version=&#8221;4.27.0&#8243; _module_preset=&#8221;default&#8221; global_colors_info=&#8221;{}&#8221;][et_pb_column type=&#8221;4_4&#8243; _builder_version=&#8221;4.27.0&#8243; _module_preset=&#8221;default&#8221; global_colors_info=&#8221;{}&#8221;][et_pb_text admin_label=&#8221;Title&#8221; module_class=&#8221;title&#8221; _builder_version=&#8221;4.27.0&#8243; _module_preset=&#8221;default&#8221; global_colors_info=&#8221;{}&#8221;]<\/p>\n<h2>Hacer que la cobertura sanitaria sea sencilla y accesible<\/h2>\n<p>[\/et_pb_text][et_pb_text admin_label=&#8221;Title&#8221; module_class=&#8221;text&#8221; _builder_version=&#8221;4.27.0&#8243; _module_preset=&#8221;default&#8221; global_colors_info=&#8221;{}&#8221;]<\/p>\n<p>Nuestros servicios de Inscripci\u00f3n en el Seguro ofrecen apoyo a las personas y familias que necesitan ayuda para comprender y solicitar un seguro m\u00e9dico. Desde elegir el plan adecuado hasta completar el papeleo, ofrecemos asistencia personalizada para asegurarnos de que est\u00e1s cubierto. <\/p>\n<p>[\/et_pb_text][\/et_pb_column][\/et_pb_row][et_pb_row _builder_version=&#8221;4.27.0&#8243; _module_preset=&#8221;default&#8221; global_colors_info=&#8221;{}&#8221;][et_pb_column type=&#8221;4_4&#8243; _builder_version=&#8221;4.27.0&#8243; _module_preset=&#8221;default&#8221; global_colors_info=&#8221;{}&#8221;][et_pb_toggle title=&#8221;Educaci\u00f3n sobre seguros de salud  &#8221; admin_label=&#8221;Health Insurance Education &#8221; _builder_version=&#8221;4.27.0&#8243; _module_preset=&#8221;default&#8221; global_colors_info=&#8221;{}&#8221;]<\/p>\n<p>Inf\u00f3rmate sobre las opciones de seguro disponibles, incluidos Medicaid, los planes del Mercado y el seguro basado en la empresa.<\/p>\n<p>[\/et_pb_toggle][et_pb_toggle title=&#8221;Ayuda para la solicitud  &#8221; admin_label=&#8221;Application Assistance &#8221; _builder_version=&#8221;4.27.0&#8243; _module_preset=&#8221;default&#8221; global_colors_info=&#8221;{}&#8221;]<\/p>\n<p>Te ayudamos a navegar por el proceso de solicitud, asegur\u00e1ndonos de que todos los documentos se cumplimentan con precisi\u00f3n y se presentan a tiempo.<\/p>\n<p>[\/et_pb_toggle][et_pb_toggle title=&#8221;Apoyo a la renovaci\u00f3n  &#8221; admin_label=&#8221;Renewal Support &#8221; _builder_version=&#8221;4.27.0&#8243; _module_preset=&#8221;default&#8221; global_colors_info=&#8221;{}&#8221;]<\/p>\n<p>Nuestro equipo te ayuda a renovar los planes de seguro m\u00e9dico existentes para garantizar que sigues recibiendo cobertura sin interrupci\u00f3n.<\/p>\n<p>[\/et_pb_toggle][et_pb_toggle title=&#8221;Revisi\u00f3n de la cobertura  &#8221; admin_label=&#8221;Coverage Review &#8221; _builder_version=&#8221;4.27.0&#8243; _module_preset=&#8221;default&#8221; global_colors_info=&#8221;{}&#8221;]<\/p>\n<p>Revisamos tu seguro m\u00e9dico actual para asegurarnos de que satisface tus necesidades, ofreci\u00e9ndote recomendaciones y orientaci\u00f3n si es necesario.<\/p>\n<p>[\/et_pb_toggle][\/et_pb_column][\/et_pb_row][\/et_pb_section][et_pb_section fb_built=&#8221;1&#8243; admin_label=&#8221;Image Links&#8221; module_class=&#8221;image-links&#8221; _builder_version=&#8221;4.27.0&#8243; _module_preset=&#8221;default&#8221; global_colors_info=&#8221;{}&#8221;][et_pb_row _builder_version=&#8221;4.27.0&#8243; _module_preset=&#8221;default&#8221; global_colors_info=&#8221;{}&#8221;][et_pb_column type=&#8221;4_4&#8243; _builder_version=&#8221;4.27.0&#8243; _module_preset=&#8221;default&#8221; global_colors_info=&#8221;{}&#8221;][et_pb_text admin_label=&#8221;Find a Location&#8221; _builder_version=&#8221;4.27.4&#8243; _module_preset=&#8221;default&#8221; global_colors_info=&#8221;{}&#8221;]<\/p>\n<h2><strong><span class=\"TextRun SCXW224583983 BCX0\" lang=\"EN-US\" xml:lang=\"EN-US\" data-contrast=\"none\"><span class=\"NormalTextRun SCXW224583983 BCX0\">Buscar un lugar<\/span><\/span><span class=\"EOP SCXW224583983 BCX0\" data-ccp-props=\"{\"201341983\":0,\"335559740\":279}\"> <\/span><\/strong><\/h2>\n<p>[\/et_pb_text][\/et_pb_column][\/et_pb_row][et_pb_row column_structure=&#8221;1_3,1_3,1_3&#8243; _builder_version=&#8221;4.27.0&#8243; _module_preset=&#8221;default&#8221; global_colors_info=&#8221;{}&#8221;][et_pb_column type=&#8221;1_3&#8243; _builder_version=&#8221;4.27.0&#8243; _module_preset=&#8221;default&#8221; global_colors_info=&#8221;{}&#8221;][et_pb_blurb title=&#8221;Presa de Beaver&#8221; admin_label=&#8221;Beaver Dam&#8221; _builder_version=&#8221;4.27.0&#8243; _module_preset=&#8221;default&#8221; background_image=&#8221;https:\/\/nobleclinics.org\/wp-content\/uploads\/2024\/11\/BeaverDam-medical_clinic-thumbnail.jpg&#8221; link_option_url=&#8221;https:\/\/nobleclinics.org\/es-la\/beaver-dam\/&#8221; global_colors_info=&#8221;{}&#8221;][\/et_pb_blurb][\/et_pb_column][et_pb_column type=&#8221;1_3&#8243; _builder_version=&#8221;4.27.0&#8243; _module_preset=&#8221;default&#8221; global_colors_info=&#8221;{}&#8221;][et_pb_blurb title=&#8221;Amistad&#8221; admin_label=&#8221;Friendship&#8221; _builder_version=&#8221;4.27.0&#8243; _module_preset=&#8221;default&#8221; background_image=&#8221;https:\/\/nobleclinics.org\/wp-content\/uploads\/2024\/11\/Friendship-clinic-thumbnail.jpg&#8221; link_option_url=&#8221;https:\/\/nobleclinics.org\/es-la\/friendship\/&#8221; global_colors_info=&#8221;{}&#8221;][\/et_pb_blurb][\/et_pb_column][et_pb_column type=&#8221;1_3&#8243; _builder_version=&#8221;4.27.0&#8243; _module_preset=&#8221;default&#8221; global_colors_info=&#8221;{}&#8221;][et_pb_blurb title=&#8221;Mauston&#8221; admin_label=&#8221;Mauston&#8221; _builder_version=&#8221;4.27.0&#8243; _module_preset=&#8221;default&#8221; background_image=&#8221;https:\/\/nobleclinics.org\/wp-content\/uploads\/2024\/11\/Mauston-dental_clinic-thumbnail.jpg&#8221; link_option_url=&#8221;https:\/\/nobleclinics.org\/es-la\/mauston\/&#8221; global_colors_info=&#8221;{}&#8221;][\/et_pb_blurb][\/et_pb_column][\/et_pb_row][et_pb_row column_structure=&#8221;1_2,1_2&#8243; _builder_version=&#8221;4.27.0&#8243; _module_preset=&#8221;default&#8221; global_colors_info=&#8221;{}&#8221;][et_pb_column type=&#8221;1_2&#8243; _builder_version=&#8221;4.27.0&#8243; _module_preset=&#8221;default&#8221; global_colors_info=&#8221;{}&#8221;][et_pb_blurb title=&#8221;Stevens Point&#8221; alt=&#8221;Stevens Point&#8221; admin_label=&#8221;Stevens Point&#8221; _builder_version=&#8221;4.27.4&#8243; _module_preset=&#8221;default&#8221; background_image=&#8221;https:\/\/nobleclinics.org\/wp-content\/uploads\/2025\/07\/noble_clinics_stevens_point.webp&#8221; link_option_url=&#8221;https:\/\/nobleclinics.org\/es-la\/stevens-point\/&#8221; global_colors_info=&#8221;{}&#8221;][\/et_pb_blurb][\/et_pb_column][et_pb_column type=&#8221;1_2&#8243; _builder_version=&#8221;4.27.0&#8243; _module_preset=&#8221;default&#8221; global_colors_info=&#8221;{}&#8221;][et_pb_blurb title=&#8221;Wautoma&#8221; admin_label=&#8221;Wautoma&#8221; _builder_version=&#8221;4.27.0&#8243; _module_preset=&#8221;default&#8221; background_image=&#8221;https:\/\/nobleclinics.org\/wp-content\/uploads\/2024\/11\/Wautoma-clinic-thumbnail.jpg&#8221; link_option_url=&#8221;https:\/\/nobleclinics.org\/es-la\/wautoma\/&#8221; global_colors_info=&#8221;{}&#8221;][\/et_pb_blurb][\/et_pb_column][\/et_pb_row][\/et_pb_section][et_pb_section fb_built=&#8221;1&#8243; specialty=&#8221;on&#8221; admin_label=&#8221;Content Left &#8211; Image Right&#8221; module_class=&#8221;image-content reversed&#8221; _builder_version=&#8221;4.27.0&#8243; _module_preset=&#8221;default&#8221; background_color=&#8221;#2a3f49&#8243; custom_padding=&#8221;16px||104px|||&#8221; global_colors_info=&#8221;{}&#8221;][et_pb_column type=&#8221;1_2&#8243; specialty_columns=&#8221;2&#8243; _builder_version=&#8221;4.16&#8243; custom_padding=&#8221;|||&#8221; global_colors_info=&#8221;{}&#8221; custom_padding__hover=&#8221;|||&#8221;][et_pb_row_inner _builder_version=&#8221;4.27.0&#8243; _module_preset=&#8221;default&#8221; global_colors_info=&#8221;{}&#8221;][et_pb_column_inner saved_specialty_column_type=&#8221;1_2&#8243; _builder_version=&#8221;4.27.0&#8243; _module_preset=&#8221;default&#8221; global_colors_info=&#8221;{}&#8221;][et_pb_text module_class=&#8221;title&#8221; _builder_version=&#8221;4.27.0&#8243; _module_preset=&#8221;default&#8221; header_2_text_color=&#8221;#FFFFFF&#8221; global_colors_info=&#8221;{}&#8221;]<\/p>\n<h2>\u00bfQui\u00e9n puede beneficiarse de nuestros servicios?<\/h2>\n<p>[\/et_pb_text][et_pb_text admin_label=&#8221;Text&#8221; module_class=&#8221;content&#8221; _builder_version=&#8221;4.27.4&#8243; _module_preset=&#8221;default&#8221; text_text_color=&#8221;#FFFFFF&#8221; global_colors_info=&#8221;{}&#8221;]<\/p>\n<p>Tanto si te inscribes en un seguro por primera vez como si necesitas ayuda para renovar tu cobertura, nuestros servicios est\u00e1n a disposici\u00f3n de <strong>cualquiera<\/strong> que busque ayuda con el seguro m\u00e9dico. Nuestros asesores financieros trabajan con particulares, familias y personas con necesidades sanitarias espec\u00edficas para garantizarles el acceso a una cobertura asequible y completa. <\/p>\n<p>[\/et_pb_text][\/et_pb_column_inner][\/et_pb_row_inner][et_pb_row_inner column_structure=&#8221;1_2,1_2&#8243; _builder_version=&#8221;4.27.0&#8243; _module_preset=&#8221;default&#8221; global_colors_info=&#8221;{}&#8221;][et_pb_column_inner type=&#8221;1_2&#8243; saved_specialty_column_type=&#8221;1_2&#8243; _builder_version=&#8221;4.27.0&#8243; _module_preset=&#8221;default&#8221; global_colors_info=&#8221;{}&#8221;][et_pb_button button_url=&#8221;https:\/\/nobleclinics.org\/es-la\/contacto\/&#8221; button_text=&#8221;Consigue ayuda para inscribirte  &#8221; admin_label=&#8221;Get Help with Enrollment &#8221; module_class=&#8221;btn-primary&#8221; _builder_version=&#8221;4.27.4&#8243; _module_preset=&#8221;default&#8221; global_colors_info=&#8221;{}&#8221;][\/et_pb_button][\/et_pb_column_inner][et_pb_column_inner type=&#8221;1_2&#8243; saved_specialty_column_type=&#8221;1_2&#8243; _builder_version=&#8221;4.27.0&#8243; _module_preset=&#8221;default&#8221; global_colors_info=&#8221;{}&#8221;][\/et_pb_column_inner][\/et_pb_row_inner][\/et_pb_column][et_pb_column type=&#8221;1_2&#8243; _builder_version=&#8221;4.16&#8243; custom_padding=&#8221;|||&#8221; global_colors_info=&#8221;{}&#8221; custom_padding__hover=&#8221;|||&#8221;][et_pb_image src=&#8221;https:\/\/nobleclinics.org\/wp-content\/uploads\/2024\/11\/insurance-erollment-benefits-services-650.jpg&#8221; title_text=&#8221;servicios-seguros-empleo-beneficios-650&#8243; align=&#8221;center&#8221; _builder_version=&#8221;4.27.0&#8243; _module_preset=&#8221;default&#8221; border_radii=&#8221;on|10px|10px|10px|10px&#8221; global_colors_info=&#8221;{}&#8221;][\/et_pb_image][\/et_pb_column][\/et_pb_section]<\/p>\n","protected":false},"excerpt":{"rendered":"<p>Te ayudamos a acceder a la cobertura que merecesNavegar por el seguro m\u00e9dico puede ser abrumador, pero Noble Community Clinics est\u00e1 aqu\u00ed para ayudarte. Nuestros servicios de Inscripci\u00f3n en el Seguro est\u00e1n dise\u00f1ados para facilitar el proceso, garantizando que t\u00fa y tu familia obteng\u00e1is la cobertura que necesit\u00e1is. Tanto si est\u00e1s explorando opciones como si necesitas ayuda para inscribirte, nuestros Asesores Financieros est\u00e1n preparados para guiarte en cada paso del camino. Hacer que la cobertura sanitaria sea sencilla y accesibleNuestros servicios de Inscripci\u00f3n en el Seguro ofrecen apoyo a las personas y familias que necesitan ayuda para comprender y solicitar un seguro m\u00e9dico. Desde elegir el plan adecuado hasta completar el papeleo, ofrecemos asistencia personalizada para asegurarnos de que est\u00e1s cubierto. Inf\u00f3rmate sobre las opciones de seguro disponibles, incluidos Medicaid, los planes del Mercado y el seguro basado en la empresa.Te ayudamos a navegar por el proceso de solicitud, asegur\u00e1ndonos de que todos los documentos se cumplimentan con precisi\u00f3n y se presentan a tiempo.Nuestro equipo te ayuda a renovar los planes de seguro m\u00e9dico existentes para garantizar que sigues recibiendo cobertura sin interrupci\u00f3n.Revisamos tu seguro m\u00e9dico actual para asegurarnos de que satisface tus necesidades, ofreci\u00e9ndote recomendaciones y orientaci\u00f3n si es [&hellip;]<\/p>\n","protected":false},"author":6,"featured_media":0,"parent":14565,"menu_order":0,"comment_status":"closed","ping_status":"closed","template":"","meta":{"_et_pb_use_builder":"on","_et_pb_old_content":"","_et_gb_content_width":"","inline_featured_image":false,"footnotes":""},"class_list":["post-14552","page","type-page","status-publish","hentry"],"yoast_head":"<!-- This site is optimized with the Yoast SEO plugin v24.5 - https:\/\/yoast.com\/wordpress\/plugins\/seo\/ -->\n<title>Inscripci\u00f3n en el seguro - Asistencia sanitaria asequible | Cl\u00ednicas comunitarias de Noble<\/title>\n<meta name=\"description\" content=\"Noble Community Clinics ofrece servicios de Inscripci\u00f3n en Seguros para ayudarte a explorar opciones y conseguir la cobertura sanitaria que necesitas.\" \/>\n<meta name=\"robots\" content=\"index, follow, max-snippet:-1, max-image-preview:large, max-video-preview:-1\" \/>\n<link rel=\"canonical\" href=\"https:\/\/nobleclinics.org\/es-la\/servicios\/afiliacion-al-seguro\/\" \/>\n<meta property=\"og:locale\" content=\"es_ES\" \/>\n<meta property=\"og:type\" content=\"article\" \/>\n<meta property=\"og:title\" content=\"Inscripci\u00f3n en el seguro - Asistencia sanitaria asequible | Cl\u00ednicas comunitarias de Noble\" \/>\n<meta property=\"og:description\" content=\"Noble Community Clinics ofrece servicios de Inscripci\u00f3n en Seguros para ayudarte a explorar opciones y conseguir la cobertura sanitaria que necesitas.\" \/>\n<meta property=\"og:url\" content=\"https:\/\/nobleclinics.org\/es-la\/servicios\/afiliacion-al-seguro\/\" \/>\n<meta property=\"og:site_name\" content=\"Noble Community Clinics | Dental, Medical &amp; Behavioral Health\" \/>\n<meta property=\"article:modified_time\" content=\"2026-02-26T18:27:41+00:00\" \/>\n<meta name=\"twitter:card\" content=\"summary_large_image\" \/>\n<meta name=\"twitter:label1\" content=\"Est. reading time\" \/>\n\t<meta name=\"twitter:data1\" content=\"3 minutes\" \/>\n<script type=\"application\/ld+json\" class=\"yoast-schema-graph\">{\"@context\":\"https:\/\/schema.org\",\"@graph\":[{\"@type\":\"WebPage\",\"@id\":\"https:\/\/nobleclinics.org\/es-la\/servicios\/afiliacion-al-seguro\/\",\"url\":\"https:\/\/nobleclinics.org\/es-la\/servicios\/afiliacion-al-seguro\/\",\"name\":\"Inscripci\u00f3n en el seguro - Asistencia sanitaria asequible | Cl\u00ednicas comunitarias de Noble\",\"isPartOf\":{\"@id\":\"https:\/\/nobleclinics.org\/#website\"},\"datePublished\":\"2024-10-14T00:52:44+00:00\",\"dateModified\":\"2026-02-26T18:27:41+00:00\",\"description\":\"Noble Community Clinics ofrece servicios de Inscripci\u00f3n en Seguros para ayudarte a explorar opciones y conseguir la cobertura sanitaria que necesitas.\",\"breadcrumb\":{\"@id\":\"https:\/\/nobleclinics.org\/es-la\/servicios\/afiliacion-al-seguro\/#breadcrumb\"},\"inLanguage\":\"es-419\",\"potentialAction\":[{\"@type\":\"ReadAction\",\"target\":[\"https:\/\/nobleclinics.org\/es-la\/servicios\/afiliacion-al-seguro\/\"]}]},{\"@type\":\"BreadcrumbList\",\"@id\":\"https:\/\/nobleclinics.org\/es-la\/servicios\/afiliacion-al-seguro\/#breadcrumb\",\"itemListElement\":[{\"@type\":\"ListItem\",\"position\":1,\"name\":\"Home\",\"item\":\"https:\/\/nobleclinics.org\/es-la\/pagina-de-inicio\/\"},{\"@type\":\"ListItem\",\"position\":2,\"name\":\"Servicios\",\"item\":\"https:\/\/nobleclinics.org\/es-la\/servicios\/\"},{\"@type\":\"ListItem\",\"position\":3,\"name\":\"Afiliaci\u00f3n al seguro\"}]},{\"@type\":\"WebSite\",\"@id\":\"https:\/\/nobleclinics.org\/#website\",\"url\":\"https:\/\/nobleclinics.org\/\",\"name\":\"Noble Community Clinics | Dental, Medical &amp; Behavioral Health\",\"description\":\"\",\"potentialAction\":[{\"@type\":\"SearchAction\",\"target\":{\"@type\":\"EntryPoint\",\"urlTemplate\":\"https:\/\/nobleclinics.org\/?s={search_term_string}\"},\"query-input\":{\"@type\":\"PropertyValueSpecification\",\"valueRequired\":true,\"valueName\":\"search_term_string\"}}],\"inLanguage\":\"es-419\"}]}<\/script>\n<!-- \/ Yoast SEO plugin. -->","yoast_head_json":{"title":"Inscripci\u00f3n en el seguro - Asistencia sanitaria asequible | Cl\u00ednicas comunitarias de Noble","description":"Noble Community Clinics ofrece servicios de Inscripci\u00f3n en Seguros para ayudarte a explorar opciones y conseguir la cobertura sanitaria que necesitas.","robots":{"index":"index","follow":"follow","max-snippet":"max-snippet:-1","max-image-preview":"max-image-preview:large","max-video-preview":"max-video-preview:-1"},"canonical":"https:\/\/nobleclinics.org\/es-la\/servicios\/afiliacion-al-seguro\/","og_locale":"es_ES","og_type":"article","og_title":"Inscripci\u00f3n en el seguro - Asistencia sanitaria asequible | Cl\u00ednicas comunitarias de Noble","og_description":"Noble Community Clinics ofrece servicios de Inscripci\u00f3n en Seguros para ayudarte a explorar opciones y conseguir la cobertura sanitaria que necesitas.","og_url":"https:\/\/nobleclinics.org\/es-la\/servicios\/afiliacion-al-seguro\/","og_site_name":"Noble Community Clinics | Dental, Medical &amp; Behavioral Health","article_modified_time":"2026-02-26T18:27:41+00:00","twitter_card":"summary_large_image","twitter_misc":{"Est. reading time":"3 minutes"},"schema":{"@context":"https:\/\/schema.org","@graph":[{"@type":"WebPage","@id":"https:\/\/nobleclinics.org\/es-la\/servicios\/afiliacion-al-seguro\/","url":"https:\/\/nobleclinics.org\/es-la\/servicios\/afiliacion-al-seguro\/","name":"Inscripci\u00f3n en el seguro - Asistencia sanitaria asequible | Cl\u00ednicas comunitarias de Noble","isPartOf":{"@id":"https:\/\/nobleclinics.org\/#website"},"datePublished":"2024-10-14T00:52:44+00:00","dateModified":"2026-02-26T18:27:41+00:00","description":"Noble Community Clinics ofrece servicios de Inscripci\u00f3n en Seguros para ayudarte a explorar opciones y conseguir la cobertura sanitaria que necesitas.","breadcrumb":{"@id":"https:\/\/nobleclinics.org\/es-la\/servicios\/afiliacion-al-seguro\/#breadcrumb"},"inLanguage":"es-419","potentialAction":[{"@type":"ReadAction","target":["https:\/\/nobleclinics.org\/es-la\/servicios\/afiliacion-al-seguro\/"]}]},{"@type":"BreadcrumbList","@id":"https:\/\/nobleclinics.org\/es-la\/servicios\/afiliacion-al-seguro\/#breadcrumb","itemListElement":[{"@type":"ListItem","position":1,"name":"Home","item":"https:\/\/nobleclinics.org\/es-la\/pagina-de-inicio\/"},{"@type":"ListItem","position":2,"name":"Servicios","item":"https:\/\/nobleclinics.org\/es-la\/servicios\/"},{"@type":"ListItem","position":3,"name":"Afiliaci\u00f3n al seguro"}]},{"@type":"WebSite","@id":"https:\/\/nobleclinics.org\/#website","url":"https:\/\/nobleclinics.org\/","name":"Noble Community Clinics | Dental, Medical &amp; Behavioral Health","description":"","potentialAction":[{"@type":"SearchAction","target":{"@type":"EntryPoint","urlTemplate":"https:\/\/nobleclinics.org\/?s={search_term_string}"},"query-input":{"@type":"PropertyValueSpecification","valueRequired":true,"valueName":"search_term_string"}}],"inLanguage":"es-419"}]}},"_links":{"self":[{"href":"https:\/\/nobleclinics.org\/es-la\/wp-json\/wp\/v2\/pages\/14552","targetHints":{"allow":["GET"]}}],"collection":[{"href":"https:\/\/nobleclinics.org\/es-la\/wp-json\/wp\/v2\/pages"}],"about":[{"href":"https:\/\/nobleclinics.org\/es-la\/wp-json\/wp\/v2\/types\/page"}],"author":[{"embeddable":true,"href":"https:\/\/nobleclinics.org\/es-la\/wp-json\/wp\/v2\/users\/6"}],"replies":[{"embeddable":true,"href":"https:\/\/nobleclinics.org\/es-la\/wp-json\/wp\/v2\/comments?post=14552"}],"version-history":[{"count":0,"href":"https:\/\/nobleclinics.org\/es-la\/wp-json\/wp\/v2\/pages\/14552\/revisions"}],"up":[{"embeddable":true,"href":"https:\/\/nobleclinics.org\/es-la\/wp-json\/wp\/v2\/pages\/14565"}],"wp:attachment":[{"href":"https:\/\/nobleclinics.org\/es-la\/wp-json\/wp\/v2\/media?parent=14552"}],"curies":[{"name":"wp","href":"https:\/\/api.w.org\/{rel}","templated":true}]}}