{"id":14568,"date":"2024-10-16T15:16:43","date_gmt":"2024-10-16T15:16:43","guid":{"rendered":"https:\/\/nobleclinics.org\/pacientes\/"},"modified":"2025-11-18T17:31:18","modified_gmt":"2025-11-18T17:31:18","slug":"pacientes","status":"publish","type":"page","link":"https:\/\/nobleclinics.org\/es-la\/pacientes\/","title":{"rendered":"Pacientes"},"content":{"rendered":"<p>[et_pb_section fb_built=&#8221;1&#8243; admin_label=&#8221;Secondary Page Hero&#8221; module_class=&#8221;hero-secondary&#8221; _builder_version=&#8221;4.27.4&#8243; _module_preset=&#8221;default&#8221; background_image=&#8221;https:\/\/nobleclinics.org\/wp-content\/uploads\/2025\/11\/IMG_2220.00_00_04_21.Still002.jpg&#8221; global_colors_info=&#8221;{}&#8221;][et_pb_row _builder_version=&#8221;4.27.0&#8243; _module_preset=&#8221;default&#8221; global_colors_info=&#8221;{}&#8221;][et_pb_column type=&#8221;4_4&#8243; _builder_version=&#8221;4.27.0&#8243; _module_preset=&#8221;default&#8221; custom_css_main_element=&#8221;width: calc(61% &#8211; 1em) !important;&#8221; global_colors_info=&#8221;{}&#8221; custom_css_main_element_last_edited=&#8221;on|tablet&#8221; custom_css_main_element_tablet=&#8221;width: 100% !important;&#8221; custom_css_main_element_phone=&#8221;width: 100% !important;&#8221;][et_pb_text _builder_version=&#8221;4.27.0&#8243; _module_preset=&#8221;default&#8221; global_colors_info=&#8221;{}&#8221;]<\/p>\n<h1>Tu salud, nuestra misi\u00f3n<\/h1>\n<p>[\/et_pb_text][et_pb_text _builder_version=&#8221;4.27.0&#8243; _module_preset=&#8221;default&#8221; global_colors_info=&#8221;{}&#8221;]<\/p>\n<p>En Noble Community Clinics, nos dedicamos a proporcionar una atenci\u00f3n compasiva y de alta calidad desde tu primera visita. Tanto si est\u00e1s buscando a tu proveedor ideal como si est\u00e1s navegando por el proceso de inscripci\u00f3n, nuestro equipo est\u00e1 aqu\u00ed para guiarte. Hacemos que la asistencia sanitaria sea accesible, te apoye y se adapte a tus necesidades en cada paso del camino.  <\/p>\n<p>[\/et_pb_text][\/et_pb_column][\/et_pb_row][\/et_pb_section][et_pb_section fb_built=&#8221;1&#8243; admin_label=&#8221;Content Toggle&#8221; module_class=&#8221;content-toggle&#8221; _builder_version=&#8221;4.27.0&#8243; _module_preset=&#8221;default&#8221; global_colors_info=&#8221;{}&#8221;][et_pb_row _builder_version=&#8221;4.27.0&#8243; _module_preset=&#8221;default&#8221; global_colors_info=&#8221;{}&#8221;][et_pb_column type=&#8221;4_4&#8243; _builder_version=&#8221;4.27.0&#8243; _module_preset=&#8221;default&#8221; global_colors_info=&#8221;{}&#8221;][et_pb_text admin_label=&#8221;Title&#8221; module_class=&#8221;title&#8221; _builder_version=&#8221;4.27.0&#8243; _module_preset=&#8221;default&#8221; custom_margin=&#8221;||16px|||&#8221; global_colors_info=&#8221;{}&#8221;]<\/p>\n<h2>Informaci\u00f3n para pacientes nuevos<\/h2>\n<p>[\/et_pb_text][et_pb_text admin_label=&#8221;Title&#8221; module_class=&#8221;text&#8221; _builder_version=&#8221;4.27.0&#8243; _module_preset=&#8221;default&#8221; global_colors_info=&#8221;{}&#8221;]<\/p>\n<p>Tanto si buscas el proveedor adecuado como si necesitas ayuda con el papeleo y el seguro, estamos aqu\u00ed para hacer que el proceso sea sencillo y sin estr\u00e9s.<\/p>\n<p>[\/et_pb_text][\/et_pb_column][\/et_pb_row][et_pb_row _builder_version=&#8221;4.27.0&#8243; _module_preset=&#8221;default&#8221; global_colors_info=&#8221;{}&#8221;][et_pb_column type=&#8221;4_4&#8243; _builder_version=&#8221;4.27.0&#8243; _module_preset=&#8221;default&#8221; global_colors_info=&#8221;{}&#8221;][et_pb_toggle title=&#8221;Busca entre nuestros proveedores y encuentra tu ubicaci\u00f3n  &#8221; admin_label=&#8221;Browse Through Our Providers and Find Your Location &#8221; _builder_version=&#8221;4.27.4&#8243; _module_preset=&#8221;default&#8221; global_colors_info=&#8221;{}&#8221;]<\/p>\n<p>Conoce a nuestros cualificados proveedores y encuentra la cl\u00ednica m\u00e1s cercana a ti. Consulta <strong><a href=\"https:\/\/nobleclinics.org\/es-la\/quienes-somos\/nuestros-proveedores\/\">biograf\u00edas de los proveedores<\/a><\/strong> para elegir el que mejor se adapte a tus cuidados, o pide la pr\u00f3xima cita disponible <strong><a href=\"https:\/\/nobleclinics.org\/es-la\/hacer-una-cita\/\">disponible<\/a><\/strong> en tu <strong><a href=\"https:\/\/nobleclinics.org\/es-la\/localizaciones\/\">m\u00e1s cercana<\/a><\/strong>. <\/p>\n<p>[\/et_pb_toggle][et_pb_toggle title=&#8221;Programa tu primera cita  &#8221; admin_label=&#8221;Schedule Your First Appointment &#8221; _builder_version=&#8221;4.27.0&#8243; _module_preset=&#8221;default&#8221; global_colors_info=&#8221;{}&#8221;]<\/p>\n<p>Llama a <a href=\"tel:18009425330\"><strong>1-800-942-5330<\/strong><\/a> o visita nuestra <a href=\"https:\/\/nobleclinics.org\/es-la\/hacer-una-cita\/\" target=\"_blank\" rel=\"noopener\"><strong>p\u00e1gina de solicitud de cita<\/strong><\/a> para programar tu visita y preinscribirte. Nuestros Navegadores de Servicios al Paciente est\u00e1n preparados para ayudarte en cada paso.<\/p>\n<p>[\/et_pb_toggle][et_pb_toggle title=&#8221;\u00bfNecesitas ayuda con el proceso y el papeleo?  &#8221; admin_label=&#8221;Need Help with the Process &#038; Paperwork? &#8221; _builder_version=&#8221;4.27.4&#8243; _module_preset=&#8221;default&#8221; global_colors_info=&#8221;{}&#8221;]<\/p>\n<p>Nuestros asesores financieros te guiar\u00e1n en cada parte del proceso, desde rellenar formularios hasta solicitar seguros o ayudas econ\u00f3micas.<\/p>\n<p>[\/et_pb_toggle][et_pb_toggle title=&#8221;Adel\u00e1ntate al papeleo  &#8221; admin_label=&#8221;Get a Head Start on Paperwork &#8221; _builder_version=&#8221;4.27.4&#8243; _module_preset=&#8221;default&#8221; global_colors_info=&#8221;{}&#8221;]<\/p>\n<p><strong>Adel\u00e1ntate al papeleo: <\/strong>Para agilizar tu visita y asegurarnos de que disponemos de toda la informaci\u00f3n necesaria, te invitamos a que descargues y cumplimentes los siguientes formularios con antelaci\u00f3n:<\/p>\n<p><strong><a href=\"\/wp-content\/uploads\/2025\/07\/Authorization-for-Release-of-Information-3664_0-3-1.docx\" target=\"_blank\" rel=\"noopener\">Autorizaci\u00f3n para la divulgaci\u00f3n de informaci\u00f3n<\/a>:<\/strong> Este formulario nos permite acceder a tus historiales m\u00e9dicos de otros proveedores para proporcionarte la mejor atenci\u00f3n.<\/p>\n<p><strong>Autorizaci\u00f3n de amigos y familiares:<\/strong> Este documento nos autoriza a compartir tu informaci\u00f3n sanitaria con los seres queridos que designes.<\/p>\n<p>Descarga y rellena estos formularios antes de tu cita para ahorrar tiempo y ayudarnos a atenderte mejor.<\/p>\n<p><a href=\"\/wp-content\/uploads\/2024\/12\/ROI-Friends-and-Family-Form-English-and-Spanish.pdf\" target=\"_blank\" rel=\"noopener\"><strong>Descargar el formulario de ROI para amigos y familiares Ingl\u00e9s y espa\u00f1ol<\/strong><\/a><\/p>\n<p><a href=\"\/wp-content\/uploads\/2024\/12\/Med-Clearance-Form.pdf\" target=\"_blank\" rel=\"noopener\"><strong>Descargar el formulario de autorizaci\u00f3n m\u00e9dica<\/strong><\/a><\/p>\n<p><a href=\"\/wp-content\/uploads\/2024\/12\/Health-history-Spanish-6.27.24.pdf\" target=\"_blank\" rel=\"noopener\"><strong>Descargar Historia cl\u00ednica en espa\u00f1ol  <\/strong><\/a><\/p>\n<p><a href=\"\/wp-content\/uploads\/2024\/12\/Consent-for-Tx-of-Adult-Ward-in-LG-Absence.pdf\" target=\"_blank\" rel=\"noopener\"><strong>Descargar Consentimiento para Tx de Adulto en Ausencia de LG<\/strong><\/a><\/p>\n<p><a href=\"\/wp-content\/uploads\/2024\/12\/Authorization-for-Treatment-of-Minor.pdf\" target=\"_blank\" rel=\"noopener\"><strong>Descargar Autorizaci\u00f3n para el tratamiento de un menor<\/strong><\/a><\/p>\n<p><a href=\"\/wp-content\/uploads\/2025\/07\/Health-history-Hmong-7.24.24.docx\" target=\"_blank\" rel=\"noopener\"><strong>Descargar Historia cl\u00ednica &#8211; Hmong<\/strong><\/a><\/p>\n<p><a href=\"\/wp-content\/uploads\/2025\/07\/Health-history-6.27.24.docx\" target=\"_blank\" rel=\"noopener\"><strong>Descargar historial m\u00e9dico &#8211; Espa\u00f1ol<\/strong><\/a><\/p>\n<p><a href=\"\/wp-content\/uploads\/2025\/07\/Health-history-Polish-7.24.24.docx\" target=\"_blank\" rel=\"noopener\"><strong>Descargar historial m\u00e9dico &#8211; Polaco<\/strong><\/a><\/p>\n<p>[\/et_pb_toggle][et_pb_toggle title=&#8221;Seguros y pagos  &#8221; admin_label=&#8221;Insurance and Payments &#8221; _builder_version=&#8221;4.27.4&#8243; _module_preset=&#8221;default&#8221; global_colors_info=&#8221;{}&#8221;]<\/p>\n<p>Aceptamos una amplia gama de planes de seguro, incluido BadgerCare, y ofrecemos un <strong><a href=\"https:\/\/nobleclinics.org\/es-la\/servicios\/facturacion-de-seguros\/\">programa de descuentos seg\u00fan las tarifas<\/a><\/strong> para los pacientes que cumplan los requisitos. \u00bfNo tienes seguro? No hay problema. Puedes elegir el pago en efectivo, o podemos ponerte en contacto con un Asesor Financiero para explorar las opciones de ayuda econ\u00f3mica.<\/p>\n<p>[\/et_pb_toggle][\/et_pb_column][\/et_pb_row][et_pb_row _builder_version=&#8221;4.27.4&#8243; _module_preset=&#8221;default&#8221; global_colors_info=&#8221;{}&#8221;][et_pb_column type=&#8221;4_4&#8243; _builder_version=&#8221;4.27.4&#8243; _module_preset=&#8221;default&#8221; global_colors_info=&#8221;{}&#8221;][\/et_pb_column][\/et_pb_row][et_pb_row _builder_version=&#8221;4.27.0&#8243; _module_preset=&#8221;default&#8221; global_colors_info=&#8221;{}&#8221;][et_pb_column type=&#8221;4_4&#8243; _builder_version=&#8221;4.27.0&#8243; _module_preset=&#8221;default&#8221; global_colors_info=&#8221;{}&#8221;][et_pb_text admin_label=&#8221;Title&#8221; module_class=&#8221;title&#8221; _builder_version=&#8221;4.27.4&#8243; _module_preset=&#8221;default&#8221; custom_margin=&#8221;||16px|||&#8221; global_colors_info=&#8221;{}&#8221;]<\/p>\n<h2>Hogar M\u00e9dico Centrado en el Paciente (PCMH)<\/h2>\n<p>[\/et_pb_text][et_pb_text admin_label=&#8221;Title&#8221; module_class=&#8221;text&#8221; _builder_version=&#8221;4.27.4&#8243; _module_preset=&#8221;default&#8221; global_colors_info=&#8221;{}&#8221;]Noble Community Clinics es tu Hogar M\u00e9dico Centrado en el Paciente (PCMH).<\/p>\n<p><b>\u00bfQu\u00e9 es un Hogar M\u00e9dico Centrado en el Paciente?<\/b>  Un Hogar M\u00e9dico Centrado en el Paciente (PCMH) es un modelo certificado de atenci\u00f3n que se centra en ti (el paciente) y en tu salud. Noble Community Clinics ofrece servicios que te ayudan a ti y a tus necesidades sanitarias particulares. Como PCMH, trabajamos juntos para centrarnos en ti, para mejorar la calidad, la seguridad y el valor de tu asistencia.[\/et_pb_text][\/et_pb_column][\/et_pb_row][\/et_pb_section][et_pb_section fb_built=&#8221;1&#8243; admin_label=&#8221;Image Links&#8221; module_class=&#8221;image-links&#8221; _builder_version=&#8221;4.27.0&#8243; _module_preset=&#8221;default&#8221; locked=&#8221;off&#8221; global_colors_info=&#8221;{}&#8221;][et_pb_row _builder_version=&#8221;4.27.0&#8243; _module_preset=&#8221;default&#8221; global_colors_info=&#8221;{}&#8221;][et_pb_column type=&#8221;4_4&#8243; _builder_version=&#8221;4.27.0&#8243; _module_preset=&#8221;default&#8221; global_colors_info=&#8221;{}&#8221;][et_pb_text _builder_version=&#8221;4.27.0&#8243; _module_preset=&#8221;default&#8221; global_colors_info=&#8221;{}&#8221;]<\/p>\n<h2><strong><span class=\"TextRun SCXW224583983 BCX0\" lang=\"EN-US\" xml:lang=\"EN-US\" data-contrast=\"none\"><span class=\"NormalTextRun SCXW224583983 BCX0\">Buscar un lugar<\/span><\/span><span class=\"EOP SCXW224583983 BCX0\" data-ccp-props=\"{\"201341983\":0,\"335559740\":279}\"> <\/span><\/strong><\/h2>\n<p>[\/et_pb_text][\/et_pb_column][\/et_pb_row][et_pb_row column_structure=&#8221;1_3,1_3,1_3&#8243; _builder_version=&#8221;4.27.0&#8243; _module_preset=&#8221;default&#8221; locked=&#8221;off&#8221; global_colors_info=&#8221;{}&#8221;][et_pb_column type=&#8221;1_3&#8243; _builder_version=&#8221;4.27.0&#8243; _module_preset=&#8221;default&#8221; global_colors_info=&#8221;{}&#8221;][et_pb_blurb title=&#8221;Presa de Beaver&#8221; admin_label=&#8221;Beaver Dam&#8221; _builder_version=&#8221;4.27.0&#8243; _module_preset=&#8221;default&#8221; background_image=&#8221;https:\/\/nobleclinics.org\/wp-content\/uploads\/2024\/11\/BeaverDam-dental_clinic-thumbnail.jpg&#8221; link_option_url=&#8221;https:\/\/nobleclinics.org\/es-la\/beaver-dam\/&#8221; global_colors_info=&#8221;{}&#8221;][\/et_pb_blurb][\/et_pb_column][et_pb_column type=&#8221;1_3&#8243; _builder_version=&#8221;4.27.0&#8243; _module_preset=&#8221;default&#8221; global_colors_info=&#8221;{}&#8221;][et_pb_blurb title=&#8221;Amistad&#8221; admin_label=&#8221;Friendship&#8221; _builder_version=&#8221;4.27.0&#8243; _module_preset=&#8221;default&#8221; background_image=&#8221;https:\/\/nobleclinics.org\/wp-content\/uploads\/2024\/11\/Friendship-clinic-thumbnail.jpg&#8221; link_option_url=&#8221;https:\/\/nobleclinics.org\/es-la\/friendship\/&#8221; global_colors_info=&#8221;{}&#8221;][\/et_pb_blurb][\/et_pb_column][et_pb_column type=&#8221;1_3&#8243; _builder_version=&#8221;4.27.0&#8243; _module_preset=&#8221;default&#8221; global_colors_info=&#8221;{}&#8221;][et_pb_blurb title=&#8221;Mauston&#8221; admin_label=&#8221;Mauston&#8221; _builder_version=&#8221;4.27.0&#8243; _module_preset=&#8221;default&#8221; background_image=&#8221;https:\/\/nobleclinics.org\/wp-content\/uploads\/2024\/11\/Mauston-dental_clinic-thumbnail.jpg&#8221; link_option_url=&#8221;https:\/\/nobleclinics.org\/es-la\/mauston\/&#8221; global_colors_info=&#8221;{}&#8221;][\/et_pb_blurb][\/et_pb_column][\/et_pb_row][et_pb_row column_structure=&#8221;1_2,1_2&#8243; _builder_version=&#8221;4.27.0&#8243; _module_preset=&#8221;default&#8221; locked=&#8221;off&#8221; global_colors_info=&#8221;{}&#8221;][et_pb_column type=&#8221;1_2&#8243; _builder_version=&#8221;4.27.0&#8243; _module_preset=&#8221;default&#8221; global_colors_info=&#8221;{}&#8221;][et_pb_blurb title=&#8221;Stevens Point&#8221; alt=&#8221;Stevens Point&#8221; admin_label=&#8221;Stevens Point&#8221; _builder_version=&#8221;4.27.4&#8243; _module_preset=&#8221;default&#8221; background_image=&#8221;https:\/\/nobleclinics.org\/wp-content\/uploads\/2025\/07\/noble_clinics_stevens_point.webp&#8221; link_option_url=&#8221;https:\/\/nobleclinics.org\/es-la\/stevens-point\/&#8221; global_colors_info=&#8221;{}&#8221;][\/et_pb_blurb][\/et_pb_column][et_pb_column type=&#8221;1_2&#8243; _builder_version=&#8221;4.27.0&#8243; _module_preset=&#8221;default&#8221; global_colors_info=&#8221;{}&#8221;][et_pb_blurb title=&#8221;Wautoma&#8221; admin_label=&#8221;Wautoma&#8221; _builder_version=&#8221;4.27.0&#8243; _module_preset=&#8221;default&#8221; background_image=&#8221;https:\/\/nobleclinics.org\/wp-content\/uploads\/2024\/11\/Wautoma-clinic-thumbnail.jpg&#8221; link_option_url=&#8221;https:\/\/nobleclinics.org\/es-la\/wautoma\/&#8221; global_colors_info=&#8221;{}&#8221;][\/et_pb_blurb][\/et_pb_column][\/et_pb_row][\/et_pb_section][et_pb_section fb_built=&#8221;1&#8243; custom_padding_last_edited=&#8221;on|phone&#8221; module_class=&#8221;cta&#8221; _builder_version=&#8221;4.27.0&#8243; _module_preset=&#8221;default&#8221; background_image=&#8221;https:\/\/nobleclinics.org\/wp-content\/uploads\/2024\/11\/CTA-004-1728px.jpg&#8221; custom_padding=&#8221;6em||15em||false|false&#8221; custom_padding_tablet=&#8221;||10em||false|false&#8221; custom_padding_phone=&#8221;||10em||false|false&#8221; global_colors_info=&#8221;{}&#8221;][et_pb_row column_structure=&#8221;1_2,1_2&#8243; _builder_version=&#8221;4.27.0&#8243; _module_preset=&#8221;default&#8221; global_colors_info=&#8221;{}&#8221;][et_pb_column type=&#8221;1_2&#8243; _builder_version=&#8221;4.27.0&#8243; _module_preset=&#8221;default&#8221; global_colors_info=&#8221;{}&#8221;][\/et_pb_column][et_pb_column type=&#8221;1_2&#8243; _builder_version=&#8221;4.27.0&#8243; _module_preset=&#8221;default&#8221; global_colors_info=&#8221;{}&#8221;][et_pb_text admin_label=&#8221;Title&#8221; module_class=&#8221;title&#8221; _builder_version=&#8221;4.27.0&#8243; _module_preset=&#8221;default&#8221; custom_margin=&#8221;||8px|||&#8221; global_colors_info=&#8221;{}&#8221;]<\/p>\n<h2>Empecemos con tu primera visita<\/h2>\n<p>[\/et_pb_text][et_pb_text admin_label=&#8221;Text&#8221; module_class=&#8221;content&#8221; _builder_version=&#8221;4.27.0&#8243; _module_preset=&#8221;default&#8221; text_text_color=&#8221;#000000&#8243; text_font_size=&#8221;16px&#8221; text_line_height=&#8221;1.8em&#8221; global_colors_info=&#8221;{}&#8221;]<\/p>\n<p>\u00bfListo para conocer a tu nuevo equipo sanitario? Programa hoy tu primera cita y experimenta una atenci\u00f3n personalizada y compasiva que te pone en primer lugar.<\/p>\n<p>[\/et_pb_text][et_pb_button button_url=&#8221;https:\/\/nobleclinics.org\/es-la\/hacer-una-cita\/&#8221; button_text=&#8221;Concertar una cita  &#8221; admin_label=&#8221;Book an Appointment&#8221; module_class=&#8221;btn-primary&#8221; _builder_version=&#8221;4.27.0&#8243; _module_preset=&#8221;default&#8221; global_colors_info=&#8221;{}&#8221;][\/et_pb_button][\/et_pb_column][\/et_pb_row][\/et_pb_section]<\/p>\n","protected":false},"excerpt":{"rendered":"<p>Tu salud, nuestra misi\u00f3nEn Noble Community Clinics, nos dedicamos a proporcionar una atenci\u00f3n compasiva y de alta calidad desde tu primera visita. Tanto si est\u00e1s buscando a tu proveedor ideal como si est\u00e1s navegando por el proceso de inscripci\u00f3n, nuestro equipo est\u00e1 aqu\u00ed para guiarte. Hacemos que la asistencia sanitaria sea accesible, te apoye y se adapte a tus necesidades en cada paso del camino. Informaci\u00f3n para pacientes nuevosTanto si buscas el proveedor adecuado como si necesitas ayuda con el papeleo y el seguro, estamos aqu\u00ed para hacer que el proceso sea sencillo y sin estr\u00e9s.Conoce a nuestros cualificados proveedores y encuentra la cl\u00ednica m\u00e1s cercana a ti. Consulta biograf\u00edas de los proveedores para elegir el que mejor se adapte a tus cuidados, o pide la pr\u00f3xima cita disponible disponible en tu m\u00e1s cercana. Llama a 1-800-942-5330 o visita nuestra p\u00e1gina de solicitud de cita para programar tu visita y preinscribirte. Nuestros Navegadores de Servicios al Paciente est\u00e1n preparados para ayudarte en cada paso.Nuestros asesores financieros te guiar\u00e1n en cada parte del proceso, desde rellenar formularios hasta solicitar seguros o ayudas econ\u00f3micas.Adel\u00e1ntate al papeleo: Para agilizar tu visita y asegurarnos de que disponemos de toda la informaci\u00f3n necesaria, te invitamos [&hellip;]<\/p>\n","protected":false},"author":6,"featured_media":0,"parent":0,"menu_order":0,"comment_status":"closed","ping_status":"closed","template":"","meta":{"_et_pb_use_builder":"on","_et_pb_old_content":"","_et_gb_content_width":"","inline_featured_image":false,"footnotes":""},"class_list":["post-14568","page","type-page","status-publish","hentry"],"yoast_head":"<!-- This site is optimized with the Yoast SEO plugin v24.5 - https:\/\/yoast.com\/wordpress\/plugins\/seo\/ -->\n<title>Nuevos pacientes | Noble Community Clinics<\/title>\n<meta name=\"description\" content=\"\u00bfBuscas un nuevo proveedor sanitario? Noble Community Clinics te lo pone f\u00e1cil para que elijas a tu proveedor, te preinscribas y comiences tu viaje hacia una mejor salud\" \/>\n<meta name=\"robots\" content=\"index, follow, max-snippet:-1, max-image-preview:large, max-video-preview:-1\" \/>\n<link rel=\"canonical\" href=\"https:\/\/nobleclinics.org\/es-la\/pacientes\/\" \/>\n<meta property=\"og:locale\" content=\"es_ES\" \/>\n<meta property=\"og:type\" content=\"article\" \/>\n<meta property=\"og:title\" content=\"Nuevos pacientes | Noble Community Clinics\" \/>\n<meta property=\"og:description\" content=\"\u00bfBuscas un nuevo proveedor sanitario? Noble Community Clinics te lo pone f\u00e1cil para que elijas a tu proveedor, te preinscribas y comiences tu viaje hacia una mejor salud\" \/>\n<meta property=\"og:url\" content=\"https:\/\/nobleclinics.org\/es-la\/pacientes\/\" \/>\n<meta property=\"og:site_name\" content=\"Noble Community Clinics | Dental, Medical &amp; Behavioral Health\" \/>\n<meta property=\"article:modified_time\" content=\"2025-11-18T17:31:18+00:00\" \/>\n<meta name=\"twitter:card\" content=\"summary_large_image\" \/>\n<meta name=\"twitter:label1\" content=\"Est. reading time\" \/>\n\t<meta name=\"twitter:data1\" content=\"8 minutes\" \/>\n<script type=\"application\/ld+json\" class=\"yoast-schema-graph\">{\"@context\":\"https:\/\/schema.org\",\"@graph\":[{\"@type\":\"WebPage\",\"@id\":\"https:\/\/nobleclinics.org\/es-la\/pacientes\/\",\"url\":\"https:\/\/nobleclinics.org\/es-la\/pacientes\/\",\"name\":\"Nuevos pacientes | Noble Community Clinics\",\"isPartOf\":{\"@id\":\"https:\/\/nobleclinics.org\/#website\"},\"datePublished\":\"2024-10-16T15:16:43+00:00\",\"dateModified\":\"2025-11-18T17:31:18+00:00\",\"description\":\"\u00bfBuscas un nuevo proveedor sanitario? Noble Community Clinics te lo pone f\u00e1cil para que elijas a tu proveedor, te preinscribas y comiences tu viaje hacia una mejor salud\",\"breadcrumb\":{\"@id\":\"https:\/\/nobleclinics.org\/es-la\/pacientes\/#breadcrumb\"},\"inLanguage\":\"es-419\",\"potentialAction\":[{\"@type\":\"ReadAction\",\"target\":[\"https:\/\/nobleclinics.org\/es-la\/pacientes\/\"]}]},{\"@type\":\"BreadcrumbList\",\"@id\":\"https:\/\/nobleclinics.org\/es-la\/pacientes\/#breadcrumb\",\"itemListElement\":[{\"@type\":\"ListItem\",\"position\":1,\"name\":\"Home\",\"item\":\"https:\/\/nobleclinics.org\/es-la\/pagina-de-inicio\/\"},{\"@type\":\"ListItem\",\"position\":2,\"name\":\"Pacientes\"}]},{\"@type\":\"WebSite\",\"@id\":\"https:\/\/nobleclinics.org\/#website\",\"url\":\"https:\/\/nobleclinics.org\/\",\"name\":\"Noble Community Clinics | Dental, Medical &amp; Behavioral Health\",\"description\":\"\",\"potentialAction\":[{\"@type\":\"SearchAction\",\"target\":{\"@type\":\"EntryPoint\",\"urlTemplate\":\"https:\/\/nobleclinics.org\/?s={search_term_string}\"},\"query-input\":{\"@type\":\"PropertyValueSpecification\",\"valueRequired\":true,\"valueName\":\"search_term_string\"}}],\"inLanguage\":\"es-419\"}]}<\/script>\n<!-- \/ Yoast SEO plugin. -->","yoast_head_json":{"title":"Nuevos pacientes | Noble Community Clinics","description":"\u00bfBuscas un nuevo proveedor sanitario? Noble Community Clinics te lo pone f\u00e1cil para que elijas a tu proveedor, te preinscribas y comiences tu viaje hacia una mejor salud","robots":{"index":"index","follow":"follow","max-snippet":"max-snippet:-1","max-image-preview":"max-image-preview:large","max-video-preview":"max-video-preview:-1"},"canonical":"https:\/\/nobleclinics.org\/es-la\/pacientes\/","og_locale":"es_ES","og_type":"article","og_title":"Nuevos pacientes | Noble Community Clinics","og_description":"\u00bfBuscas un nuevo proveedor sanitario? Noble Community Clinics te lo pone f\u00e1cil para que elijas a tu proveedor, te preinscribas y comiences tu viaje hacia una mejor salud","og_url":"https:\/\/nobleclinics.org\/es-la\/pacientes\/","og_site_name":"Noble Community Clinics | Dental, Medical &amp; Behavioral Health","article_modified_time":"2025-11-18T17:31:18+00:00","twitter_card":"summary_large_image","twitter_misc":{"Est. reading time":"8 minutes"},"schema":{"@context":"https:\/\/schema.org","@graph":[{"@type":"WebPage","@id":"https:\/\/nobleclinics.org\/es-la\/pacientes\/","url":"https:\/\/nobleclinics.org\/es-la\/pacientes\/","name":"Nuevos pacientes | Noble Community Clinics","isPartOf":{"@id":"https:\/\/nobleclinics.org\/#website"},"datePublished":"2024-10-16T15:16:43+00:00","dateModified":"2025-11-18T17:31:18+00:00","description":"\u00bfBuscas un nuevo proveedor sanitario? Noble Community Clinics te lo pone f\u00e1cil para que elijas a tu proveedor, te preinscribas y comiences tu viaje hacia una mejor salud","breadcrumb":{"@id":"https:\/\/nobleclinics.org\/es-la\/pacientes\/#breadcrumb"},"inLanguage":"es-419","potentialAction":[{"@type":"ReadAction","target":["https:\/\/nobleclinics.org\/es-la\/pacientes\/"]}]},{"@type":"BreadcrumbList","@id":"https:\/\/nobleclinics.org\/es-la\/pacientes\/#breadcrumb","itemListElement":[{"@type":"ListItem","position":1,"name":"Home","item":"https:\/\/nobleclinics.org\/es-la\/pagina-de-inicio\/"},{"@type":"ListItem","position":2,"name":"Pacientes"}]},{"@type":"WebSite","@id":"https:\/\/nobleclinics.org\/#website","url":"https:\/\/nobleclinics.org\/","name":"Noble Community Clinics | Dental, Medical &amp; Behavioral Health","description":"","potentialAction":[{"@type":"SearchAction","target":{"@type":"EntryPoint","urlTemplate":"https:\/\/nobleclinics.org\/?s={search_term_string}"},"query-input":{"@type":"PropertyValueSpecification","valueRequired":true,"valueName":"search_term_string"}}],"inLanguage":"es-419"}]}},"_links":{"self":[{"href":"https:\/\/nobleclinics.org\/es-la\/wp-json\/wp\/v2\/pages\/14568","targetHints":{"allow":["GET"]}}],"collection":[{"href":"https:\/\/nobleclinics.org\/es-la\/wp-json\/wp\/v2\/pages"}],"about":[{"href":"https:\/\/nobleclinics.org\/es-la\/wp-json\/wp\/v2\/types\/page"}],"author":[{"embeddable":true,"href":"https:\/\/nobleclinics.org\/es-la\/wp-json\/wp\/v2\/users\/6"}],"replies":[{"embeddable":true,"href":"https:\/\/nobleclinics.org\/es-la\/wp-json\/wp\/v2\/comments?post=14568"}],"version-history":[{"count":0,"href":"https:\/\/nobleclinics.org\/es-la\/wp-json\/wp\/v2\/pages\/14568\/revisions"}],"wp:attachment":[{"href":"https:\/\/nobleclinics.org\/es-la\/wp-json\/wp\/v2\/media?parent=14568"}],"curies":[{"name":"wp","href":"https:\/\/api.w.org\/{rel}","templated":true}]}}