{"id":15445,"date":"2025-10-06T17:07:51","date_gmt":"2025-10-06T17:07:51","guid":{"rendered":"https:\/\/nobleclinics.org\/?page_id=15445"},"modified":"2025-10-06T17:07:51","modified_gmt":"2025-10-06T17:07:51","slug":"quiropractica","status":"publish","type":"page","link":"https:\/\/nobleclinics.org\/es-la\/servicios\/quiropractica\/","title":{"rendered":"Quiropr\u00e1ctica"},"content":{"rendered":"<p>[et_pb_section fb_built=&#8221;1&#8243; custom_padding_last_edited=&#8221;on|desktop&#8221; _builder_version=&#8221;4.27.4&#8243; _module_preset=&#8221;default&#8221; use_background_color_gradient=&#8221;on&#8221; background_color_gradient_stops=&#8221;rgba(0,0,0,0.4) 0%|rgba(0,0,0,0.4) 100%&#8221; background_color_gradient_overlays_image=&#8221;on&#8221; background_image=&#8221;https:\/\/nobleclinics.org\/wp-content\/uploads\/2025\/10\/Chiropractic-Still-Image-1-e1759764790967.jpg&#8221; background_position=&#8221;top_center&#8221; custom_margin=&#8221;||||false|false&#8221; custom_padding=&#8221;223px||223px||false|false&#8221; custom_padding_tablet=&#8221;121px||101px||false|false&#8221; custom_padding_phone=&#8221;121px||101px||false|false&#8221; global_colors_info=&#8221;{}&#8221;][et_pb_row column_structure=&#8221;1_5,3_5,1_5&#8243; _builder_version=&#8221;4.27.0&#8243; _module_preset=&#8221;default&#8221; global_colors_info=&#8221;{}&#8221;][et_pb_column type=&#8221;1_5&#8243; _builder_version=&#8221;4.27.0&#8243; _module_preset=&#8221;default&#8221; global_colors_info=&#8221;{}&#8221;][\/et_pb_column][et_pb_column type=&#8221;3_5&#8243; _builder_version=&#8221;4.27.0&#8243; _module_preset=&#8221;default&#8221; global_colors_info=&#8221;{}&#8221;][et_pb_text _builder_version=&#8221;4.27.0&#8243; _module_preset=&#8221;default&#8221; header_text_align=&#8221;center&#8221; header_text_color=&#8221;#FFFFFF&#8221; header_2_text_align=&#8221;center&#8221; header_2_text_color=&#8221;#FFFFFF&#8221; custom_margin=&#8221;||11px|||&#8221; global_colors_info=&#8221;{}&#8221;]<\/p>\n<h1>Servicios Quiropr\u00e1cticos<\/h1>\n<p>[\/et_pb_text][et_pb_text _builder_version=&#8221;4.27.0&#8243; _module_preset=&#8221;default&#8221; text_text_color=&#8221;#FFFFFF&#8221; text_font_size=&#8221;16px&#8221; text_line_height=&#8221;1.9em&#8221; text_orientation=&#8221;center&#8221; custom_padding=&#8221;||4px|||&#8221; global_colors_info=&#8221;{}&#8221;]<\/p>\n<p><span>En Noble Community Clinics, reconocemos el papel vital que desempe\u00f1a la atenci\u00f3n quiropr\u00e1ctica en la salud musculoesquel\u00e9tica. Proporcionamos una atenci\u00f3n basada en pruebas y centrada en el paciente, dise\u00f1ada para restaurar la funci\u00f3n, reducir el dolor y favorecer la salud a largo plazo. Desde tratar afecciones relacionadas con la columna vertebral hasta mejorar la movilidad y el rendimiento, nuestro objetivo es proporcionar una atenci\u00f3n segura y eficaz en la que puedas confiar.  <\/span><\/p>\n<p>[\/et_pb_text][\/et_pb_column][et_pb_column type=&#8221;1_5&#8243; _builder_version=&#8221;4.27.0&#8243; _module_preset=&#8221;default&#8221; global_colors_info=&#8221;{}&#8221;][\/et_pb_column][\/et_pb_row][\/et_pb_section][et_pb_section fb_built=&#8221;1&#8243; admin_label=&#8221;Content Toggle&#8221; module_class=&#8221;content-toggle&#8221; _builder_version=&#8221;4.27.0&#8243; _module_preset=&#8221;default&#8221; global_colors_info=&#8221;{}&#8221;][et_pb_row _builder_version=&#8221;4.27.0&#8243; _module_preset=&#8221;default&#8221; global_colors_info=&#8221;{}&#8221;][et_pb_column type=&#8221;4_4&#8243; _builder_version=&#8221;4.27.0&#8243; _module_preset=&#8221;default&#8221; global_colors_info=&#8221;{}&#8221;][et_pb_text admin_label=&#8221;Title&#8221; module_class=&#8221;title&#8221; _builder_version=&#8221;4.27.0&#8243; _module_preset=&#8221;default&#8221; custom_margin=&#8221;||16px|||&#8221; global_colors_info=&#8221;{}&#8221;]<\/p>\n<h2>  Tu camino hacia la restauraci\u00f3n y el alivio<\/h2>\n<p>[\/et_pb_text][et_pb_text admin_label=&#8221;Title&#8221; module_class=&#8221;text&#8221; _builder_version=&#8221;4.27.0&#8243; _module_preset=&#8221;default&#8221; global_colors_info=&#8221;{}&#8221;]<\/p>\n<p>Nuestros servicios quiropr\u00e1cticos est\u00e1n dise\u00f1ados para satisfacer las diversas necesidades de nuestra comunidad, al tiempo que proporcionan una atenci\u00f3n que restaura la funci\u00f3n, alivia el dolor y capacita a las personas. Estamos aqu\u00ed para ofrecer una gama de servicios que te gu\u00eden por el camino de la curaci\u00f3n. <\/p>\n<p>[\/et_pb_text][\/et_pb_column][\/et_pb_row][et_pb_row _builder_version=&#8221;4.27.0&#8243; _module_preset=&#8221;default&#8221; global_colors_info=&#8221;{}&#8221;][et_pb_column type=&#8221;4_4&#8243; _builder_version=&#8221;4.27.0&#8243; _module_preset=&#8221;default&#8221; global_colors_info=&#8221;{}&#8221;][et_pb_toggle title=&#8221;Ajustes Quiropr\u00e1cticos&#8221; admin_label=&#8221;Preventative Care &#8221; _builder_version=&#8221;4.27.4&#8243; _module_preset=&#8221;default&#8221; hover_transition_duration=&#8221;0ms&#8221; global_colors_info=&#8221;{}&#8221;]<\/p>\n<p>T\u00e9cnicas suaves y precisas para restablecer el movimiento y reducir las molestias<\/p>\n<p>[\/et_pb_toggle][et_pb_toggle title=&#8221;Terapia de tejidos blandos&#8221; admin_label=&#8221;Restorative Dentistry &#8221; _builder_version=&#8221;4.27.4&#8243; _module_preset=&#8221;default&#8221; hover_transition_duration=&#8221;150ms&#8221; global_colors_info=&#8221;{}&#8221;]<\/p>\n<p>Cuidados pr\u00e1cticos para aliviar la tensi\u00f3n muscular y favorecer la curaci\u00f3n.<\/p>\n<p>[\/et_pb_toggle][et_pb_toggle title=&#8221;Recomendaciones de ejercicio&#8221; admin_label=&#8221;Pediatric Dentistry &#8221; _builder_version=&#8221;4.27.4&#8243; _module_preset=&#8221;default&#8221; hover_transition_duration=&#8221;150ms&#8221; global_colors_info=&#8221;{}&#8221;]<\/p>\n<p>Movimientos dirigidos para fortalecer, estabilizar y mejorar la flexibilidad.<\/p>\n<p>[\/et_pb_toggle][et_pb_toggle title=&#8221;Recomendaciones ergon\u00f3micas&#8221; admin_label=&#8221;Periodontal Care &#8221; _builder_version=&#8221;4.27.4&#8243; _module_preset=&#8221;default&#8221; hover_transition_duration=&#8221;150ms&#8221; global_colors_info=&#8221;{}&#8221;]<\/p>\n<p>Orientaci\u00f3n pr\u00e1ctica para mejorar la postura y reducir la tensi\u00f3n en el trabajo, en casa o durante las actividades cotidianas.<\/p>\n<p>[\/et_pb_toggle][\/et_pb_column][\/et_pb_row][\/et_pb_section][et_pb_section fb_built=&#8221;1&#8243; admin_label=&#8221;Image Links&#8221; module_class=&#8221;image-links&#8221; _builder_version=&#8221;4.27.0&#8243; _module_preset=&#8221;default&#8221; locked=&#8221;off&#8221; global_colors_info=&#8221;{}&#8221;][et_pb_row _builder_version=&#8221;4.27.0&#8243; _module_preset=&#8221;default&#8221; global_colors_info=&#8221;{}&#8221;][et_pb_column type=&#8221;4_4&#8243; _builder_version=&#8221;4.27.0&#8243; _module_preset=&#8221;default&#8221; global_colors_info=&#8221;{}&#8221;][et_pb_text _builder_version=&#8221;4.27.0&#8243; _module_preset=&#8221;default&#8221; global_colors_info=&#8221;{}&#8221;]<\/p>\n<h2><strong><span class=\"TextRun SCXW224583983 BCX0\" lang=\"EN-US\" xml:lang=\"EN-US\" data-contrast=\"none\"><span class=\"NormalTextRun SCXW224583983 BCX0\">Buscar un lugar<\/span><\/span><span class=\"EOP SCXW224583983 BCX0\" data-ccp-props=\"{\"201341983\":0,\"335559740\":279}\"> <\/span><\/strong><\/h2>\n<p>[\/et_pb_text][\/et_pb_column][\/et_pb_row][et_pb_row _builder_version=&#8221;4.27.0&#8243; _module_preset=&#8221;default&#8221; locked=&#8221;off&#8221; global_colors_info=&#8221;{}&#8221;][et_pb_column type=&#8221;4_4&#8243; _builder_version=&#8221;4.27.0&#8243; _module_preset=&#8221;default&#8221; global_colors_info=&#8221;{}&#8221;][et_pb_blurb title=&#8221;Stevens Point&#8221; alt=&#8221;Stevens Point&#8221; admin_label=&#8221;Stevens Point&#8221; _builder_version=&#8221;4.27.4&#8243; _module_preset=&#8221;default&#8221; background_image=&#8221;https:\/\/nobleclinics.org\/wp-content\/uploads\/2025\/07\/noble_clinics_stevens_point.webp&#8221; width=&#8221;50.6%&#8221; link_option_url=&#8221;https:\/\/nobleclinics.org\/es-la\/stevens-point\/&#8221; global_colors_info=&#8221;{}&#8221;][\/et_pb_blurb][\/et_pb_column][\/et_pb_row][\/et_pb_section][et_pb_section fb_built=&#8221;1&#8243; _builder_version=&#8221;4.27.4&#8243; _module_preset=&#8221;default&#8221; background_color=&#8221;#2a3f49&#8243; global_colors_info=&#8221;{}&#8221;][et_pb_row column_structure=&#8221;1_2,1_2&#8243; make_equal=&#8221;on&#8221; _builder_version=&#8221;4.27.0&#8243; _module_preset=&#8221;default&#8221; global_colors_info=&#8221;{}&#8221;][et_pb_column type=&#8221;1_2&#8243; _builder_version=&#8221;4.27.0&#8243; _module_preset=&#8221;default&#8221; custom_css_main_element=&#8221;margin: auto;&#8221; global_colors_info=&#8221;{}&#8221;][et_pb_text module_class=&#8221;title&#8221; _builder_version=&#8221;4.27.0&#8243; _module_preset=&#8221;default&#8221; header_2_text_align=&#8221;left&#8221; header_2_text_color=&#8221;#FFFFFF&#8221; custom_margin=&#8221;||12px|||&#8221; global_colors_info=&#8221;{}&#8221;]<\/p>\n<h2>Atenci\u00f3n asequible, <br \/>Servicios quiropr\u00e1cticos de calidad  <\/h2>\n<p>[\/et_pb_text][et_pb_text admin_label=&#8221;Text&#8221; module_class=&#8221;content&#8221; _builder_version=&#8221;4.27.0&#8243; _module_preset=&#8221;default&#8221; text_text_color=&#8221;#FFFFFF&#8221; text_font_size=&#8221;18px&#8221; text_line_height=&#8221;1.6em&#8221; global_colors_info=&#8221;{}&#8221;]<\/p>\n<p>En Noble Community Clinics, creemos que todo el mundo merece tener acceso a una atenci\u00f3n quiropr\u00e1ctica de alta calidad sin el elevado coste que ello supone. Nos esforzamos por ofrecer servicios asequibles a todos nuestros pacientes, garantizando que recibas la mejor atenci\u00f3n quiropr\u00e1ctica sin comprometer la calidad. <\/p>\n<p>[\/et_pb_text][et_pb_button button_url=&#8221;https:\/\/nobleclinics.org\/es-la\/hacer-una-cita\/&#8221; button_text=&#8221;Concierta una cita  &#8221; disabled_on=&#8221;on|on|on&#8221; admin_label=&#8221;Book an Appointment &#8221; module_class=&#8221;btn-secondary&#8221; _builder_version=&#8221;4.27.4&#8243; _module_preset=&#8221;default&#8221; disabled=&#8221;on&#8221; global_colors_info=&#8221;{}&#8221;][\/et_pb_button][\/et_pb_column][et_pb_column type=&#8221;1_2&#8243; _builder_version=&#8221;4.27.0&#8243; _module_preset=&#8221;default&#8221; global_colors_info=&#8221;{}&#8221;][et_pb_image src=&#8221;https:\/\/nobleclinics.org\/wp-content\/uploads\/2025\/10\/pexels-karolina-grabowska-4506113-scaled.jpg&#8221; title_text=&#8221;pexels-karolina-grabowska-4506113&#8243; align=&#8221;center&#8221; _builder_version=&#8221;4.27.4&#8243; _module_preset=&#8221;default&#8221; border_radii=&#8221;on|16px|16px|16px|16px&#8221; global_colors_info=&#8221;{}&#8221;][\/et_pb_image][\/et_pb_column][\/et_pb_row][\/et_pb_section][et_pb_section fb_built=&#8221;1&#8243; module_class=&#8221;insights-feed&#8221; _builder_version=&#8221;4.27.0&#8243; _module_preset=&#8221;default&#8221; background_color=&#8221;#FFFFFF&#8221; global_colors_info=&#8221;{}&#8221;][et_pb_row column_structure=&#8221;1_2,1_2&#8243; _builder_version=&#8221;4.27.0&#8243; _module_preset=&#8221;default&#8221; global_colors_info=&#8221;{}&#8221;][et_pb_column type=&#8221;1_2&#8243; _builder_version=&#8221;4.27.0&#8243; _module_preset=&#8221;default&#8221; global_colors_info=&#8221;{}&#8221;][et_pb_text _builder_version=&#8221;4.27.0&#8243; _module_preset=&#8221;default&#8221; global_colors_info=&#8221;{}&#8221;]<\/p>\n<h2>Noticias y opiniones Noble <\/h2>\n<p>[\/et_pb_text][\/et_pb_column][et_pb_column type=&#8221;1_2&#8243; _builder_version=&#8221;4.27.0&#8243; _module_preset=&#8221;default&#8221; global_colors_info=&#8221;{}&#8221;][et_pb_button button_url=&#8221;https:\/\/nobleclinics.org\/es-la\/quienes-somos\/noticias-e-informacion\/&#8221; button_text=&#8221;Ver todas las opiniones&#8221; admin_label=&#8221;Secondary Button&#8221; module_class=&#8221;btn-secondary light-text&#8221; _builder_version=&#8221;4.27.4&#8243; _module_preset=&#8221;default&#8221; global_colors_info=&#8221;{}&#8221;][\/et_pb_button][\/et_pb_column][\/et_pb_row][et_pb_row _builder_version=&#8221;4.27.0&#8243; _module_preset=&#8221;default&#8221; global_colors_info=&#8221;{}&#8221;][et_pb_column type=&#8221;4_4&#8243; _builder_version=&#8221;4.27.0&#8243; _module_preset=&#8221;default&#8221; global_colors_info=&#8221;{}&#8221;][dsm_blog_carousel posts_number=&#8221;3&#8243; include_categories=&#8221;43,42,41,33,45&#8243; excerpt_length=&#8221;20&#8243; use_category=&#8221;on&#8221; use_readmore=&#8221;on&#8221; centered_slides=&#8221;on&#8221; use_navi=&#8221;off&#8221; columns_tablet=&#8221;1&#8243; columns_phone=&#8221;1&#8243; columns_last_edited=&#8221;on|tablet&#8221; _builder_version=&#8221;4.27.0&#8243; _module_preset=&#8221;default&#8221; global_colors_info=&#8221;{}&#8221;][\/dsm_blog_carousel][\/et_pb_column][\/et_pb_row][\/et_pb_section][et_pb_section fb_built=&#8221;1&#8243; module_class=&#8221;cta&#8221; _builder_version=&#8221;4.27.0&#8243; _module_preset=&#8221;default&#8221; background_image=&#8221;https:\/\/nobleclinics.org\/wp-content\/uploads\/2024\/11\/CTA-003-1728px.jpg&#8221; global_colors_info=&#8221;{}&#8221;][et_pb_row column_structure=&#8221;1_2,1_2&#8243; _builder_version=&#8221;4.27.0&#8243; _module_preset=&#8221;default&#8221; global_colors_info=&#8221;{}&#8221;][et_pb_column type=&#8221;1_2&#8243; _builder_version=&#8221;4.27.0&#8243; _module_preset=&#8221;default&#8221; global_colors_info=&#8221;{}&#8221;][\/et_pb_column][et_pb_column type=&#8221;1_2&#8243; _builder_version=&#8221;4.27.0&#8243; _module_preset=&#8221;default&#8221; global_colors_info=&#8221;{}&#8221;][et_pb_text admin_label=&#8221;Title&#8221; module_class=&#8221;title&#8221; _builder_version=&#8221;4.27.0&#8243; _module_preset=&#8221;default&#8221; custom_margin=&#8221;||8px|||&#8221; global_colors_info=&#8221;{}&#8221;]<\/p>\n<h2>Tu salud, nuestro compromiso<\/h2>\n<p>[\/et_pb_text][et_pb_text admin_label=&#8221;Text&#8221; module_class=&#8221;content&#8221; _builder_version=&#8221;4.27.0&#8243; _module_preset=&#8221;default&#8221; text_text_color=&#8221;#000000&#8243; text_font_size=&#8221;16px&#8221; text_line_height=&#8221;1.8em&#8221; global_colors_info=&#8221;{}&#8221;]<\/p>\n<p>En Noble Community Clinics, somos algo m\u00e1s que un proveedor de asistencia sanitaria: somos un socio en tu bienestar. Impulsados por un compromiso de compasi\u00f3n y excelencia, ofrecemos una gama completa de servicios que abordan los aspectos f\u00edsicos, mentales, emocionales y sociales de la salud. Nuestro entregado equipo trabaja incansablemente para derribar barreras y hacer accesible una asistencia sanitaria de calidad a todos los miembros de nuestra comunidad. Porque en Noble no s\u00f3lo nos preocupamos por ti; nos preocupamos por hacer lo correcto.   <\/p>\n<p>[\/et_pb_text][et_pb_button button_url=&#8221;https:\/\/nobleclinics.org\/es-la\/localizaciones\/&#8221; button_text=&#8221;Buscar una ubicaci\u00f3n&#8221; admin_label=&#8221;Find a Location &#8221; module_class=&#8221;btn-primary&#8221; _builder_version=&#8221;4.27.4&#8243; _module_preset=&#8221;default&#8221; global_colors_info=&#8221;{}&#8221;][\/et_pb_button][\/et_pb_column][\/et_pb_row][\/et_pb_section]<\/p>\n","protected":false},"excerpt":{"rendered":"<p>Servicios Quiropr\u00e1cticosEn Noble Community Clinics, reconocemos el papel vital que desempe\u00f1a la atenci\u00f3n quiropr\u00e1ctica en la salud musculoesquel\u00e9tica. Proporcionamos una atenci\u00f3n basada en pruebas y centrada en el paciente, dise\u00f1ada para restaurar la funci\u00f3n, reducir el dolor y favorecer la salud a largo plazo. Desde tratar afecciones relacionadas con la columna vertebral hasta mejorar la movilidad y el rendimiento, nuestro objetivo es proporcionar una atenci\u00f3n segura y eficaz en la que puedas confiar. Tu camino hacia la restauraci\u00f3n y el alivioNuestros servicios quiropr\u00e1cticos est\u00e1n dise\u00f1ados para satisfacer las diversas necesidades de nuestra comunidad, al tiempo que proporcionan una atenci\u00f3n que restaura la funci\u00f3n, alivia el dolor y capacita a las personas. Estamos aqu\u00ed para ofrecer una gama de servicios que te gu\u00eden por el camino de la curaci\u00f3n. T\u00e9cnicas suaves y precisas para restablecer el movimiento y reducir las molestiasCuidados pr\u00e1cticos para aliviar la tensi\u00f3n muscular y favorecer la curaci\u00f3n.Movimientos dirigidos para fortalecer, estabilizar y mejorar la flexibilidad.Orientaci\u00f3n pr\u00e1ctica para mejorar la postura y reducir la tensi\u00f3n en el trabajo, en casa o durante las actividades cotidianas.Buscar un lugar Atenci\u00f3n asequible, Servicios quiropr\u00e1cticos de calidad En Noble Community Clinics, creemos que todo el mundo merece tener acceso a una atenci\u00f3n [&hellip;]<\/p>\n","protected":false},"author":24,"featured_media":0,"parent":14565,"menu_order":0,"comment_status":"closed","ping_status":"closed","template":"","meta":{"_et_pb_use_builder":"on","_et_pb_old_content":"","_et_gb_content_width":"","inline_featured_image":false,"footnotes":""},"class_list":["post-15445","page","type-page","status-publish","hentry"],"yoast_head":"<!-- This site is optimized with the Yoast SEO plugin v24.5 - https:\/\/yoast.com\/wordpress\/plugins\/seo\/ -->\n<title>Servicios dentales | Cl\u00ednicas comunitarias Noble<\/title>\n<meta name=\"description\" content=\"Descubre nuestros servicios dentales en 4 centros de Wisconsin, dedicados a mejorar la salud bucodental de la comunidad. Descarga formularios y solicita ayuda econ\u00f3mica.\" \/>\n<meta name=\"robots\" content=\"index, follow, max-snippet:-1, max-image-preview:large, max-video-preview:-1\" \/>\n<link rel=\"canonical\" href=\"https:\/\/nobleclinics.org\/es-la\/servicios\/quiropractica\/\" \/>\n<meta property=\"og:locale\" content=\"es_ES\" \/>\n<meta property=\"og:type\" content=\"article\" \/>\n<meta property=\"og:title\" content=\"Servicios dentales | Cl\u00ednicas comunitarias Noble\" \/>\n<meta property=\"og:description\" content=\"Descubre nuestros servicios dentales en 4 centros de Wisconsin, dedicados a mejorar la salud bucodental de la comunidad. Descarga formularios y solicita ayuda econ\u00f3mica.\" \/>\n<meta property=\"og:url\" content=\"https:\/\/nobleclinics.org\/es-la\/servicios\/quiropractica\/\" \/>\n<meta property=\"og:site_name\" content=\"Noble Community Clinics | Dental, Medical &amp; Behavioral Health\" \/>\n<meta name=\"twitter:card\" content=\"summary_large_image\" \/>\n<meta name=\"twitter:label1\" content=\"Est. reading time\" \/>\n\t<meta name=\"twitter:data1\" content=\"8 minutes\" \/>\n<script type=\"application\/ld+json\" class=\"yoast-schema-graph\">{\"@context\":\"https:\/\/schema.org\",\"@graph\":[{\"@type\":\"WebPage\",\"@id\":\"https:\/\/nobleclinics.org\/es-la\/servicios\/quiropractica\/\",\"url\":\"https:\/\/nobleclinics.org\/es-la\/servicios\/quiropractica\/\",\"name\":\"Servicios dentales | Cl\u00ednicas comunitarias Noble\",\"isPartOf\":{\"@id\":\"https:\/\/nobleclinics.org\/#website\"},\"datePublished\":\"2025-10-06T17:07:51+00:00\",\"description\":\"Descubre nuestros servicios dentales en 4 centros de Wisconsin, dedicados a mejorar la salud bucodental de la comunidad. Descarga formularios y solicita ayuda econ\u00f3mica.\",\"breadcrumb\":{\"@id\":\"https:\/\/nobleclinics.org\/es-la\/servicios\/quiropractica\/#breadcrumb\"},\"inLanguage\":\"es-419\",\"potentialAction\":[{\"@type\":\"ReadAction\",\"target\":[\"https:\/\/nobleclinics.org\/es-la\/servicios\/quiropractica\/\"]}]},{\"@type\":\"BreadcrumbList\",\"@id\":\"https:\/\/nobleclinics.org\/es-la\/servicios\/quiropractica\/#breadcrumb\",\"itemListElement\":[{\"@type\":\"ListItem\",\"position\":1,\"name\":\"Home\",\"item\":\"https:\/\/nobleclinics.org\/es-la\/pagina-de-inicio\/\"},{\"@type\":\"ListItem\",\"position\":2,\"name\":\"Servicios\",\"item\":\"https:\/\/nobleclinics.org\/es-la\/servicios\/\"},{\"@type\":\"ListItem\",\"position\":3,\"name\":\"Quiropr\u00e1ctica\"}]},{\"@type\":\"WebSite\",\"@id\":\"https:\/\/nobleclinics.org\/#website\",\"url\":\"https:\/\/nobleclinics.org\/\",\"name\":\"Noble Community Clinics | Dental, Medical &amp; Behavioral Health\",\"description\":\"\",\"potentialAction\":[{\"@type\":\"SearchAction\",\"target\":{\"@type\":\"EntryPoint\",\"urlTemplate\":\"https:\/\/nobleclinics.org\/?s={search_term_string}\"},\"query-input\":{\"@type\":\"PropertyValueSpecification\",\"valueRequired\":true,\"valueName\":\"search_term_string\"}}],\"inLanguage\":\"es-419\"}]}<\/script>\n<!-- \/ Yoast SEO plugin. -->","yoast_head_json":{"title":"Servicios dentales | Cl\u00ednicas comunitarias Noble","description":"Descubre nuestros servicios dentales en 4 centros de Wisconsin, dedicados a mejorar la salud bucodental de la comunidad. Descarga formularios y solicita ayuda econ\u00f3mica.","robots":{"index":"index","follow":"follow","max-snippet":"max-snippet:-1","max-image-preview":"max-image-preview:large","max-video-preview":"max-video-preview:-1"},"canonical":"https:\/\/nobleclinics.org\/es-la\/servicios\/quiropractica\/","og_locale":"es_ES","og_type":"article","og_title":"Servicios dentales | Cl\u00ednicas comunitarias Noble","og_description":"Descubre nuestros servicios dentales en 4 centros de Wisconsin, dedicados a mejorar la salud bucodental de la comunidad. Descarga formularios y solicita ayuda econ\u00f3mica.","og_url":"https:\/\/nobleclinics.org\/es-la\/servicios\/quiropractica\/","og_site_name":"Noble Community Clinics | Dental, Medical &amp; Behavioral Health","twitter_card":"summary_large_image","twitter_misc":{"Est. reading time":"8 minutes"},"schema":{"@context":"https:\/\/schema.org","@graph":[{"@type":"WebPage","@id":"https:\/\/nobleclinics.org\/es-la\/servicios\/quiropractica\/","url":"https:\/\/nobleclinics.org\/es-la\/servicios\/quiropractica\/","name":"Servicios dentales | Cl\u00ednicas comunitarias Noble","isPartOf":{"@id":"https:\/\/nobleclinics.org\/#website"},"datePublished":"2025-10-06T17:07:51+00:00","description":"Descubre nuestros servicios dentales en 4 centros de Wisconsin, dedicados a mejorar la salud bucodental de la comunidad. Descarga formularios y solicita ayuda econ\u00f3mica.","breadcrumb":{"@id":"https:\/\/nobleclinics.org\/es-la\/servicios\/quiropractica\/#breadcrumb"},"inLanguage":"es-419","potentialAction":[{"@type":"ReadAction","target":["https:\/\/nobleclinics.org\/es-la\/servicios\/quiropractica\/"]}]},{"@type":"BreadcrumbList","@id":"https:\/\/nobleclinics.org\/es-la\/servicios\/quiropractica\/#breadcrumb","itemListElement":[{"@type":"ListItem","position":1,"name":"Home","item":"https:\/\/nobleclinics.org\/es-la\/pagina-de-inicio\/"},{"@type":"ListItem","position":2,"name":"Servicios","item":"https:\/\/nobleclinics.org\/es-la\/servicios\/"},{"@type":"ListItem","position":3,"name":"Quiropr\u00e1ctica"}]},{"@type":"WebSite","@id":"https:\/\/nobleclinics.org\/#website","url":"https:\/\/nobleclinics.org\/","name":"Noble Community Clinics | Dental, Medical &amp; Behavioral Health","description":"","potentialAction":[{"@type":"SearchAction","target":{"@type":"EntryPoint","urlTemplate":"https:\/\/nobleclinics.org\/?s={search_term_string}"},"query-input":{"@type":"PropertyValueSpecification","valueRequired":true,"valueName":"search_term_string"}}],"inLanguage":"es-419"}]}},"_links":{"self":[{"href":"https:\/\/nobleclinics.org\/es-la\/wp-json\/wp\/v2\/pages\/15445","targetHints":{"allow":["GET"]}}],"collection":[{"href":"https:\/\/nobleclinics.org\/es-la\/wp-json\/wp\/v2\/pages"}],"about":[{"href":"https:\/\/nobleclinics.org\/es-la\/wp-json\/wp\/v2\/types\/page"}],"author":[{"embeddable":true,"href":"https:\/\/nobleclinics.org\/es-la\/wp-json\/wp\/v2\/users\/24"}],"replies":[{"embeddable":true,"href":"https:\/\/nobleclinics.org\/es-la\/wp-json\/wp\/v2\/comments?post=15445"}],"version-history":[{"count":0,"href":"https:\/\/nobleclinics.org\/es-la\/wp-json\/wp\/v2\/pages\/15445\/revisions"}],"up":[{"embeddable":true,"href":"https:\/\/nobleclinics.org\/es-la\/wp-json\/wp\/v2\/pages\/14565"}],"wp:attachment":[{"href":"https:\/\/nobleclinics.org\/es-la\/wp-json\/wp\/v2\/media?parent=15445"}],"curies":[{"name":"wp","href":"https:\/\/api.w.org\/{rel}","templated":true}]}}