{"id":15654,"date":"2025-07-24T12:26:10","date_gmt":"2025-07-24T12:26:10","guid":{"rendered":"https:\/\/nobleclinics.org\/vacunas\/"},"modified":"2026-02-26T18:14:23","modified_gmt":"2026-02-26T18:14:23","slug":"vacunas","status":"publish","type":"page","link":"https:\/\/nobleclinics.org\/es-la\/vacunas\/","title":{"rendered":"Vacunas"},"content":{"rendered":"<p>[et_pb_section fb_built=&#8221;1&#8243; module_class=&#8221;hero-secondary&#8221; _builder_version=&#8221;4.27.4&#8243; _module_preset=&#8221;default&#8221; background_image=&#8221;https:\/\/nobleclinics.org\/wp-content\/uploads\/2025\/12\/IMG_2254-scaled.jpg&#8221; global_colors_info=&#8221;{}&#8221;][et_pb_row _builder_version=&#8221;4.27.4&#8243; _module_preset=&#8221;default&#8221; global_colors_info=&#8221;{}&#8221;][et_pb_column type=&#8221;4_4&#8243; _builder_version=&#8221;4.27.4&#8243; _module_preset=&#8221;default&#8221; background_enable_color=&#8221;off&#8221; global_colors_info=&#8221;{}&#8221;][et_pb_text _builder_version=&#8221;4.27.4&#8243; _module_preset=&#8221;default&#8221; global_colors_info=&#8221;{}&#8221;]<\/p>\n<h1>Mantente al d\u00eda con tus vacunas<\/h1>\n<p>En <strong>Noble Community Clinics<\/strong> estamos aqu\u00ed para ayudarte a estar al d\u00eda de las vacunas esenciales, tanto para ni\u00f1os como para adultos. Nuestro calendario de vacunas recomendadas garantiza que t\u00fa y tu familia est\u00e9is protegidos en cada etapa de la vida. Desde las vacunas infantiles hasta las vacunas anuales contra la gripe, te tenemos cubierto.[\/et_pb_text][\/et_pb_column][\/et_pb_row][\/et_pb_section][et_pb_section fb_built=&#8221;1&#8243; _builder_version=&#8221;4.27.4&#8243; _module_preset=&#8221;default&#8221; custom_padding=&#8221;||54px|||&#8221; global_colors_info=&#8221;{}&#8221;][et_pb_row _builder_version=&#8221;4.27.4&#8243; _module_preset=&#8221;default&#8221; global_colors_info=&#8221;{}&#8221;][et_pb_column type=&#8221;4_4&#8243; _builder_version=&#8221;4.27.4&#8243; _module_preset=&#8221;default&#8221; background_enable_color=&#8221;off&#8221; global_colors_info=&#8221;{}&#8221;][et_pb_text _builder_version=&#8221;4.27.4&#8243; _module_preset=&#8221;default&#8221; text_text_color=&#8221;#000000&#8243; text_font_size=&#8221;16px&#8221; header_2_text_align=&#8221;center&#8221; header_2_text_color=&#8221;#000000&#8243; text_orientation=&#8221;center&#8221; global_colors_info=&#8221;{}&#8221;]<\/p>\n<h2>Calendario de vacunas<\/h2>\n<p><strong>Protege tu salud con los calendarios de vacunas f\u00e1ciles de seguir de la Academia Americana de M\u00e9dicos de Familia (AAFP):<\/strong><\/p>\n<p>[\/et_pb_text][\/et_pb_column][\/et_pb_row][et_pb_row column_structure=&#8221;1_2,1_2&#8243; make_equal=&#8221;on&#8221; _builder_version=&#8221;4.27.4&#8243; _module_preset=&#8221;default&#8221; custom_margin=&#8221;||7em||false|false&#8221; custom_css_main_element=&#8221;margin-bottom: 7em;&#8221; global_colors_info=&#8221;{}&#8221;][et_pb_column type=&#8221;1_2&#8243; _builder_version=&#8221;4.27.4&#8243; _module_preset=&#8221;default&#8221; background_color=&#8221;#3a7197&#8243; custom_css_main_element=&#8221;padding: 1em 1em 2em 1em;||color: #fff;||border-radius: 30px;&#8221; global_colors_info=&#8221;{}&#8221;][et_pb_text _builder_version=&#8221;4.27.4&#8243; _module_preset=&#8221;default&#8221; text_font_size=&#8221;16px&#8221; text_orientation=&#8221;center&#8221; global_colors_info=&#8221;{}&#8221;]<\/p>\n<p><strong>Calendario de vacunaci\u00f3n desde el nacimiento hasta los 18 a\u00f1os:<\/strong><\/p>\n<p>[\/et_pb_text][et_pb_image src=&#8221;https:\/\/nobleclinics.org\/wp-content\/uploads\/2026\/02\/2025-Adolescent-Schedule-1.26-2-scaled.jpg&#8221; alt=&#8221;Vacuna desde el nacimiento hasta los 6 a\u00f1os&#8221; title_text=&#8221;2025 Horario adolescente 1.26 2&#8243; show_in_lightbox=&#8221;on&#8221; align=&#8221;center&#8221; _builder_version=&#8221;4.27.4&#8243; _module_preset=&#8221;default&#8221; global_colors_info=&#8221;{}&#8221;][\/et_pb_image][\/et_pb_column][et_pb_column type=&#8221;1_2&#8243; _builder_version=&#8221;4.27.4&#8243; _module_preset=&#8221;default&#8221; background_color=&#8221;#3a7197&#8243; custom_css_main_element=&#8221;padding: 1em 1em 2em 1em;||color: #fff;||border-radius: 30px;&#8221; global_colors_info=&#8221;{}&#8221;][et_pb_text _builder_version=&#8221;4.27.4&#8243; _module_preset=&#8221;default&#8221; text_font_size=&#8221;16px&#8221; text_orientation=&#8221;center&#8221; global_colors_info=&#8221;{}&#8221;]<\/p>\n<p><strong>Calendario de vacunaci\u00f3n para adultos por grupos de edad:<\/strong><\/p>\n<p>[\/et_pb_text][et_pb_image src=&#8221;https:\/\/nobleclinics.org\/wp-content\/uploads\/2026\/02\/2025-adult-Schedule_NOV-2-scaled.jpg&#8221; alt=&#8221;Calendario de vacunaci\u00f3n 7 &#8211; 18 a\u00f1os&#8221; title_text=&#8221;2025 adulto Horario_NOV-2&#8243; show_in_lightbox=&#8221;on&#8221; align=&#8221;center&#8221; _builder_version=&#8221;4.27.4&#8243; _module_preset=&#8221;default&#8221; global_colors_info=&#8221;{}&#8221;][\/et_pb_image][\/et_pb_column][\/et_pb_row][et_pb_row _builder_version=&#8221;4.27.4&#8243; _module_preset=&#8221;default&#8221; custom_margin=&#8221;-51px|auto||auto||&#8221; global_colors_info=&#8221;{}&#8221;][et_pb_column type=&#8221;4_4&#8243; _builder_version=&#8221;4.27.4&#8243; _module_preset=&#8221;default&#8221; global_colors_info=&#8221;{}&#8221;][et_pb_text _builder_version=&#8221;4.27.4&#8243; _module_preset=&#8221;default&#8221; text_text_color=&#8221;#ff8c00&#8243; text_font_size=&#8221;22px&#8221; link_option_url_new_window=&#8221;on&#8221; hover_enabled=&#8221;0&#8243; global_colors_info=&#8221;{}&#8221; sticky_enabled=&#8221;0&#8243;]<\/p>\n<p style=\"text-align: center;\"><a href=\"https:\/\/www.aafp.org\/family-physician\/patient-care\/prevention-wellness\/immunizations-vaccines.html\"><strong>Pulsa aqu\u00ed para saber m\u00e1s sobre las recomendaciones de vacunaci\u00f3n de la Academia Americana de M\u00e9dicos de Familia.<\/strong><\/a><\/p>\n<p>[\/et_pb_text][\/et_pb_column][\/et_pb_row][et_pb_row _builder_version=&#8221;4.27.4&#8243; _module_preset=&#8221;default&#8221; global_colors_info=&#8221;{}&#8221;][et_pb_column type=&#8221;4_4&#8243; _builder_version=&#8221;4.27.4&#8243; _module_preset=&#8221;default&#8221; global_colors_info=&#8221;{}&#8221;][et_pb_button button_url=&#8221;https:\/\/nobleclinics.org\/es-la\/hacer-una-cita\/&#8221; button_text=&#8221;Programa tu vacunaci\u00f3n&#8221; button_alignment=&#8221;center&#8221; admin_label=&#8221;Schedule Your Vaccination&#8221; module_class=&#8221;btn-primary&#8221; _builder_version=&#8221;4.27.4&#8243; _module_preset=&#8221;default&#8221; global_colors_info=&#8221;{}&#8221;][\/et_pb_button][\/et_pb_column][\/et_pb_row][\/et_pb_section][et_pb_section fb_built=&#8221;1&#8243; specialty=&#8221;on&#8221; admin_label=&#8221;Image Left &#8211; Content Right&#8221; module_class=&#8221;image-content&#8221; _builder_version=&#8221;4.27.4&#8243; _module_preset=&#8221;default&#8221; background_color=&#8221;#d5e7f6&#8243; global_colors_info=&#8221;{}&#8221;][et_pb_column type=&#8221;1_2&#8243; _builder_version=&#8221;4.16&#8243; custom_padding=&#8221;|||&#8221; global_colors_info=&#8221;{}&#8221; custom_padding__hover=&#8221;|||&#8221;][et_pb_image src=&#8221;https:\/\/nobleclinics.org\/wp-content\/uploads\/2025\/07\/insurance.jpg&#8221; alt=&#8221;Seguros&#8221; title_text=&#8221;contenido-imagen&#8221; align=&#8221;center&#8221; _builder_version=&#8221;4.27.4&#8243; _module_preset=&#8221;default&#8221; width=&#8221;50%&#8221; global_colors_info=&#8221;{}&#8221;][\/et_pb_image][\/et_pb_column][et_pb_column type=&#8221;1_2&#8243; specialty_columns=&#8221;2&#8243; _builder_version=&#8221;4.16&#8243; custom_padding=&#8221;|||&#8221; global_colors_info=&#8221;{}&#8221; custom_padding__hover=&#8221;|||&#8221;][et_pb_row_inner _builder_version=&#8221;4.27.0&#8243; _module_preset=&#8221;default&#8221; global_colors_info=&#8221;{}&#8221;][et_pb_column_inner saved_specialty_column_type=&#8221;1_2&#8243; _builder_version=&#8221;4.27.0&#8243; _module_preset=&#8221;default&#8221; global_colors_info=&#8221;{}&#8221;][et_pb_text module_class=&#8221;title&#8221; _builder_version=&#8221;4.27.4&#8243; _module_preset=&#8221;default&#8221; header_2_text_color=&#8221;#000000&#8243; global_colors_info=&#8221;{}&#8221;]<\/p>\n<h2>Comprueba tu historial de vacunas:<\/h2>\n<p>[\/et_pb_text][et_pb_text admin_label=&#8221;Text&#8221; module_class=&#8221;content&#8221; _builder_version=&#8221;4.27.4&#8243; _module_preset=&#8221;default&#8221; text_text_color=&#8221;#000000&#8243; global_colors_info=&#8221;{}&#8221;]<\/p>\n<p>Para revisar tu historial de vacunaci\u00f3n, visita el Registro de Vacunaci\u00f3n de Wisconsin (WIR). Este recurso te ayuda a hacer un seguimiento de las vacunas anteriores y a saber cu\u00e1ndo te toca la siguiente dosis, asegur\u00e1ndote de que est\u00e1s al d\u00eda de todas tus inmunizaciones. Es una forma sencilla de gestionar tu salud y mantener tus registros organizados..  <\/p>\n<p>[\/et_pb_text][et_pb_button button_url=&#8221;https:\/\/www.dhs.wisconsin.gov\/immunization\/wir.htm&#8221; url_new_window=&#8221;on&#8221; button_text=&#8221;Registro de Vacunaci\u00f3n de Wisconsin&#8221; admin_label=&#8221;Primary Button&#8221; module_class=&#8221;btn-primary&#8221; _builder_version=&#8221;4.27.4&#8243; _module_preset=&#8221;default&#8221; global_colors_info=&#8221;{}&#8221;][\/et_pb_button][\/et_pb_column_inner][\/et_pb_row_inner][\/et_pb_column][\/et_pb_section][et_pb_section fb_built=&#8221;1&#8243; _builder_version=&#8221;4.27.4&#8243; _module_preset=&#8221;default&#8221; global_colors_info=&#8221;{}&#8221;][et_pb_row _builder_version=&#8221;4.27.4&#8243; _module_preset=&#8221;default&#8221; custom_margin=&#8221;|auto|34px|auto||&#8221; custom_padding=&#8221;||73px|||&#8221; global_colors_info=&#8221;{}&#8221;][et_pb_column type=&#8221;4_4&#8243; _builder_version=&#8221;4.27.4&#8243; _module_preset=&#8221;default&#8221; global_colors_info=&#8221;{}&#8221;][et_pb_text _builder_version=&#8221;4.27.4&#8243; _module_preset=&#8221;default&#8221; header_2_text_align=&#8221;center&#8221; global_colors_info=&#8221;{}&#8221;]<\/p>\n<h2>Herramientas para registrar tus vacunas:<\/h2>\n<p>Hoy en d\u00eda nos mudamos, viajamos y cambiamos de proveedor sanitario m\u00e1s que en generaciones anteriores. Encontrar informaci\u00f3n antigua sobre vacunaciones puede ser dif\u00edcil y llevar mucho tiempo. Por tanto, es fundamental que mantengas un registro preciso y actualizado de las vacunas que has recibido. Llevar un registro de vacunaciones y guardarlo con otros documentos importantes (o en un lugar seguro) te ahorrar\u00e1 tiempo y molestias innecesarias.   <\/p>\n<p>Pide a tu m\u00e9dico, farmac\u00e9utico u otro proveedor de vacunas un formulario de registro de vacunaci\u00f3n o desc\u00e1rgatelo. Lleva la cartilla contigo a las visitas sanitarias y pide a tu proveedor de vacunas que firme y feche el formulario por cada vacuna que recibas.  De ese modo, puedes estar seguro de que la informaci\u00f3n sobre las vacunas est\u00e1 actualizada y es correcta.<\/p>\n<p>Si tu proveedor de vacunas participa en un <a href=\"https:\/\/www.cdc.gov\/iis\/about\/index.html\" target=\"_blank\">registro de vacunaci\u00f3n<\/a>, pide que tambi\u00e9n se documenten all\u00ed tus vacunas.[\/et_pb_text][\/et_pb_column][\/et_pb_row][\/et_pb_section]<\/p>\n","protected":false},"excerpt":{"rendered":"<p>Mantente al d\u00eda con tus vacunas En Noble Community Clinics estamos aqu\u00ed para ayudarte a estar al d\u00eda de las vacunas esenciales, tanto para ni\u00f1os como para adultos. Nuestro calendario de vacunas recomendadas garantiza que t\u00fa y tu familia est\u00e9is protegidos en cada etapa de la vida. Desde las vacunas infantiles hasta las vacunas anuales contra la gripe, te tenemos cubierto.Calendario de vacunas Protege tu salud con los calendarios de vacunas f\u00e1ciles de seguir de la Academia Americana de M\u00e9dicos de Familia (AAFP):Calendario de vacunaci\u00f3n desde el nacimiento hasta los 18 a\u00f1os:Calendario de vacunaci\u00f3n para adultos por grupos de edad:Pulsa aqu\u00ed para saber m\u00e1s sobre las recomendaciones de vacunaci\u00f3n de la Academia Americana de M\u00e9dicos de Familia.Comprueba tu historial de vacunas:Para revisar tu historial de vacunaci\u00f3n, visita el Registro de Vacunaci\u00f3n de Wisconsin (WIR). Este recurso te ayuda a hacer un seguimiento de las vacunas anteriores y a saber cu\u00e1ndo te toca la siguiente dosis, asegur\u00e1ndote de que est\u00e1s al d\u00eda de todas tus inmunizaciones. Es una forma sencilla de gestionar tu salud y mantener tus registros organizados.. Herramientas para registrar tus vacunas: Hoy en d\u00eda nos mudamos, viajamos y cambiamos de proveedor sanitario m\u00e1s que en generaciones anteriores. Encontrar [&hellip;]<\/p>\n","protected":false},"author":15,"featured_media":0,"parent":0,"menu_order":0,"comment_status":"closed","ping_status":"closed","template":"","meta":{"_et_pb_use_builder":"on","_et_pb_old_content":"","_et_gb_content_width":"","inline_featured_image":false,"footnotes":""},"class_list":["post-15654","page","type-page","status-publish","hentry"],"yoast_head":"<!-- This site is optimized with the Yoast SEO plugin v24.5 - https:\/\/yoast.com\/wordpress\/plugins\/seo\/ -->\n<title>Vacunas - Noble Community Clinics | Dental, Medical &amp; Behavioral Health<\/title>\n<meta name=\"robots\" content=\"index, follow, max-snippet:-1, max-image-preview:large, max-video-preview:-1\" \/>\n<link rel=\"canonical\" href=\"https:\/\/nobleclinics.org\/es-la\/vacunas\/\" \/>\n<meta property=\"og:locale\" content=\"es_ES\" \/>\n<meta property=\"og:type\" content=\"article\" \/>\n<meta property=\"og:title\" content=\"Vacunas - Noble Community Clinics | Dental, Medical &amp; Behavioral Health\" \/>\n<meta property=\"og:description\" content=\"Mantente al d\u00eda con tus vacunas En Noble Community Clinics estamos aqu\u00ed para ayudarte a estar al d\u00eda de las vacunas esenciales, tanto para ni\u00f1os como para adultos. Nuestro calendario de vacunas recomendadas garantiza que t\u00fa y tu familia est\u00e9is protegidos en cada etapa de la vida. Desde las vacunas infantiles hasta las vacunas anuales contra la gripe, te tenemos cubierto.Calendario de vacunas Protege tu salud con los calendarios de vacunas f\u00e1ciles de seguir de la Academia Americana de M\u00e9dicos de Familia (AAFP):Calendario de vacunaci\u00f3n desde el nacimiento hasta los 18 a\u00f1os:Calendario de vacunaci\u00f3n para adultos por grupos de edad:Pulsa aqu\u00ed para saber m\u00e1s sobre las recomendaciones de vacunaci\u00f3n de la Academia Americana de M\u00e9dicos de Familia.Comprueba tu historial de vacunas:Para revisar tu historial de vacunaci\u00f3n, visita el Registro de Vacunaci\u00f3n de Wisconsin (WIR). Este recurso te ayuda a hacer un seguimiento de las vacunas anteriores y a saber cu\u00e1ndo te toca la siguiente dosis, asegur\u00e1ndote de que est\u00e1s al d\u00eda de todas tus inmunizaciones. Es una forma sencilla de gestionar tu salud y mantener tus registros organizados.. Herramientas para registrar tus vacunas: Hoy en d\u00eda nos mudamos, viajamos y cambiamos de proveedor sanitario m\u00e1s que en generaciones anteriores. Encontrar [&hellip;]\" \/>\n<meta property=\"og:url\" content=\"https:\/\/nobleclinics.org\/es-la\/vacunas\/\" \/>\n<meta property=\"og:site_name\" content=\"Noble Community Clinics | Dental, Medical &amp; Behavioral Health\" \/>\n<meta property=\"article:modified_time\" content=\"2026-02-26T18:14:23+00:00\" \/>\n<meta name=\"twitter:card\" content=\"summary_large_image\" \/>\n<meta name=\"twitter:label1\" content=\"Est. reading time\" \/>\n\t<meta name=\"twitter:data1\" content=\"6 minutes\" \/>\n<script type=\"application\/ld+json\" class=\"yoast-schema-graph\">{\"@context\":\"https:\/\/schema.org\",\"@graph\":[{\"@type\":\"WebPage\",\"@id\":\"https:\/\/nobleclinics.org\/es-la\/vacunas\/\",\"url\":\"https:\/\/nobleclinics.org\/es-la\/vacunas\/\",\"name\":\"Vacunas - Noble Community Clinics | Dental, Medical &amp; Behavioral Health\",\"isPartOf\":{\"@id\":\"https:\/\/nobleclinics.org\/#website\"},\"datePublished\":\"2025-07-24T12:26:10+00:00\",\"dateModified\":\"2026-02-26T18:14:23+00:00\",\"breadcrumb\":{\"@id\":\"https:\/\/nobleclinics.org\/es-la\/vacunas\/#breadcrumb\"},\"inLanguage\":\"es-419\",\"potentialAction\":[{\"@type\":\"ReadAction\",\"target\":[\"https:\/\/nobleclinics.org\/es-la\/vacunas\/\"]}]},{\"@type\":\"BreadcrumbList\",\"@id\":\"https:\/\/nobleclinics.org\/es-la\/vacunas\/#breadcrumb\",\"itemListElement\":[{\"@type\":\"ListItem\",\"position\":1,\"name\":\"Home\",\"item\":\"https:\/\/nobleclinics.org\/es-la\/pagina-de-inicio\/\"},{\"@type\":\"ListItem\",\"position\":2,\"name\":\"Vacunas\"}]},{\"@type\":\"WebSite\",\"@id\":\"https:\/\/nobleclinics.org\/#website\",\"url\":\"https:\/\/nobleclinics.org\/\",\"name\":\"Noble Community Clinics | Dental, Medical &amp; Behavioral Health\",\"description\":\"\",\"potentialAction\":[{\"@type\":\"SearchAction\",\"target\":{\"@type\":\"EntryPoint\",\"urlTemplate\":\"https:\/\/nobleclinics.org\/?s={search_term_string}\"},\"query-input\":{\"@type\":\"PropertyValueSpecification\",\"valueRequired\":true,\"valueName\":\"search_term_string\"}}],\"inLanguage\":\"es-419\"}]}<\/script>\n<!-- \/ Yoast SEO plugin. -->","yoast_head_json":{"title":"Vacunas - Noble Community Clinics | Dental, Medical &amp; Behavioral Health","robots":{"index":"index","follow":"follow","max-snippet":"max-snippet:-1","max-image-preview":"max-image-preview:large","max-video-preview":"max-video-preview:-1"},"canonical":"https:\/\/nobleclinics.org\/es-la\/vacunas\/","og_locale":"es_ES","og_type":"article","og_title":"Vacunas - Noble Community Clinics | Dental, Medical &amp; Behavioral Health","og_description":"Mantente al d\u00eda con tus vacunas En Noble Community Clinics estamos aqu\u00ed para ayudarte a estar al d\u00eda de las vacunas esenciales, tanto para ni\u00f1os como para adultos. Nuestro calendario de vacunas recomendadas garantiza que t\u00fa y tu familia est\u00e9is protegidos en cada etapa de la vida. Desde las vacunas infantiles hasta las vacunas anuales contra la gripe, te tenemos cubierto.Calendario de vacunas Protege tu salud con los calendarios de vacunas f\u00e1ciles de seguir de la Academia Americana de M\u00e9dicos de Familia (AAFP):Calendario de vacunaci\u00f3n desde el nacimiento hasta los 18 a\u00f1os:Calendario de vacunaci\u00f3n para adultos por grupos de edad:Pulsa aqu\u00ed para saber m\u00e1s sobre las recomendaciones de vacunaci\u00f3n de la Academia Americana de M\u00e9dicos de Familia.Comprueba tu historial de vacunas:Para revisar tu historial de vacunaci\u00f3n, visita el Registro de Vacunaci\u00f3n de Wisconsin (WIR). Este recurso te ayuda a hacer un seguimiento de las vacunas anteriores y a saber cu\u00e1ndo te toca la siguiente dosis, asegur\u00e1ndote de que est\u00e1s al d\u00eda de todas tus inmunizaciones. Es una forma sencilla de gestionar tu salud y mantener tus registros organizados.. Herramientas para registrar tus vacunas: Hoy en d\u00eda nos mudamos, viajamos y cambiamos de proveedor sanitario m\u00e1s que en generaciones anteriores. Encontrar [&hellip;]","og_url":"https:\/\/nobleclinics.org\/es-la\/vacunas\/","og_site_name":"Noble Community Clinics | Dental, Medical &amp; Behavioral Health","article_modified_time":"2026-02-26T18:14:23+00:00","twitter_card":"summary_large_image","twitter_misc":{"Est. reading time":"6 minutes"},"schema":{"@context":"https:\/\/schema.org","@graph":[{"@type":"WebPage","@id":"https:\/\/nobleclinics.org\/es-la\/vacunas\/","url":"https:\/\/nobleclinics.org\/es-la\/vacunas\/","name":"Vacunas - Noble Community Clinics | Dental, Medical &amp; Behavioral Health","isPartOf":{"@id":"https:\/\/nobleclinics.org\/#website"},"datePublished":"2025-07-24T12:26:10+00:00","dateModified":"2026-02-26T18:14:23+00:00","breadcrumb":{"@id":"https:\/\/nobleclinics.org\/es-la\/vacunas\/#breadcrumb"},"inLanguage":"es-419","potentialAction":[{"@type":"ReadAction","target":["https:\/\/nobleclinics.org\/es-la\/vacunas\/"]}]},{"@type":"BreadcrumbList","@id":"https:\/\/nobleclinics.org\/es-la\/vacunas\/#breadcrumb","itemListElement":[{"@type":"ListItem","position":1,"name":"Home","item":"https:\/\/nobleclinics.org\/es-la\/pagina-de-inicio\/"},{"@type":"ListItem","position":2,"name":"Vacunas"}]},{"@type":"WebSite","@id":"https:\/\/nobleclinics.org\/#website","url":"https:\/\/nobleclinics.org\/","name":"Noble Community Clinics | Dental, Medical &amp; Behavioral Health","description":"","potentialAction":[{"@type":"SearchAction","target":{"@type":"EntryPoint","urlTemplate":"https:\/\/nobleclinics.org\/?s={search_term_string}"},"query-input":{"@type":"PropertyValueSpecification","valueRequired":true,"valueName":"search_term_string"}}],"inLanguage":"es-419"}]}},"_links":{"self":[{"href":"https:\/\/nobleclinics.org\/es-la\/wp-json\/wp\/v2\/pages\/15654","targetHints":{"allow":["GET"]}}],"collection":[{"href":"https:\/\/nobleclinics.org\/es-la\/wp-json\/wp\/v2\/pages"}],"about":[{"href":"https:\/\/nobleclinics.org\/es-la\/wp-json\/wp\/v2\/types\/page"}],"author":[{"embeddable":true,"href":"https:\/\/nobleclinics.org\/es-la\/wp-json\/wp\/v2\/users\/15"}],"replies":[{"embeddable":true,"href":"https:\/\/nobleclinics.org\/es-la\/wp-json\/wp\/v2\/comments?post=15654"}],"version-history":[{"count":0,"href":"https:\/\/nobleclinics.org\/es-la\/wp-json\/wp\/v2\/pages\/15654\/revisions"}],"wp:attachment":[{"href":"https:\/\/nobleclinics.org\/es-la\/wp-json\/wp\/v2\/media?parent=15654"}],"curies":[{"name":"wp","href":"https:\/\/api.w.org\/{rel}","templated":true}]}}