{"id":15974,"date":"2025-12-30T16:30:56","date_gmt":"2025-12-30T16:30:56","guid":{"rendered":"https:\/\/nobleclinics.org\/?page_id=15974"},"modified":"2026-02-13T18:48:17","modified_gmt":"2026-02-13T18:48:17","slug":"grupos-de-recuperacion-del-consumo-de-sustancias","status":"publish","type":"page","link":"https:\/\/nobleclinics.org\/es-la\/servicios\/grupos-de-recuperacion-del-consumo-de-sustancias\/","title":{"rendered":"Grupos de recuperaci\u00f3n del consumo de sustancias"},"content":{"rendered":"<p>[et_pb_section fb_built=&#8221;1&#8243; custom_padding_last_edited=&#8221;on|desktop&#8221; _builder_version=&#8221;4.27.4&#8243; _module_preset=&#8221;default&#8221; use_background_color_gradient=&#8221;on&#8221; background_color_gradient_stops=&#8221;rgba(0,0,0,0.4) 0%|rgba(0,0,0,0.4) 100%&#8221; background_color_gradient_overlays_image=&#8221;on&#8221; background_image=&#8221;https:\/\/nobleclinics.org\/wp-content\/uploads\/2025\/12\/Veronica-for-Web-Header-scaled.jpg&#8221; background_position=&#8221;top_center&#8221; custom_margin=&#8221;||||false|false&#8221; custom_padding=&#8221;223px||186px||false|false&#8221; custom_padding_tablet=&#8221;121px||101px||false|false&#8221; custom_padding_phone=&#8221;121px||101px||false|false&#8221; global_colors_info=&#8221;{}&#8221;][et_pb_row column_structure=&#8221;1_5,3_5,1_5&#8243; _builder_version=&#8221;4.27.0&#8243; _module_preset=&#8221;default&#8221; global_colors_info=&#8221;{}&#8221;][et_pb_column type=&#8221;1_5&#8243; _builder_version=&#8221;4.27.0&#8243; _module_preset=&#8221;default&#8221; global_colors_info=&#8221;{}&#8221;][\/et_pb_column][et_pb_column type=&#8221;3_5&#8243; _builder_version=&#8221;4.27.0&#8243; _module_preset=&#8221;default&#8221; global_colors_info=&#8221;{}&#8221;][et_pb_text _builder_version=&#8221;4.27.0&#8243; _module_preset=&#8221;default&#8221; header_text_align=&#8221;center&#8221; header_text_color=&#8221;#FFFFFF&#8221; header_2_text_align=&#8221;center&#8221; header_2_text_color=&#8221;#FFFFFF&#8221; custom_margin=&#8221;||11px|||&#8221; global_colors_info=&#8221;{}&#8221;]<\/p>\n<h1>Grupos de recuperaci\u00f3n del consumo de sustancias<\/h1>\n<p>[\/et_pb_text][et_pb_text _builder_version=&#8221;4.27.0&#8243; _module_preset=&#8221;default&#8221; text_text_color=&#8221;#FFFFFF&#8221; text_font_size=&#8221;16px&#8221; text_line_height=&#8221;1.9em&#8221; text_orientation=&#8221;center&#8221; global_colors_info=&#8221;{}&#8221;]<\/p>\n<p>En Noble Community Clinics, sabemos que la recuperaci\u00f3n no es un destino, sino un viaje<br \/>que no tienes por qu\u00e9 recorrer solo. Nuestras sesiones de grupo est\u00e1n dise\u00f1adas para guiar, apoyar, <br \/>y crear habilidades duraderas para una vida sana y equilibrada. <\/p>\n<p>[\/et_pb_text][\/et_pb_column][et_pb_column type=&#8221;1_5&#8243; _builder_version=&#8221;4.27.0&#8243; _module_preset=&#8221;default&#8221; global_colors_info=&#8221;{}&#8221;][\/et_pb_column][\/et_pb_row][\/et_pb_section][et_pb_section fb_built=&#8221;1&#8243; admin_label=&#8221;Content Toggle&#8221; module_class=&#8221;content-toggle&#8221; _builder_version=&#8221;4.27.0&#8243; _module_preset=&#8221;default&#8221; global_colors_info=&#8221;{}&#8221;][et_pb_row _builder_version=&#8221;4.27.0&#8243; _module_preset=&#8221;default&#8221; global_colors_info=&#8221;{}&#8221;][et_pb_column type=&#8221;4_4&#8243; _builder_version=&#8221;4.27.0&#8243; _module_preset=&#8221;default&#8221; global_colors_info=&#8221;{}&#8221;][et_pb_text admin_label=&#8221;Title&#8221; module_class=&#8221;title&#8221; _builder_version=&#8221;4.27.0&#8243; _module_preset=&#8221;default&#8221; custom_margin=&#8221;||16px|||&#8221; global_colors_info=&#8221;{}&#8221;]<\/p>\n<h2>Estrategias basadas en pruebas<\/h2>\n<p>[\/et_pb_text][et_pb_text admin_label=&#8221;Title&#8221; module_class=&#8221;text&#8221; _builder_version=&#8221;4.27.4&#8243; _module_preset=&#8221;default&#8221; global_colors_info=&#8221;{}&#8221;]<\/p>\n<p>Los cl\u00ednicos experimentados de Noble te ayudan a adquirir estrategias para afrontar los retos diarios, a crear objetivos SMART que apoyen tu crecimiento personal, al tiempo que fomentan la responsabilidad y la rendici\u00f3n de cuentas.<\/p>\n<p>[\/et_pb_text][\/et_pb_column][\/et_pb_row][et_pb_row _builder_version=&#8221;4.27.0&#8243; _module_preset=&#8221;default&#8221; global_colors_info=&#8221;{}&#8221;][et_pb_column type=&#8221;4_4&#8243; _builder_version=&#8221;4.27.0&#8243; _module_preset=&#8221;default&#8221; global_colors_info=&#8221;{}&#8221;][et_pb_toggle title=&#8221;Grupos de Stevens Point&#8221; admin_label=&#8221;Individual Counseling &#8221; _builder_version=&#8221;4.27.4&#8243; _module_preset=&#8221;default&#8221; global_colors_info=&#8221;{}&#8221;]<\/p>\n<p>Haz clic en el nombre del grupo para obtener m\u00e1s detalles:<\/p>\n<p><a href=\"https:\/\/nobleclinics.org\/wp-content\/uploads\/2025\/12\/SUD-Stevens-Point_Continuing-Care-Group.pdf\" target=\"_blank\" rel=\"attachment noopener wp-att-15979\"><strong>Atenci\u00f3n continuada<\/strong><\/a><br \/><em>Lunes (16.00-17.00 h); Viernes (11.00-12.00 h)<br \/><\/em><strong><a href=\"https:\/\/nobleclinics.org\/wp-content\/uploads\/2025\/12\/SUD-Stevens-Point_Living-In-Balance-Group.pdf\" target=\"_blank\" rel=\"attachment noopener wp-att-15981\">Vivir en equilibrio<\/a><\/strong><em><br \/>Martes y jueves (9.00-11.00 h)<br \/><\/em><strong><a href=\"https:\/\/nobleclinics.org\/wp-content\/uploads\/2025\/12\/SUD-Stevens-Point_OWI-Group.pdf\" target=\"_blank\" rel=\"attachment noopener wp-att-15983\">OWI<\/a><\/strong><em><br \/>Viernes (9 h y 16 h)<br \/><\/em><strong><a href=\"https:\/\/nobleclinics.org\/wp-content\/uploads\/2025\/12\/SUD-Stevens-Point_Recovery-Management-Group.pdf\" target=\"_blank\" rel=\"attachment noopener wp-att-15985\">Gesti\u00f3n de la recuperaci\u00f3n<\/a><\/strong><em><br \/>Mi\u00e9rcoles (3-4pm); Jueves (3-4:30pm)<br \/><\/em><\/p>\n<p>[\/et_pb_toggle][et_pb_toggle title=&#8221;Grupos Wautoma&#8221; admin_label=&#8221;Group Therapy &#8221; _builder_version=&#8221;4.27.4&#8243; _module_preset=&#8221;default&#8221; global_colors_info=&#8221;{}&#8221;]<\/p>\n<p>Haz clic en el nombre del grupo para obtener m\u00e1s detalles:<\/p>\n<p><strong><a href=\"https:\/\/nobleclinics.org\/wp-content\/uploads\/2025\/12\/SUD-Wautoma_Continuing-Care-Group.pdf\" target=\"_blank\" rel=\"attachment noopener wp-att-15987\">Atenci\u00f3n continuada<\/a><\/strong><br \/><em>Lunes y mi\u00e9rcoles (16.00-17.00 h)<br \/><\/em><strong><a href=\"https:\/\/nobleclinics.org\/wp-content\/uploads\/2025\/12\/SUD-Wautoma_Living-In-Balance.pdf\" target=\"_blank\" rel=\"attachment noopener wp-att-15989\">Vivir en equilibrio<\/a><\/strong><em><br \/>Lunes y mi\u00e9rcoles (9:30-11:30)<br \/><\/em><strong><a href=\"https:\/\/nobleclinics.org\/wp-content\/uploads\/2025\/12\/SUD-Wautoma_OWI-Group.pdf\" target=\"_blank\" rel=\"attachment noopener wp-att-15991\">OWI<\/a><\/strong><em><br \/>Viernes (16.00-17.00 h)<br \/><\/em><strong><a href=\"https:\/\/nobleclinics.org\/wp-content\/uploads\/2025\/12\/SUD-Wautoma_Recovery-Management-Group.pdf\" target=\"_blank\" rel=\"attachment noopener wp-att-15993\">Gesti\u00f3n de la recuperaci\u00f3n<\/a><\/strong><em><br \/>Martes (16.00-17.00 h)<br \/><\/em><\/p>\n<p>[\/et_pb_toggle][et_pb_toggle title=&#8221;Grupos de Beaver Dam&#8221; admin_label=&#8221;Family Counseling &#8221; _builder_version=&#8221;4.27.4&#8243; _module_preset=&#8221;default&#8221; global_colors_info=&#8221;{}&#8221;]<\/p>\n<p style=\"text-align: left;\">Haz clic en el nombre del grupo para obtener m\u00e1s detalles:<\/p>\n<p><strong><a href=\"https:\/\/nobleclinics.org\/wp-content\/uploads\/2025\/12\/SUD-Group-Flyers-Behavioral-Health_Beaver-Dam_01.pdf\" target=\"_blank\" rel=\"attachment noopener wp-att-15995\">Atenci\u00f3n continuada<\/a><br \/><\/strong><em>Jueves (16.00-17.00 h)<br \/><strong><a href=\"https:\/\/nobleclinics.org\/wp-content\/uploads\/2025\/12\/SUD-Group-Flyers-Behavioral-Health_Beaver-Dam_02.pdf\" rel=\"attachment wp-att-15997\">OWI<\/a><br \/><\/strong>Martes (16:00-17:00)<br \/><\/em><strong><a href=\"https:\/\/nobleclinics.org\/wp-content\/uploads\/2025\/12\/SUD-Group-Flyers-Behavioral-Health_Beaver-Dam_03.pdf\" rel=\"attachment wp-att-15999\">Gesti\u00f3n de la recuperaci\u00f3n<\/a><\/strong><em><strong><br \/><\/strong>Jueves (8-9h)<br \/><a href=\"https:\/\/nobleclinics.org\/wp-content\/uploads\/2026\/02\/SUD-Group-Flyers-Behavioral-Health_Beaver-Dam_04.pdf\"><strong>Grupo de recuperaci\u00f3n s\u00f3lo para mujeres<\/strong><\/a><strong><br \/><\/strong>Jueves (10-12h)<br \/><\/em><\/p>\n<p>[\/et_pb_toggle][et_pb_toggle title=&#8221;Grupos de Friendship&#8221; admin_label=&#8221;Substance Use Recovery &#8221; _builder_version=&#8221;4.27.4&#8243; _module_preset=&#8221;default&#8221; global_colors_info=&#8221;{}&#8221;]<\/p>\n<p>Haz clic en el nombre del grupo para obtener m\u00e1s detalles:<\/p>\n<p><strong><a href=\"https:\/\/nobleclinics.org\/wp-content\/uploads\/2025\/12\/SUD-Wautoma_Recovery-Management-Group.pdf\" target=\"_blank\" rel=\"attachment noopener wp-att-15993\">Gesti\u00f3n de la recuperaci\u00f3n<\/a><br \/><\/strong><em>Jueves (3:30-5pm)<br \/><\/em><strong><a href=\"https:\/\/nobleclinics.org\/wp-content\/uploads\/2025\/12\/SUD-Group-Flyers-IOP-Group-Friendship.pdf\" target=\"_blank\" rel=\"attachment noopener wp-att-16001\">Consumo de sustancias IOP (Programa Intensivo de Asistencia Ambulatoria)<\/a><\/strong><em><strong><br \/><\/strong>Lunes, mi\u00e9rcoles y jueves (9.00-12.00)<br \/><\/em><\/p>\n<p>[\/et_pb_toggle][\/et_pb_column][\/et_pb_row][\/et_pb_section][et_pb_section fb_built=&#8221;1&#8243; admin_label=&#8221;Team Member Grid&#8221; module_class=&#8221;profile-grid&#8221; _builder_version=&#8221;4.27.0&#8243; _module_preset=&#8221;default&#8221; global_colors_info=&#8221;{}&#8221;][et_pb_row _builder_version=&#8221;4.27.0&#8243; _module_preset=&#8221;default&#8221; global_colors_info=&#8221;{}&#8221;][et_pb_column type=&#8221;4_4&#8243; _builder_version=&#8221;4.27.0&#8243; _module_preset=&#8221;default&#8221; global_colors_info=&#8221;{}&#8221;][et_pb_text admin_label=&#8221;Behavioral Health Providers &#8221; _builder_version=&#8221;4.27.4&#8243; _module_preset=&#8221;default&#8221; global_colors_info=&#8221;{}&#8221;]<\/p>\n<h2 style=\"text-align: left;\">Facilitadores de grupo<\/h2>\n<p>[\/et_pb_text][\/et_pb_column][\/et_pb_row][et_pb_row column_structure=&#8221;1_4,1_4,1_4,1_4&#8243; _builder_version=&#8221;4.27.4&#8243; _module_preset=&#8221;default&#8221; custom_margin=&#8221;|79px||146px||&#8221; global_colors_info=&#8221;{}&#8221;][et_pb_column type=&#8221;1_4&#8243; _builder_version=&#8221;4.27.0&#8243; _module_preset=&#8221;default&#8221; global_colors_info=&#8221;{}&#8221;][et_pb_blurb title=&#8221;Amelia Gough, SAC&#8221; image=&#8221;https:\/\/nobleclinics.org\/wp-content\/uploads\/2026\/01\/Amelia-Gough.jpg&#8221; alt=&#8221;Noble logo&#8221; admin_label=&#8221;Amelia Gough&#8221; module_id=&#8221;overlay_unique_id_15541&#8243; _builder_version=&#8221;4.27.4&#8243; _module_preset=&#8221;default&#8221; animation=&#8221;off&#8221; saved_tabs=&#8221;all&#8221; locked=&#8221;off&#8221; global_colors_info=&#8221;{}&#8221;]<\/p>\n<p>Stevens Point<\/p>\n<p>[\/et_pb_blurb][\/et_pb_column][et_pb_column type=&#8221;1_4&#8243; _builder_version=&#8221;4.27.0&#8243; _module_preset=&#8221;default&#8221; global_colors_info=&#8221;{}&#8221;][et_pb_blurb title=&#8221;Veronica Eckstein, CSAC&#8221; image=&#8221;https:\/\/nobleclinics.org\/wp-content\/uploads\/2025\/07\/NCC-Providers-VeronicaEckstein-NEW-scaled.jpg&#8221; alt=&#8221;Veronica&#8221; admin_label=&#8221;Veronica Eckstein&#8221; module_id=&#8221;overlay_unique_id_15250&#8243; _builder_version=&#8221;4.27.4&#8243; _module_preset=&#8221;default&#8221; animation=&#8221;off&#8221; global_colors_info=&#8221;{}&#8221;]<\/p>\n<p>Wautoma &amp; Friendship<\/p>\n<p>[\/et_pb_blurb][\/et_pb_column][et_pb_column type=&#8221;1_4&#8243; _builder_version=&#8221;4.27.4&#8243; _module_preset=&#8221;default&#8221; global_colors_info=&#8221;{}&#8221;][et_pb_blurb title=&#8221;Mollie Kallas, CSAC, ICS&#8221; image=&#8221;https:\/\/nobleclinics.org\/wp-content\/uploads\/2025\/11\/Mollie-Kallas.png&#8221; admin_label=&#8221;Colleen Kasten&#8221; module_id=&#8221;overlay_unique_id_15810&#8243; _builder_version=&#8221;4.27.4&#8243; _module_preset=&#8221;default&#8221; custom_margin=&#8221;|||-9px||&#8221; custom_padding=&#8221;|0px|8px|||&#8221; animation=&#8221;off&#8221; global_colors_info=&#8221;{}&#8221;]<\/p>\n<p>Beaver Dam<\/p>\n<p>[\/et_pb_blurb][\/et_pb_column][et_pb_column type=&#8221;1_4&#8243; _builder_version=&#8221;4.27.4&#8243; _module_preset=&#8221;default&#8221; global_colors_info=&#8221;{}&#8221;][et_pb_blurb title=&#8221;Colleen Kasten, CSAC&#8221; image=&#8221;https:\/\/nobleclinics.org\/wp-content\/uploads\/2024\/11\/NCC-ColleenKasten-Friendship-BH_resized.jpg&#8221; admin_label=&#8221;Colleen Kasten&#8221; module_id=&#8221;overlay_unique_id_683&#8243; _builder_version=&#8221;4.27.4&#8243; _module_preset=&#8221;default&#8221; width=&#8221;99.9%&#8221; min_height=&#8221;406.3px&#8221; custom_margin=&#8221;||11px|||&#8221; custom_padding=&#8221;|||0px||&#8221; animation=&#8221;off&#8221; global_colors_info=&#8221;{}&#8221;]<\/p>\n<p>Friendship<\/p>\n<p>[\/et_pb_blurb][\/et_pb_column][\/et_pb_row][\/et_pb_section][et_pb_section fb_built=&#8221;1&#8243; specialty=&#8221;on&#8221; admin_label=&#8221;Image Left &#8211; Content Right&#8221; module_class=&#8221;image-content&#8221; _builder_version=&#8221;4.27.0&#8243; _module_preset=&#8221;default&#8221; background_color=&#8221;#FFFFFF&#8221; global_colors_info=&#8221;{}&#8221;][et_pb_column type=&#8221;1_2&#8243; _builder_version=&#8221;4.16&#8243; custom_padding=&#8221;|||&#8221; global_colors_info=&#8221;{}&#8221; custom_padding__hover=&#8221;|||&#8221;][et_pb_image src=&#8221;https:\/\/nobleclinics.org\/wp-content\/uploads\/2025\/11\/IMG_2350-scaled-e1763488474229.jpg&#8221; title_text=&#8221;IMG_2350&#8243; align=&#8221;center&#8221; _builder_version=&#8221;4.27.4&#8243; _module_preset=&#8221;default&#8221; border_radii=&#8221;on|10px|10px|10px|10px&#8221; global_colors_info=&#8221;{}&#8221;][\/et_pb_image][\/et_pb_column][et_pb_column type=&#8221;1_2&#8243; specialty_columns=&#8221;2&#8243; _builder_version=&#8221;4.16&#8243; custom_padding=&#8221;|||&#8221; global_colors_info=&#8221;{}&#8221; custom_padding__hover=&#8221;|||&#8221;][et_pb_row_inner _builder_version=&#8221;4.27.0&#8243; _module_preset=&#8221;default&#8221; global_colors_info=&#8221;{}&#8221;][et_pb_column_inner saved_specialty_column_type=&#8221;1_2&#8243; _builder_version=&#8221;4.27.0&#8243; _module_preset=&#8221;default&#8221; global_colors_info=&#8221;{}&#8221;][et_pb_text module_class=&#8221;title&#8221; _builder_version=&#8221;4.27.0&#8243; _module_preset=&#8221;default&#8221; header_2_text_align=&#8221;left&#8221; header_2_text_color=&#8221;#000000&#8243; global_colors_info=&#8221;{}&#8221;]<\/p>\n<h2>Atenci\u00f3n compasiva para tu salud mental<\/h2>\n<p>[\/et_pb_text][et_pb_text admin_label=&#8221;Text&#8221; module_class=&#8221;content&#8221; _builder_version=&#8221;4.27.0&#8243; _module_preset=&#8221;default&#8221; text_text_color=&#8221;#000000&#8243; global_colors_info=&#8221;{}&#8221;]<\/p>\n<p>Nuestro equipo de salud mental se dedica a proporcionar un entorno seguro y de apoyo en el que puedas sentirte escuchado y comprendido. Creemos en tratar a cada persona con dignidad y respeto, asegur\u00e1ndonos de que tus necesidades de salud mental se satisfagan con empat\u00eda y experiencia. <\/p>\n<p>[\/et_pb_text][et_pb_button button_url=&#8221;https:\/\/nobleclinics.org\/es-la\/hacer-una-cita\/&#8221; button_text=&#8221;Concertar una cita&#8221; admin_label=&#8221;Book an Appointment&#8221; module_class=&#8221;btn-primary&#8221; _builder_version=&#8221;4.27.4&#8243; _module_preset=&#8221;default&#8221; global_colors_info=&#8221;{}&#8221;][\/et_pb_button][\/et_pb_column_inner][\/et_pb_row_inner][\/et_pb_column][\/et_pb_section]<\/p>\n","protected":false},"excerpt":{"rendered":"<p>Grupos de recuperaci\u00f3n del consumo de sustanciasEn Noble Community Clinics, sabemos que la recuperaci\u00f3n no es un destino, sino un viajeque no tienes por qu\u00e9 recorrer solo. Nuestras sesiones de grupo est\u00e1n dise\u00f1adas para guiar, apoyar, y crear habilidades duraderas para una vida sana y equilibrada. Estrategias basadas en pruebasLos cl\u00ednicos experimentados de Noble te ayudan a adquirir estrategias para afrontar los retos diarios, a crear objetivos SMART que apoyen tu crecimiento personal, al tiempo que fomentan la responsabilidad y la rendici\u00f3n de cuentas.Haz clic en el nombre del grupo para obtener m\u00e1s detalles: Atenci\u00f3n continuadaLunes (16.00-17.00 h); Viernes (11.00-12.00 h)Vivir en equilibrioMartes y jueves (9.00-11.00 h)OWIViernes (9 h y 16 h)Gesti\u00f3n de la recuperaci\u00f3nMi\u00e9rcoles (3-4pm); Jueves (3-4:30pm)Haz clic en el nombre del grupo para obtener m\u00e1s detalles: Atenci\u00f3n continuadaLunes y mi\u00e9rcoles (16.00-17.00 h)Vivir en equilibrioLunes y mi\u00e9rcoles (9:30-11:30)OWIViernes (16.00-17.00 h)Gesti\u00f3n de la recuperaci\u00f3nMartes (16.00-17.00 h)Haz clic en el nombre del grupo para obtener m\u00e1s detalles: Atenci\u00f3n continuadaJueves (16.00-17.00 h)OWIMartes (16:00-17:00)Gesti\u00f3n de la recuperaci\u00f3nJueves (8-9h)Grupo de recuperaci\u00f3n s\u00f3lo para mujeresJueves (10-12h)Haz clic en el nombre del grupo para obtener m\u00e1s detalles: Gesti\u00f3n de la recuperaci\u00f3nJueves (3:30-5pm)Consumo de sustancias IOP (Programa Intensivo de Asistencia Ambulatoria)Lunes, mi\u00e9rcoles y jueves (9.00-12.00)Facilitadores de grupoStevens [&hellip;]<\/p>\n","protected":false},"author":24,"featured_media":0,"parent":14565,"menu_order":0,"comment_status":"closed","ping_status":"closed","template":"","meta":{"_et_pb_use_builder":"on","_et_pb_old_content":"","_et_gb_content_width":"","inline_featured_image":false,"footnotes":""},"class_list":["post-15974","page","type-page","status-publish","hentry"],"yoast_head":"<!-- This site is optimized with the Yoast SEO plugin v24.5 - https:\/\/yoast.com\/wordpress\/plugins\/seo\/ -->\n<title>Servicios de Salud Conductual | Cl\u00ednicas Comunitarias Noble<\/title>\n<meta name=\"description\" content=\"Inf\u00f3rmate sobre nuestros completos servicios de salud conductual dise\u00f1ados para apoyar tu bienestar mental y emocional. Inf\u00f3rmate sobre nuestros cuidados compasivos y opciones terap\u00e9uticas.\" \/>\n<meta name=\"robots\" content=\"index, follow, max-snippet:-1, max-image-preview:large, max-video-preview:-1\" \/>\n<link rel=\"canonical\" href=\"https:\/\/nobleclinics.org\/es-la\/servicios\/grupos-de-recuperacion-del-consumo-de-sustancias\/\" \/>\n<meta property=\"og:locale\" content=\"es_ES\" \/>\n<meta property=\"og:type\" content=\"article\" \/>\n<meta property=\"og:title\" content=\"Servicios de Salud Conductual | Cl\u00ednicas Comunitarias Noble\" \/>\n<meta property=\"og:description\" content=\"Inf\u00f3rmate sobre nuestros completos servicios de salud conductual dise\u00f1ados para apoyar tu bienestar mental y emocional. Inf\u00f3rmate sobre nuestros cuidados compasivos y opciones terap\u00e9uticas.\" \/>\n<meta property=\"og:url\" content=\"https:\/\/nobleclinics.org\/es-la\/servicios\/grupos-de-recuperacion-del-consumo-de-sustancias\/\" \/>\n<meta property=\"og:site_name\" content=\"Noble Community Clinics | Dental, Medical &amp; Behavioral Health\" \/>\n<meta property=\"article:modified_time\" content=\"2026-02-13T18:48:17+00:00\" \/>\n<meta name=\"twitter:card\" content=\"summary_large_image\" \/>\n<meta name=\"twitter:label1\" content=\"Est. reading time\" \/>\n\t<meta name=\"twitter:data1\" content=\"6 minutes\" \/>\n<script type=\"application\/ld+json\" class=\"yoast-schema-graph\">{\"@context\":\"https:\/\/schema.org\",\"@graph\":[{\"@type\":\"WebPage\",\"@id\":\"https:\/\/nobleclinics.org\/es-la\/servicios\/grupos-de-recuperacion-del-consumo-de-sustancias\/\",\"url\":\"https:\/\/nobleclinics.org\/es-la\/servicios\/grupos-de-recuperacion-del-consumo-de-sustancias\/\",\"name\":\"Servicios de Salud Conductual | Cl\u00ednicas Comunitarias Noble\",\"isPartOf\":{\"@id\":\"https:\/\/nobleclinics.org\/#website\"},\"datePublished\":\"2025-12-30T16:30:56+00:00\",\"dateModified\":\"2026-02-13T18:48:17+00:00\",\"description\":\"Inf\u00f3rmate sobre nuestros completos servicios de salud conductual dise\u00f1ados para apoyar tu bienestar mental y emocional. Inf\u00f3rmate sobre nuestros cuidados compasivos y opciones terap\u00e9uticas.\",\"breadcrumb\":{\"@id\":\"https:\/\/nobleclinics.org\/es-la\/servicios\/grupos-de-recuperacion-del-consumo-de-sustancias\/#breadcrumb\"},\"inLanguage\":\"es-419\",\"potentialAction\":[{\"@type\":\"ReadAction\",\"target\":[\"https:\/\/nobleclinics.org\/es-la\/servicios\/grupos-de-recuperacion-del-consumo-de-sustancias\/\"]}]},{\"@type\":\"BreadcrumbList\",\"@id\":\"https:\/\/nobleclinics.org\/es-la\/servicios\/grupos-de-recuperacion-del-consumo-de-sustancias\/#breadcrumb\",\"itemListElement\":[{\"@type\":\"ListItem\",\"position\":1,\"name\":\"Home\",\"item\":\"https:\/\/nobleclinics.org\/es-la\/pagina-de-inicio\/\"},{\"@type\":\"ListItem\",\"position\":2,\"name\":\"Servicios\",\"item\":\"https:\/\/nobleclinics.org\/es-la\/servicios\/\"},{\"@type\":\"ListItem\",\"position\":3,\"name\":\"Grupos de recuperaci\u00f3n del consumo de sustancias\"}]},{\"@type\":\"WebSite\",\"@id\":\"https:\/\/nobleclinics.org\/#website\",\"url\":\"https:\/\/nobleclinics.org\/\",\"name\":\"Noble Community Clinics | Dental, Medical &amp; Behavioral Health\",\"description\":\"\",\"potentialAction\":[{\"@type\":\"SearchAction\",\"target\":{\"@type\":\"EntryPoint\",\"urlTemplate\":\"https:\/\/nobleclinics.org\/?s={search_term_string}\"},\"query-input\":{\"@type\":\"PropertyValueSpecification\",\"valueRequired\":true,\"valueName\":\"search_term_string\"}}],\"inLanguage\":\"es-419\"}]}<\/script>\n<!-- \/ Yoast SEO plugin. -->","yoast_head_json":{"title":"Servicios de Salud Conductual | Cl\u00ednicas Comunitarias Noble","description":"Inf\u00f3rmate sobre nuestros completos servicios de salud conductual dise\u00f1ados para apoyar tu bienestar mental y emocional. Inf\u00f3rmate sobre nuestros cuidados compasivos y opciones terap\u00e9uticas.","robots":{"index":"index","follow":"follow","max-snippet":"max-snippet:-1","max-image-preview":"max-image-preview:large","max-video-preview":"max-video-preview:-1"},"canonical":"https:\/\/nobleclinics.org\/es-la\/servicios\/grupos-de-recuperacion-del-consumo-de-sustancias\/","og_locale":"es_ES","og_type":"article","og_title":"Servicios de Salud Conductual | Cl\u00ednicas Comunitarias Noble","og_description":"Inf\u00f3rmate sobre nuestros completos servicios de salud conductual dise\u00f1ados para apoyar tu bienestar mental y emocional. Inf\u00f3rmate sobre nuestros cuidados compasivos y opciones terap\u00e9uticas.","og_url":"https:\/\/nobleclinics.org\/es-la\/servicios\/grupos-de-recuperacion-del-consumo-de-sustancias\/","og_site_name":"Noble Community Clinics | Dental, Medical &amp; Behavioral Health","article_modified_time":"2026-02-13T18:48:17+00:00","twitter_card":"summary_large_image","twitter_misc":{"Est. reading time":"6 minutes"},"schema":{"@context":"https:\/\/schema.org","@graph":[{"@type":"WebPage","@id":"https:\/\/nobleclinics.org\/es-la\/servicios\/grupos-de-recuperacion-del-consumo-de-sustancias\/","url":"https:\/\/nobleclinics.org\/es-la\/servicios\/grupos-de-recuperacion-del-consumo-de-sustancias\/","name":"Servicios de Salud Conductual | Cl\u00ednicas Comunitarias Noble","isPartOf":{"@id":"https:\/\/nobleclinics.org\/#website"},"datePublished":"2025-12-30T16:30:56+00:00","dateModified":"2026-02-13T18:48:17+00:00","description":"Inf\u00f3rmate sobre nuestros completos servicios de salud conductual dise\u00f1ados para apoyar tu bienestar mental y emocional. Inf\u00f3rmate sobre nuestros cuidados compasivos y opciones terap\u00e9uticas.","breadcrumb":{"@id":"https:\/\/nobleclinics.org\/es-la\/servicios\/grupos-de-recuperacion-del-consumo-de-sustancias\/#breadcrumb"},"inLanguage":"es-419","potentialAction":[{"@type":"ReadAction","target":["https:\/\/nobleclinics.org\/es-la\/servicios\/grupos-de-recuperacion-del-consumo-de-sustancias\/"]}]},{"@type":"BreadcrumbList","@id":"https:\/\/nobleclinics.org\/es-la\/servicios\/grupos-de-recuperacion-del-consumo-de-sustancias\/#breadcrumb","itemListElement":[{"@type":"ListItem","position":1,"name":"Home","item":"https:\/\/nobleclinics.org\/es-la\/pagina-de-inicio\/"},{"@type":"ListItem","position":2,"name":"Servicios","item":"https:\/\/nobleclinics.org\/es-la\/servicios\/"},{"@type":"ListItem","position":3,"name":"Grupos de recuperaci\u00f3n del consumo de sustancias"}]},{"@type":"WebSite","@id":"https:\/\/nobleclinics.org\/#website","url":"https:\/\/nobleclinics.org\/","name":"Noble Community Clinics | Dental, Medical &amp; Behavioral Health","description":"","potentialAction":[{"@type":"SearchAction","target":{"@type":"EntryPoint","urlTemplate":"https:\/\/nobleclinics.org\/?s={search_term_string}"},"query-input":{"@type":"PropertyValueSpecification","valueRequired":true,"valueName":"search_term_string"}}],"inLanguage":"es-419"}]}},"_links":{"self":[{"href":"https:\/\/nobleclinics.org\/es-la\/wp-json\/wp\/v2\/pages\/15974","targetHints":{"allow":["GET"]}}],"collection":[{"href":"https:\/\/nobleclinics.org\/es-la\/wp-json\/wp\/v2\/pages"}],"about":[{"href":"https:\/\/nobleclinics.org\/es-la\/wp-json\/wp\/v2\/types\/page"}],"author":[{"embeddable":true,"href":"https:\/\/nobleclinics.org\/es-la\/wp-json\/wp\/v2\/users\/24"}],"replies":[{"embeddable":true,"href":"https:\/\/nobleclinics.org\/es-la\/wp-json\/wp\/v2\/comments?post=15974"}],"version-history":[{"count":0,"href":"https:\/\/nobleclinics.org\/es-la\/wp-json\/wp\/v2\/pages\/15974\/revisions"}],"up":[{"embeddable":true,"href":"https:\/\/nobleclinics.org\/es-la\/wp-json\/wp\/v2\/pages\/14565"}],"wp:attachment":[{"href":"https:\/\/nobleclinics.org\/es-la\/wp-json\/wp\/v2\/media?parent=15974"}],"curies":[{"name":"wp","href":"https:\/\/api.w.org\/{rel}","templated":true}]}}