{"id":16166,"date":"2026-03-27T13:51:11","date_gmt":"2026-03-27T13:51:11","guid":{"rendered":"https:\/\/nobleclinics.org\/?page_id=16166"},"modified":"2026-04-15T16:08:44","modified_gmt":"2026-04-15T16:08:44","slug":"pagina-de-inicio-de-lakeshore","status":"publish","type":"page","link":"https:\/\/nobleclinics.org\/es-la\/pagina-de-inicio-de-lakeshore\/","title":{"rendered":"P\u00e1gina de inicio de Lakeshore"},"content":{"rendered":"<p>[et_pb_section fb_built=&#8221;1&#8243; fullwidth=&#8221;on&#8221; admin_label=&#8221;Hero Slider&#8221; module_class=&#8221;homepage-hero&#8221; _builder_version=&#8221;4.27.4&#8243; _module_preset=&#8221;default&#8221; background_color=&#8221;#2a3f49&#8243; global_colors_info=&#8221;{}&#8221;][et_pb_fullwidth_slider show_arrows=&#8221;off&#8221; dot_nav_custom_color=&#8221;#3a7197&#8243; _builder_version=&#8221;4.27.4&#8243; _module_preset=&#8221;default&#8221; background_image=&#8221;https:\/\/nobleclinics.org\/wp-content\/uploads\/2026\/02\/Lakeshore-Landing-Page-Header-1-scaled.jpg&#8221; global_colors_info=&#8221;{}&#8221;][et_pb_slide heading=&#8221;Los mismos servicios. Nuevo nombre. &#8221; _builder_version=&#8221;4.27.4&#8243; _module_preset=&#8221;default&#8221; background_enable_color=&#8221;off&#8221; background_image=&#8221;https:\/\/nobleclinics.org\/wp-content\/uploads\/2026\/02\/Lakeshore-Landing-Page-Header-3-scaled.jpg&#8221; background_enable_image=&#8221;on&#8221; global_colors_info=&#8221;{}&#8221; sticky_transition=&#8221;on&#8221;]<\/p>\n<p>Si estabas buscando el sitio web de Lakeshore Community Health Care, est\u00e1s en el lugar adecuado. Lakeshore Community Health Care y Noble Community Clinics se han integrado y ahora operan juntas bajo el nombre de Noble Community Clinics. <\/p>\n<p>[\/et_pb_slide][\/et_pb_fullwidth_slider][\/et_pb_section][et_pb_section fb_built=&#8221;1&#8243; admin_label=&#8221;Quick Links&#8221; module_class=&#8221;quick-links&#8221; _builder_version=&#8221;4.27.0&#8243; _module_preset=&#8221;default&#8221; global_colors_info=&#8221;{}&#8221;][et_pb_row column_structure=&#8221;1_3,1_3,1_3&#8243; _builder_version=&#8221;4.27.0&#8243; _module_preset=&#8221;default&#8221; global_colors_info=&#8221;{}&#8221;][et_pb_column type=&#8221;1_3&#8243; _builder_version=&#8221;4.27.0&#8243; _module_preset=&#8221;default&#8221; global_colors_info=&#8221;{}&#8221;][et_pb_blurb title=&#8221;Noble MyChart &#8221; image=&#8221;https:\/\/nobleclinics.org\/wp-content\/uploads\/2024\/10\/MyChart-2.svg&#8221; admin_label=&#8221;MyChart &#8221; _builder_version=&#8221;4.27.4&#8243; _module_preset=&#8221;default&#8221; animation=&#8221;off&#8221; link_option_url=&#8221;https:\/\/mychart.ochin.org\/mychart\/Authentication\/Login?&#8221; global_colors_info=&#8221;{}&#8221;][\/et_pb_blurb][\/et_pb_column][et_pb_column type=&#8221;1_3&#8243; _builder_version=&#8221;4.27.0&#8243; _module_preset=&#8221;default&#8221; global_colors_info=&#8221;{}&#8221;][et_pb_blurb title=&#8221;Pide una cita  &#8221; image=&#8221;https:\/\/nobleclinics.org\/wp-content\/uploads\/2024\/10\/request-appointment-2.svg&#8221; admin_label=&#8221;Request An Appointment &#8221; _builder_version=&#8221;4.27.0&#8243; _module_preset=&#8221;default&#8221; animation=&#8221;off&#8221; link_option_url=&#8221;https:\/\/nobleclinics.org\/es-la\/hacer-una-cita\/&#8221; global_colors_info=&#8221;{}&#8221;][\/et_pb_blurb][\/et_pb_column][et_pb_column type=&#8221;1_3&#8243; _builder_version=&#8221;4.27.0&#8243; _module_preset=&#8221;default&#8221; global_colors_info=&#8221;{}&#8221;][et_pb_blurb title=&#8221;Buscar una ubicaci\u00f3n  &#8221; image=&#8221;https:\/\/nobleclinics.org\/wp-content\/uploads\/2024\/10\/find-location-2.svg&#8221; admin_label=&#8221;Find A Location  &#8221; _builder_version=&#8221;4.27.0&#8243; _module_preset=&#8221;default&#8221; animation=&#8221;off&#8221; link_option_url=&#8221;https:\/\/nobleclinics.org\/es-la\/localizaciones\/&#8221; global_colors_info=&#8221;{}&#8221;][\/et_pb_blurb][\/et_pb_column][\/et_pb_row][\/et_pb_section][et_pb_section fb_built=&#8221;1&#8243; admin_label=&#8221;Content Toggle&#8221; module_class=&#8221;content-toggle&#8221; _builder_version=&#8221;4.27.0&#8243; _module_preset=&#8221;default&#8221; locked=&#8221;off&#8221; global_colors_info=&#8221;{}&#8221;][et_pb_row _builder_version=&#8221;4.27.0&#8243; _module_preset=&#8221;default&#8221; custom_padding=&#8221;|0px||0px||&#8221; global_colors_info=&#8221;{}&#8221;][et_pb_column type=&#8221;4_4&#8243; _builder_version=&#8221;4.27.0&#8243; _module_preset=&#8221;default&#8221; global_colors_info=&#8221;{}&#8221;][et_pb_text admin_label=&#8221;Title&#8221; module_class=&#8221;title&#8221; _builder_version=&#8221;4.27.4&#8243; _module_preset=&#8221;default&#8221; custom_margin=&#8221;||16px|||&#8221; global_colors_info=&#8221;{}&#8221;]<\/p>\n<h2>Informaci\u00f3n importante para los pacientes de Lakeshore<\/h2>\n<p>[\/et_pb_text][et_pb_text admin_label=&#8221;Title&#8221; module_class=&#8221;text&#8221; _builder_version=&#8221;4.27.4&#8243; _module_preset=&#8221;default&#8221; global_colors_info=&#8221;{}&#8221;]<\/p>\n<p><span data-teams=\"true\">Las cl\u00ednicas de Manitowoc, Sheboygan y West Bend funcionan ahora como Noble Community Clinics. Esta p\u00e1gina te ayudar\u00e1 a encontrar informaci\u00f3n importante relacionada con tu anterior atenci\u00f3n en Lakeshore. A continuaci\u00f3n encontrar\u00e1s informaci\u00f3n sobre facturaci\u00f3n, acceso a MyChart, detalles actualizados de la escala de tarifas y mucho m\u00e1s.  <\/span><\/p>\n<p>[\/et_pb_text][\/et_pb_column][\/et_pb_row][et_pb_row _builder_version=&#8221;4.27.0&#8243; _module_preset=&#8221;default&#8221; global_colors_info=&#8221;{}&#8221;][et_pb_column type=&#8221;4_4&#8243; _builder_version=&#8221;4.27.0&#8243; _module_preset=&#8221;default&#8221; global_colors_info=&#8221;{}&#8221;][et_pb_toggle title=&#8221;Proveedores de la red de tu seguro&#8221; admin_label=&#8221;Pediatric Care &#8221; _builder_version=&#8221;4.27.4&#8243; _module_preset=&#8221;default&#8221; locked=&#8221;off&#8221; global_colors_info=&#8221;{}&#8221;]<\/p>\n<p>Es posible que recibas una carta indicando que tu proveedor est\u00e1 fuera de la red debido a la transici\u00f3n de Lakeshore a Noble Community Clinics. No te preocupes: con Noble, tu proveedor deber\u00eda seguir perteneciendo a la red de tu seguro. <\/p>\n<p>Seguiremos atendiendo a todos los pacientes, incluidos los que tienen Medicaid, seguro privado y los que no tienen seguro. Si tienes preguntas, no dudes en ponerte en contacto con nuestra consulta. <\/p>\n<p>[\/et_pb_toggle][et_pb_toggle title=&#8221;\u00bfTienes que pagar los servicios que recibiste antes del 1 de abril?&#8221; admin_label=&#8221;Primary Care &#8221; _builder_version=&#8221;4.27.4&#8243; _module_preset=&#8221;default&#8221; global_colors_info=&#8221;{}&#8221;]<\/p>\n<p>Si recibiste servicios en Lakeshore Community Health Care antes del 1 de abril, es posible que a\u00fan tengas un saldo pendiente asociado a esa atenci\u00f3n. <a href=\"https:\/\/mychart.ochin.org\/MyChart\/Billing\/Guestpay\" target=\"_blank\" rel=\"noopener\">Haz clic aqu\u00ed<\/a> para efectuar un pago y\/o informarte sobre los servicios prestados antes de la integraci\u00f3n.<\/p>\n<p>[\/et_pb_toggle][et_pb_toggle title=&#8221;\u00bfNecesitas acceder a Lakeshore MyChart?&#8221; admin_label=&#8221;Chronic Disease Management &#8221; _builder_version=&#8221;4.27.4&#8243; _module_preset=&#8221;default&#8221; global_colors_info=&#8221;{}&#8221;]<\/p>\n<p>Si antes utilizabas MyChart de Lakeshore, <a href=\"https:\/\/mychart.ochin.org\/mychartlchc\/Authentication\/Login\" target=\"_blank\" rel=\"noopener\">haz clic aqu\u00ed<\/a>.<\/p>\n<p>[\/et_pb_toggle][et_pb_toggle title=&#8221;Informaci\u00f3n actualizada sobre la escala m\u00f3vil de tarifas&#8221; admin_label=&#8221;Pediatric Care &#8221; _builder_version=&#8221;4.27.4&#8243; _module_preset=&#8221;default&#8221; global_colors_info=&#8221;{}&#8221;]<\/p>\n<p>Como Centro de Salud Federalmente Cualificado, Noble Community Clinics sigue ofreciendo atenci\u00f3n independientemente de tu capacidad de pago. <a href=\"https:\/\/nobleclinics.org\/es-la\/servicios\/facturacion-de-seguros\/\">Haz clic aqu\u00ed<\/a> para ver la informaci\u00f3n m\u00e1s actualizada sobre la escala m\u00f3vil de tarifas, los detalles de elegibilidad y c\u00f3mo solicitarla.<\/p>\n<p>[\/et_pb_toggle][\/et_pb_column][\/et_pb_row][\/et_pb_section][et_pb_section fb_built=&#8221;1&#8243; admin_label=&#8221;Image Links&#8221; module_class=&#8221;image-links&#8221; _builder_version=&#8221;4.27.0&#8243; _module_preset=&#8221;default&#8221; global_colors_info=&#8221;{}&#8221;][et_pb_row column_structure=&#8221;1_3,1_3,1_3&#8243; _builder_version=&#8221;4.27.0&#8243; _module_preset=&#8221;default&#8221; global_colors_info=&#8221;{}&#8221;][et_pb_column type=&#8221;1_3&#8243; _builder_version=&#8221;4.27.0&#8243; _module_preset=&#8221;default&#8221; global_colors_info=&#8221;{}&#8221;][et_pb_blurb title=&#8221;Beaver Dam&#8221; admin_label=&#8221;Beaver Dam&#8221; _builder_version=&#8221;4.27.0&#8243; _module_preset=&#8221;default&#8221; background_image=&#8221;https:\/\/nobleclinics.org\/wp-content\/uploads\/2024\/11\/BeaverDam-medical_clinic-thumbnail.jpg&#8221; link_option_url=&#8221;https:\/\/nobleclinics.org\/es-la\/localizaciones\/beaver-dam\/&#8221; global_colors_info=&#8221;{}&#8221;][\/et_pb_blurb][\/et_pb_column][et_pb_column type=&#8221;1_3&#8243; _builder_version=&#8221;4.27.0&#8243; _module_preset=&#8221;default&#8221; global_colors_info=&#8221;{}&#8221;][et_pb_blurb title=&#8221;Friendship&#8221; admin_label=&#8221;Friendship&#8221; _builder_version=&#8221;4.27.0&#8243; _module_preset=&#8221;default&#8221; background_image=&#8221;https:\/\/nobleclinics.org\/wp-content\/uploads\/2024\/11\/Friendship-clinic-thumbnail.jpg&#8221; link_option_url=&#8221;https:\/\/nobleclinics.org\/es-la\/localizaciones\/friendship\/&#8221; global_colors_info=&#8221;{}&#8221;][\/et_pb_blurb][\/et_pb_column][et_pb_column type=&#8221;1_3&#8243; _builder_version=&#8221;4.27.0&#8243; _module_preset=&#8221;default&#8221; global_colors_info=&#8221;{}&#8221;][et_pb_blurb title=&#8221;Manitowoc&#8221; admin_label=&#8221;Wautoma&#8221; _builder_version=&#8221;4.27.4&#8243; _module_preset=&#8221;default&#8221; background_image=&#8221;https:\/\/nobleclinics.org\/wp-content\/uploads\/2026\/03\/Noble-Two-Line-Logo-Sign-Manitowoc-2.jpg&#8221; link_option_url=&#8221;https:\/\/nobleclinics.org\/es-la\/localizaciones\/manitowoc\/&#8221; locked=&#8221;off&#8221; global_colors_info=&#8221;{}&#8221;][\/et_pb_blurb][\/et_pb_column][\/et_pb_row][et_pb_row column_structure=&#8221;1_3,1_3,1_3&#8243; _builder_version=&#8221;4.27.0&#8243; _module_preset=&#8221;default&#8221; global_colors_info=&#8221;{}&#8221;][et_pb_column type=&#8221;1_3&#8243; _builder_version=&#8221;4.27.0&#8243; _module_preset=&#8221;default&#8221; global_colors_info=&#8221;{}&#8221;][et_pb_blurb title=&#8221;Mauston&#8221; admin_label=&#8221;Mauston&#8221; _builder_version=&#8221;4.27.0&#8243; _module_preset=&#8221;default&#8221; background_image=&#8221;https:\/\/nobleclinics.org\/wp-content\/uploads\/2024\/11\/Mauston-dental_clinic-thumbnail.jpg&#8221; link_option_url=&#8221;https:\/\/nobleclinics.org\/es-la\/localizaciones\/mauston\/&#8221; global_colors_info=&#8221;{}&#8221;][\/et_pb_blurb][\/et_pb_column][et_pb_column type=&#8221;1_3&#8243; _builder_version=&#8221;4.27.0&#8243; _module_preset=&#8221;default&#8221; global_colors_info=&#8221;{}&#8221;][et_pb_blurb title=&#8221;Sheboygan&#8221; admin_label=&#8221;Wautoma&#8221; _builder_version=&#8221;4.27.4&#8243; _module_preset=&#8221;default&#8221; background_image=&#8221;https:\/\/nobleclinics.org\/wp-content\/uploads\/2026\/03\/Noble-Two-Line-Logo-Sign-Sheboygan-1.jpg&#8221; link_option_url=&#8221;https:\/\/nobleclinics.org\/es-la\/sheboygan\/&#8221; locked=&#8221;off&#8221; global_colors_info=&#8221;{}&#8221;][\/et_pb_blurb][\/et_pb_column][et_pb_column type=&#8221;1_3&#8243; _builder_version=&#8221;4.27.0&#8243; _module_preset=&#8221;default&#8221; global_colors_info=&#8221;{}&#8221;][et_pb_blurb title=&#8221;Stevens Point&#8221; alt=&#8221;Stevens Point&#8221; admin_label=&#8221;Stevens Point&#8221; _builder_version=&#8221;4.27.4&#8243; _module_preset=&#8221;default&#8221; background_image=&#8221;https:\/\/nobleclinics.org\/wp-content\/uploads\/2025\/07\/noble_clinics_stevens_point.webp&#8221; link_option_url=&#8221;https:\/\/nobleclinics.org\/es-la\/localizaciones\/stevens-point\/&#8221; global_colors_info=&#8221;{}&#8221;][\/et_pb_blurb][\/et_pb_column][\/et_pb_row][et_pb_row column_structure=&#8221;1_2,1_2&#8243; _builder_version=&#8221;4.27.4&#8243; _module_preset=&#8221;default&#8221; global_colors_info=&#8221;{}&#8221;][et_pb_column type=&#8221;1_2&#8243; _builder_version=&#8221;4.27.4&#8243; _module_preset=&#8221;default&#8221; global_colors_info=&#8221;{}&#8221;][et_pb_blurb title=&#8221;Wautoma&#8221; admin_label=&#8221;Wautoma&#8221; _builder_version=&#8221;4.27.0&#8243; _module_preset=&#8221;default&#8221; background_image=&#8221;https:\/\/nobleclinics.org\/wp-content\/uploads\/2024\/11\/Wautoma-clinic-thumbnail.jpg&#8221; link_option_url=&#8221;https:\/\/nobleclinics.org\/es-la\/localizaciones\/wautoma\/&#8221; global_colors_info=&#8221;{}&#8221;][\/et_pb_blurb][\/et_pb_column][et_pb_column type=&#8221;1_2&#8243; _builder_version=&#8221;4.27.4&#8243; _module_preset=&#8221;default&#8221; global_colors_info=&#8221;{}&#8221;][et_pb_blurb title=&#8221;West Bend&#8221; admin_label=&#8221;Wautoma&#8221; _builder_version=&#8221;4.27.4&#8243; _module_preset=&#8221;default&#8221; background_image=&#8221;https:\/\/nobleclinics.org\/wp-content\/uploads\/2026\/03\/Noble-West-Bend.jpg&#8221; link_option_url=&#8221;https:\/\/nobleclinics.org\/es-la\/localizaciones\/west-bend\/&#8221; locked=&#8221;off&#8221; global_colors_info=&#8221;{}&#8221;][\/et_pb_blurb][\/et_pb_column][\/et_pb_row][\/et_pb_section][et_pb_section fb_built=&#8221;1&#8243; custom_padding_last_edited=&#8221;on|phone&#8221; admin_label=&#8221;Simple Content &#8211; No Image&#8221; module_class=&#8221;no-image&#8221; _builder_version=&#8221;4.27.4&#8243; _module_preset=&#8221;default&#8221; custom_padding_tablet=&#8221;&#8221; custom_padding_phone=&#8221;||0px||false|false&#8221; global_colors_info=&#8221;{}&#8221;][et_pb_row _builder_version=&#8221;4.27.0&#8243; _module_preset=&#8221;default&#8221; locked=&#8221;off&#8221; global_colors_info=&#8221;{}&#8221;][et_pb_column type=&#8221;4_4&#8243; _builder_version=&#8221;4.27.0&#8243; _module_preset=&#8221;default&#8221; global_colors_info=&#8221;{}&#8221;][et_pb_text admin_label=&#8221;Title&#8221; module_class=&#8221;title&#8221; _builder_version=&#8221;4.27.4&#8243; _module_preset=&#8221;default&#8221; custom_margin=&#8221;21px|||||&#8221; custom_padding=&#8221;|94px||76px||&#8221; locked=&#8221;off&#8221; global_colors_info=&#8221;{}&#8221;]<\/p>\n<p style=\"text-align: center;\">Por la presente se notifica, de conformidad con el art\u00edculo 146.819 de la Ley de Wisconsin, que a partir del 31 de marzo de 2025 todos los historiales m\u00e9dicos y dentales de los pacientes de Lakeshore Community Health Care, Inc. ser\u00e1n conservados por La Cl\u00ednica de los Campesinos, Inc, haciendo negocios como Noble Community Clinics, <span data-teams=\"true\">una corporaci\u00f3n sin \u00e1nimo de lucro de Wisconsin, en 400 S Townline Road, P.O. Box 1440, Wautoma, WI 54982, Attn: HIPAA Compliance Officer, 920-787-9461<\/span><a href=\"mailto:him@lakeshorechc.org\"><\/a>, nobleclinics.org, durante al menos el periodo de tiempo exigido por la legislaci\u00f3n aplicable.<\/p>\n<p>[\/et_pb_text][\/et_pb_column][\/et_pb_row][\/et_pb_section][et_pb_section fb_built=&#8221;1&#8243; disabled_on=&#8221;on|on|on&#8221; _builder_version=&#8221;4.27.4&#8243; _module_preset=&#8221;default&#8221; custom_margin=&#8221;0px||0px||false|false&#8221; disabled=&#8221;on&#8221; global_colors_info=&#8221;{}&#8221;][et_pb_row column_structure=&#8221;2_5,3_5&#8243; _builder_version=&#8221;4.27.4&#8243; _module_preset=&#8221;default&#8221; custom_margin=&#8221;5px||5px||false|false&#8221; locked=&#8221;off&#8221; global_colors_info=&#8221;{}&#8221;][et_pb_column type=&#8221;2_5&#8243; _builder_version=&#8221;4.27.0&#8243; _module_preset=&#8221;default&#8221; global_colors_info=&#8221;{}&#8221;][et_pb_image src=&#8221;https:\/\/nobleclinics.org\/wp-content\/uploads\/2024\/12\/FTCA.webp&#8221; title_text=&#8221;FTCA&#8221; url=&#8221;https:\/\/bphc.hrsa.gov\/compliance\/ftca&#8221; url_new_window=&#8221;on&#8221; align=&#8221;center&#8221; _builder_version=&#8221;4.27.4&#8243; _module_preset=&#8221;default&#8221; global_colors_info=&#8221;{}&#8221;][\/et_pb_image][\/et_pb_column][et_pb_column type=&#8221;3_5&#8243; _builder_version=&#8221;4.27.0&#8243; _module_preset=&#8221;default&#8221; global_colors_info=&#8221;{}&#8221;][et_pb_text admin_label=&#8221;Title&#8221; module_class=&#8221;title&#8221; _builder_version=&#8221;4.27.4&#8243; _module_preset=&#8221;default&#8221; custom_margin=&#8221;57px|||||&#8221; global_colors_info=&#8221;{}&#8221;]<\/p>\n<p>Este centro de salud recibe financiaci\u00f3n del HHS y tiene la consideraci\u00f3n de Servicio P\u00fablico Federal (PHS) con respecto a determinadas reclamaciones sanitarias o relacionadas con la salud, incluidas las reclamaciones por negligencia m\u00e9dica, para s\u00ed mismo y para las personas cubiertas. Los servicios se ofrecen seg\u00fan una escala m\u00f3vil de tarifas para los pacientes que cumplan los requisitos. <\/p>\n<p>[\/et_pb_text][\/et_pb_column][\/et_pb_row][\/et_pb_section]<\/p>\n","protected":false},"excerpt":{"rendered":"<p>Si estabas buscando el sitio web de Lakeshore Community Health Care, est\u00e1s en el lugar adecuado. Lakeshore Community Health Care y Noble Community Clinics se han integrado y ahora operan juntas bajo el nombre de Noble Community Clinics. Informaci\u00f3n importante para los pacientes de LakeshoreLas cl\u00ednicas de Manitowoc, Sheboygan y West Bend funcionan ahora como Noble Community Clinics. Esta p\u00e1gina te ayudar\u00e1 a encontrar informaci\u00f3n importante relacionada con tu anterior atenci\u00f3n en Lakeshore. A continuaci\u00f3n encontrar\u00e1s informaci\u00f3n sobre facturaci\u00f3n, acceso a MyChart, detalles actualizados de la escala de tarifas y mucho m\u00e1s. Es posible que recibas una carta indicando que tu proveedor est\u00e1 fuera de la red debido a la transici\u00f3n de Lakeshore a Noble Community Clinics. No te preocupes: con Noble, tu proveedor deber\u00eda seguir perteneciendo a la red de tu seguro. Seguiremos atendiendo a todos los pacientes, incluidos los que tienen Medicaid, seguro privado y los que no tienen seguro. Si tienes preguntas, no dudes en ponerte en contacto con nuestra consulta. Si recibiste servicios en Lakeshore Community Health Care antes del 1 de abril, es posible que a\u00fan tengas un saldo pendiente asociado a esa atenci\u00f3n. Haz clic aqu\u00ed para efectuar un pago y\/o informarte sobre los [&hellip;]<\/p>\n","protected":false},"author":24,"featured_media":0,"parent":0,"menu_order":0,"comment_status":"closed","ping_status":"closed","template":"","meta":{"_et_pb_use_builder":"on","_et_pb_old_content":"","_et_gb_content_width":"","inline_featured_image":false,"footnotes":""},"class_list":["post-16166","page","type-page","status-publish","hentry"],"yoast_head":"<!-- This site is optimized with the Yoast SEO plugin v24.5 - https:\/\/yoast.com\/wordpress\/plugins\/seo\/ -->\n<title>Noble Community Clinics | Conect\u00e1ndote con una asistencia sanitaria de calidad<\/title>\n<meta name=\"description\" content=\"Orgullosamente Sirviendo a Wisconsin Central. Elige Noble Community Clinics para ti y tu familia\" \/>\n<meta name=\"robots\" content=\"index, follow, max-snippet:-1, max-image-preview:large, max-video-preview:-1\" \/>\n<link rel=\"canonical\" href=\"https:\/\/nobleclinics.org\/es-la\/pagina-de-inicio-de-lakeshore\/\" \/>\n<meta property=\"og:locale\" content=\"es_ES\" \/>\n<meta property=\"og:type\" content=\"article\" \/>\n<meta property=\"og:title\" content=\"Noble Community Clinics | Conect\u00e1ndote con una asistencia sanitaria de calidad\" \/>\n<meta property=\"og:description\" content=\"Orgullosamente Sirviendo a Wisconsin Central. Elige Noble Community Clinics para ti y tu familia\" \/>\n<meta property=\"og:url\" content=\"https:\/\/nobleclinics.org\/es-la\/pagina-de-inicio-de-lakeshore\/\" \/>\n<meta property=\"og:site_name\" content=\"Noble Community Clinics | Dental, Medical &amp; Behavioral Health\" \/>\n<meta property=\"article:modified_time\" content=\"2026-04-15T16:08:44+00:00\" \/>\n<meta name=\"twitter:card\" content=\"summary_large_image\" \/>\n<meta name=\"twitter:label1\" content=\"Est. reading time\" \/>\n\t<meta name=\"twitter:data1\" content=\"9 minutes\" \/>\n<script type=\"application\/ld+json\" class=\"yoast-schema-graph\">{\"@context\":\"https:\/\/schema.org\",\"@graph\":[{\"@type\":\"WebPage\",\"@id\":\"https:\/\/nobleclinics.org\/es-la\/pagina-de-inicio-de-lakeshore\/\",\"url\":\"https:\/\/nobleclinics.org\/es-la\/pagina-de-inicio-de-lakeshore\/\",\"name\":\"Noble Community Clinics | Conect\u00e1ndote con una asistencia sanitaria de calidad\",\"isPartOf\":{\"@id\":\"https:\/\/nobleclinics.org\/#website\"},\"datePublished\":\"2026-03-27T13:51:11+00:00\",\"dateModified\":\"2026-04-15T16:08:44+00:00\",\"description\":\"Orgullosamente Sirviendo a Wisconsin Central. Elige Noble Community Clinics para ti y tu familia\",\"breadcrumb\":{\"@id\":\"https:\/\/nobleclinics.org\/es-la\/pagina-de-inicio-de-lakeshore\/#breadcrumb\"},\"inLanguage\":\"es-419\",\"potentialAction\":[{\"@type\":\"ReadAction\",\"target\":[\"https:\/\/nobleclinics.org\/es-la\/pagina-de-inicio-de-lakeshore\/\"]}]},{\"@type\":\"BreadcrumbList\",\"@id\":\"https:\/\/nobleclinics.org\/es-la\/pagina-de-inicio-de-lakeshore\/#breadcrumb\",\"itemListElement\":[{\"@type\":\"ListItem\",\"position\":1,\"name\":\"Home\",\"item\":\"https:\/\/nobleclinics.org\/es-la\/pagina-de-inicio\/\"},{\"@type\":\"ListItem\",\"position\":2,\"name\":\"P\u00e1gina de inicio de Lakeshore\"}]},{\"@type\":\"WebSite\",\"@id\":\"https:\/\/nobleclinics.org\/#website\",\"url\":\"https:\/\/nobleclinics.org\/\",\"name\":\"Noble Community Clinics | Dental, Medical &amp; Behavioral Health\",\"description\":\"\",\"potentialAction\":[{\"@type\":\"SearchAction\",\"target\":{\"@type\":\"EntryPoint\",\"urlTemplate\":\"https:\/\/nobleclinics.org\/?s={search_term_string}\"},\"query-input\":{\"@type\":\"PropertyValueSpecification\",\"valueRequired\":true,\"valueName\":\"search_term_string\"}}],\"inLanguage\":\"es-419\"}]}<\/script>\n<!-- \/ Yoast SEO plugin. -->","yoast_head_json":{"title":"Noble Community Clinics | Conect\u00e1ndote con una asistencia sanitaria de calidad","description":"Orgullosamente Sirviendo a Wisconsin Central. Elige Noble Community Clinics para ti y tu familia","robots":{"index":"index","follow":"follow","max-snippet":"max-snippet:-1","max-image-preview":"max-image-preview:large","max-video-preview":"max-video-preview:-1"},"canonical":"https:\/\/nobleclinics.org\/es-la\/pagina-de-inicio-de-lakeshore\/","og_locale":"es_ES","og_type":"article","og_title":"Noble Community Clinics | Conect\u00e1ndote con una asistencia sanitaria de calidad","og_description":"Orgullosamente Sirviendo a Wisconsin Central. Elige Noble Community Clinics para ti y tu familia","og_url":"https:\/\/nobleclinics.org\/es-la\/pagina-de-inicio-de-lakeshore\/","og_site_name":"Noble Community Clinics | Dental, Medical &amp; Behavioral Health","article_modified_time":"2026-04-15T16:08:44+00:00","twitter_card":"summary_large_image","twitter_misc":{"Est. reading time":"9 minutes"},"schema":{"@context":"https:\/\/schema.org","@graph":[{"@type":"WebPage","@id":"https:\/\/nobleclinics.org\/es-la\/pagina-de-inicio-de-lakeshore\/","url":"https:\/\/nobleclinics.org\/es-la\/pagina-de-inicio-de-lakeshore\/","name":"Noble Community Clinics | Conect\u00e1ndote con una asistencia sanitaria de calidad","isPartOf":{"@id":"https:\/\/nobleclinics.org\/#website"},"datePublished":"2026-03-27T13:51:11+00:00","dateModified":"2026-04-15T16:08:44+00:00","description":"Orgullosamente Sirviendo a Wisconsin Central. Elige Noble Community Clinics para ti y tu familia","breadcrumb":{"@id":"https:\/\/nobleclinics.org\/es-la\/pagina-de-inicio-de-lakeshore\/#breadcrumb"},"inLanguage":"es-419","potentialAction":[{"@type":"ReadAction","target":["https:\/\/nobleclinics.org\/es-la\/pagina-de-inicio-de-lakeshore\/"]}]},{"@type":"BreadcrumbList","@id":"https:\/\/nobleclinics.org\/es-la\/pagina-de-inicio-de-lakeshore\/#breadcrumb","itemListElement":[{"@type":"ListItem","position":1,"name":"Home","item":"https:\/\/nobleclinics.org\/es-la\/pagina-de-inicio\/"},{"@type":"ListItem","position":2,"name":"P\u00e1gina de inicio de Lakeshore"}]},{"@type":"WebSite","@id":"https:\/\/nobleclinics.org\/#website","url":"https:\/\/nobleclinics.org\/","name":"Noble Community Clinics | Dental, Medical &amp; Behavioral Health","description":"","potentialAction":[{"@type":"SearchAction","target":{"@type":"EntryPoint","urlTemplate":"https:\/\/nobleclinics.org\/?s={search_term_string}"},"query-input":{"@type":"PropertyValueSpecification","valueRequired":true,"valueName":"search_term_string"}}],"inLanguage":"es-419"}]}},"_links":{"self":[{"href":"https:\/\/nobleclinics.org\/es-la\/wp-json\/wp\/v2\/pages\/16166","targetHints":{"allow":["GET"]}}],"collection":[{"href":"https:\/\/nobleclinics.org\/es-la\/wp-json\/wp\/v2\/pages"}],"about":[{"href":"https:\/\/nobleclinics.org\/es-la\/wp-json\/wp\/v2\/types\/page"}],"author":[{"embeddable":true,"href":"https:\/\/nobleclinics.org\/es-la\/wp-json\/wp\/v2\/users\/24"}],"replies":[{"embeddable":true,"href":"https:\/\/nobleclinics.org\/es-la\/wp-json\/wp\/v2\/comments?post=16166"}],"version-history":[{"count":0,"href":"https:\/\/nobleclinics.org\/es-la\/wp-json\/wp\/v2\/pages\/16166\/revisions"}],"wp:attachment":[{"href":"https:\/\/nobleclinics.org\/es-la\/wp-json\/wp\/v2\/media?parent=16166"}],"curies":[{"name":"wp","href":"https:\/\/api.w.org\/{rel}","templated":true}]}}