{"id":16228,"date":"2026-03-09T15:50:26","date_gmt":"2026-03-09T15:50:26","guid":{"rendered":"https:\/\/nobleclinics.org\/?page_id=16228"},"modified":"2026-03-13T14:30:48","modified_gmt":"2026-03-13T14:30:48","slug":"trabajadores-sanitarios-comunitarios","status":"publish","type":"page","link":"https:\/\/nobleclinics.org\/es-la\/servicios\/trabajadores-sanitarios-comunitarios\/","title":{"rendered":"Trabajadores sanitarios comunitarios"},"content":{"rendered":"<p>[et_pb_section fb_built=&#8221;1&#8243; admin_label=&#8221;Secondary Page Hero&#8221; module_class=&#8221;hero-secondary&#8221; _builder_version=&#8221;4.27.4&#8243; _module_preset=&#8221;default&#8221; background_image=&#8221;https:\/\/nobleclinics.org\/wp-content\/uploads\/2026\/02\/pexels-shvets-production-7176134-scaled.jpg&#8221; global_colors_info=&#8221;{}&#8221; custom_css_main_element_last_edited=&#8221;on|phone&#8221; custom_css_main_element_phone=&#8221;background-position-x: -33em;&#8221;][et_pb_row _builder_version=&#8221;4.27.0&#8243; _module_preset=&#8221;default&#8221; global_colors_info=&#8221;{}&#8221;][et_pb_column type=&#8221;4_4&#8243; _builder_version=&#8221;4.27.0&#8243; _module_preset=&#8221;default&#8221; global_colors_info=&#8221;{}&#8221;][et_pb_text _builder_version=&#8221;4.27.0&#8243; _module_preset=&#8221;default&#8221; global_colors_info=&#8221;{}&#8221;]<\/p>\n<h1>Trabajadores sanitarios comunitarios<\/h1>\n<p>[\/et_pb_text][et_pb_text _builder_version=&#8221;4.27.4&#8243; _module_preset=&#8221;default&#8221; global_colors_info=&#8221;{}&#8221;]Los Trabajadores Sanitarios Comunitarios de Noble Community Clinics ponen en contacto a los pacientes con los recursos necesarios para contribuir a su salud y bienestar general. Esto podr\u00eda incluir recursos internos, as\u00ed como programas locales, del condado, estatales y federales.<br \/>\n[\/et_pb_text][\/et_pb_column][\/et_pb_row][\/et_pb_section][et_pb_section fb_built=&#8221;1&#8243; admin_label=&#8221;Content Toggle&#8221; module_class=&#8221;content-toggle&#8221; _builder_version=&#8221;4.27.0&#8243; _module_preset=&#8221;default&#8221; global_colors_info=&#8221;{}&#8221;][et_pb_row _builder_version=&#8221;4.27.0&#8243; _module_preset=&#8221;default&#8221; custom_padding=&#8221;||33px|||&#8221; global_colors_info=&#8221;{}&#8221;][et_pb_column type=&#8221;4_4&#8243; _builder_version=&#8221;4.27.0&#8243; _module_preset=&#8221;default&#8221; global_colors_info=&#8221;{}&#8221;][et_pb_text admin_label=&#8221;Title&#8221; module_class=&#8221;title&#8221; _builder_version=&#8221;4.27.4&#8243; _module_preset=&#8221;default&#8221; global_colors_info=&#8221;{}&#8221;]<\/p>\n<h2>Conexiones con los recursos necesarios<\/h2>\n<p>[\/et_pb_text][et_pb_text admin_label=&#8221;Title&#8221; module_class=&#8221;text&#8221; _builder_version=&#8221;4.27.4&#8243; _module_preset=&#8221;default&#8221; custom_margin=&#8221;-6px|||||&#8221; global_colors_info=&#8221;{}&#8221;]Nuestros Trabajadores Sanitarios Comunitarios pueden encontrarte los recursos que t\u00fa y tu familia necesit\u00e1is, de forma GRATUITA, para apoyar tu salud y bienestar generales.<br \/>\n[\/et_pb_text][\/et_pb_column][\/et_pb_row][et_pb_row _builder_version=&#8221;4.27.0&#8243; _module_preset=&#8221;default&#8221; global_colors_info=&#8221;{}&#8221;][et_pb_column type=&#8221;4_4&#8243; _builder_version=&#8221;4.27.0&#8243; _module_preset=&#8221;default&#8221; global_colors_info=&#8221;{}&#8221;][et_pb_toggle title=&#8221;\u00bfQu\u00e9 es un trabajador sanitario comunitario?&#8221; admin_label=&#8221;What is a CHW&#8221; _builder_version=&#8221;4.27.4&#8243; _module_preset=&#8221;default&#8221; global_colors_info=&#8221;{}&#8221;]El papel de nuestro Trabajador Sanitario Comunitario aqu\u00ed en Noble es poner en contacto a los pacientes con los recursos necesarios para ayudarles a mantener su salud y bienestar generales.<br \/>\n[\/et_pb_toggle][et_pb_toggle title=&#8221;Tipos de recursos&#8221; admin_label=&#8221;Types of Resources&#8221; _builder_version=&#8221;4.27.4&#8243; _module_preset=&#8221;default&#8221; global_colors_info=&#8221;{}&#8221;]Los Trabajadores Sanitarios Comunitarios intentar\u00e1n poner en contacto a los pacientes con los recursos internos que ofrece Noble, as\u00ed como con los programas locales, del condado, estatales y federales. Esto puede estar relacionado con el transporte, los servicios p\u00fablicos, la asistencia alimentaria, el ahorro en el coste de las recetas y muchos otros recursos que pueden influir en la salud general del paciente.<br \/>\n[\/et_pb_toggle][et_pb_toggle title=&#8221;Qu\u00e9 esperar&#8221; admin_label=&#8221;What to Expect&#8221; _builder_version=&#8221;4.27.4&#8243; _module_preset=&#8221;default&#8221; global_colors_info=&#8221;{}&#8221;]<\/p>\n<ol>\n<li>El Trabajador Sanitario Comunitario (TSC) utilizar\u00e1 un Detector de Determinantes Sociales de la Salud. Esto ayudar\u00e1 a identificar con qu\u00e9 recursos ponerte en contacto. <\/li>\n<li>El CHW revisar\u00e1 los resultados del screener y discutir\u00e1 las opciones contigo en una reuni\u00f3n de 30 minutos.<br \/>Se puede programar una reuni\u00f3n de seguimiento si es necesario.<\/li>\n<li>El Trabajador Sanitario Comunitario se ofrecer\u00e1 a ponerte en contacto directamente con los recursos identificados. Si quieres hacer t\u00fa misma el seguimiento, el TSC puede enviarte la informaci\u00f3n con el recurso y explicarte los detalles sobre lo que debes preparar para el seguimiento. <\/li>\n<li>Toda la informaci\u00f3n recibida ser\u00e1 confidencial.<\/li>\n<\/ol>\n<p>[\/et_pb_toggle][et_pb_toggle title=&#8221;Documentos de selecci\u00f3n&#8221; admin_label=&#8221;Screening Documents&#8221; _builder_version=&#8221;4.27.4&#8243; _module_preset=&#8221;default&#8221; locked=&#8221;off&#8221; global_colors_info=&#8221;{}&#8221;]<\/p>\n<p>Te invitamos a que imprimas cualquiera de los siguientes documentos de evaluaci\u00f3n, los rellenes y los traigas a tu cita. Si lo necesitas traducido a otro idioma, o si tienes alguna pregunta, env\u00edanos un correo electr\u00f3nico a <a href=\"mailto:CHW@nobleclinics.org\">CHW@nobleclinics.org.<\/a> <\/p>\n<p><a href=\"https:\/\/nobleclinics.org\/wp-content\/uploads\/2026\/03\/Screening-Document-English.pdf\" target=\"_blank\" rel=\"attachment noopener wp-att-16280\">Documento de cribado &#8211; Ingl\u00e9s<\/a><br \/><a href=\"https:\/\/nobleclinics.org\/wp-content\/uploads\/2026\/03\/Screening-Document-Spanish.pdf\" target=\"_blank\" rel=\"attachment noopener wp-att-16284\">Documento de examen &#8211; Espa\u00f1ol<\/a><br \/><a href=\"https:\/\/nobleclinics.org\/wp-content\/uploads\/2026\/03\/Screening-Document-Hmong.pdf\" target=\"_blank\" rel=\"attachment noopener wp-att-16287\">Documento de examen &#8211; Hmong<\/a><\/p>\n<p>[\/et_pb_toggle][et_pb_text admin_label=&#8221;?s&#8221; module_class=&#8221;text&#8221; _builder_version=&#8221;4.27.4&#8243; _module_preset=&#8221;default&#8221; custom_margin=&#8221;-6px|||||&#8221; custom_padding=&#8221;31px||4px|||&#8221; locked=&#8221;off&#8221; global_colors_info=&#8221;{}&#8221;]<\/p>\n<p>Si tienes alguna pregunta, env\u00eda un correo electr\u00f3nico a <a title=\"mailto:CHW@nobleclinics.org\" href=\"mailto:CHW@nobleclinics.org\" data-linkindex=\"0\" data-ogsc=\"\">CHW@nobleclinics.org.<\/a><\/p>\n<p>[\/et_pb_text][\/et_pb_column][\/et_pb_row][\/et_pb_section][et_pb_section fb_built=&#8221;1&#8243; admin_label=&#8221;Team Member Grid&#8221; module_class=&#8221;profile-grid&#8221; _builder_version=&#8221;4.27.0&#8243; _module_preset=&#8221;default&#8221; global_colors_info=&#8221;{}&#8221;][et_pb_row _builder_version=&#8221;4.27.0&#8243; _module_preset=&#8221;default&#8221; global_colors_info=&#8221;{}&#8221;][et_pb_column type=&#8221;4_4&#8243; _builder_version=&#8221;4.27.0&#8243; _module_preset=&#8221;default&#8221; global_colors_info=&#8221;{}&#8221;][et_pb_text admin_label=&#8221;CHWs&#8221; _builder_version=&#8221;4.27.0&#8243; _module_preset=&#8221;default&#8221; global_colors_info=&#8221;{}&#8221;]<\/p>\n<h2>Trabajadores sanitarios comunitarios<\/h2>\n<p>[\/et_pb_text][\/et_pb_column][\/et_pb_row][et_pb_row column_structure=&#8221;1_4,1_4,1_4,1_4&#8243; _builder_version=&#8221;4.27.0&#8243; _module_preset=&#8221;default&#8221; global_colors_info=&#8221;{}&#8221;][et_pb_column type=&#8221;1_4&#8243; _builder_version=&#8221;4.27.0&#8243; _module_preset=&#8221;default&#8221; global_colors_info=&#8221;{}&#8221;][et_pb_blurb title=&#8221;Madison Powell&#8221; image=&#8221;https:\/\/nobleclinics.org\/wp-content\/uploads\/2026\/02\/Madison-Powell-scaled-e1772140907575.jpg&#8221; alt=&#8221;Logotipo noble&#8221; admin_label=&#8221;Madison&#8221; _builder_version=&#8221;4.27.4&#8243; _module_preset=&#8221;default&#8221; custom_padding=&#8221;||0px|||&#8221; animation=&#8221;off&#8221; saved_tabs=&#8221;all&#8221; locked=&#8221;off&#8221; global_colors_info=&#8221;{}&#8221;]Stevens Point<br \/>\n[\/et_pb_blurb][\/et_pb_column][et_pb_column type=&#8221;1_4&#8243; _builder_version=&#8221;4.27.4&#8243; _module_preset=&#8221;default&#8221; global_colors_info=&#8221;{}&#8221;][et_pb_blurb title=&#8221;Bethany Hartman&#8221; image=&#8221;https:\/\/nobleclinics.org\/wp-content\/uploads\/2026\/02\/Bethany-Hartman-2-scaled.jpg&#8221; admin_label=&#8221;Bethany&#8221; _builder_version=&#8221;4.27.4&#8243; _module_preset=&#8221;default&#8221; custom_margin=&#8221;||43px|||&#8221; animation=&#8221;off&#8221; global_colors_info=&#8221;{}&#8221;]Friendship y Mauston<br \/>\n[\/et_pb_blurb][\/et_pb_column][et_pb_column type=&#8221;1_4&#8243; _builder_version=&#8221;4.27.0&#8243; _module_preset=&#8221;default&#8221; global_colors_info=&#8221;{}&#8221;][et_pb_blurb title=&#8221;Ashley Kluge&#8221; image=&#8221;https:\/\/nobleclinics.org\/wp-content\/uploads\/2026\/02\/Ashley-Kluge-e1772140964369.jpg&#8221; admin_label=&#8221;Bethany&#8221; _builder_version=&#8221;4.27.4&#8243; _module_preset=&#8221;default&#8221; animation=&#8221;off&#8221; global_colors_info=&#8221;{}&#8221;]<\/p>\n<p>Wautoma<\/p>\n<p>[\/et_pb_blurb][\/et_pb_column][et_pb_column type=&#8221;1_4&#8243; _builder_version=&#8221;4.27.4&#8243; _module_preset=&#8221;default&#8221; global_colors_info=&#8221;{}&#8221;][et_pb_blurb title=&#8221;Laura Goral&#8221; image=&#8221;https:\/\/nobleclinics.org\/wp-content\/uploads\/2026\/02\/Laura-Goral-Photo-e1772140847973.jpg&#8221; admin_label=&#8221;Laura&#8221; _builder_version=&#8221;4.27.4&#8243; _module_preset=&#8221;default&#8221; animation=&#8221;off&#8221; global_colors_info=&#8221;{}&#8221;]Beaver Dam<br \/>\n[\/et_pb_blurb][\/et_pb_column][\/et_pb_row][\/et_pb_section][et_pb_section fb_built=&#8221;1&#8243; admin_label=&#8221;Image Links&#8221; module_class=&#8221;image-links&#8221; _builder_version=&#8221;4.27.0&#8243; _module_preset=&#8221;default&#8221; global_colors_info=&#8221;{}&#8221;][et_pb_row _builder_version=&#8221;4.27.0&#8243; _module_preset=&#8221;default&#8221; global_colors_info=&#8221;{}&#8221;][et_pb_column type=&#8221;4_4&#8243; _builder_version=&#8221;4.27.0&#8243; _module_preset=&#8221;default&#8221; global_colors_info=&#8221;{}&#8221;][et_pb_text admin_label=&#8221;Find a Location&#8221; _builder_version=&#8221;4.27.4&#8243; _module_preset=&#8221;default&#8221; global_colors_info=&#8221;{}&#8221;]<\/p>\n<h2><strong><span class=\"TextRun SCXW224583983 BCX0\" lang=\"EN-US\" xml:lang=\"EN-US\" data-contrast=\"none\"><span class=\"NormalTextRun SCXW224583983 BCX0\">Buscar un lugar<\/span><\/span><span class=\"EOP SCXW224583983 BCX0\" data-ccp-props=\"{\"201341983\":0,\"335559740\":279}\"> <\/span><\/strong><\/h2>\n<p>[\/et_pb_text][\/et_pb_column][\/et_pb_row][et_pb_row column_structure=&#8221;1_3,1_3,1_3&#8243; _builder_version=&#8221;4.27.0&#8243; _module_preset=&#8221;default&#8221; global_colors_info=&#8221;{}&#8221;][et_pb_column type=&#8221;1_3&#8243; _builder_version=&#8221;4.27.0&#8243; _module_preset=&#8221;default&#8221; global_colors_info=&#8221;{}&#8221;][et_pb_blurb title=&#8221;Beaver Dam&#8221; admin_label=&#8221;Beaver Dam&#8221; _builder_version=&#8221;4.27.0&#8243; _module_preset=&#8221;default&#8221; background_image=&#8221;https:\/\/nobleclinics.org\/wp-content\/uploads\/2024\/11\/BeaverDam-medical_clinic-thumbnail.jpg&#8221; link_option_url=&#8221;https:\/\/nobleclinics.org\/es-la\/localizaciones\/beaver-dam\/&#8221; global_colors_info=&#8221;{}&#8221;][\/et_pb_blurb][\/et_pb_column][et_pb_column type=&#8221;1_3&#8243; _builder_version=&#8221;4.27.0&#8243; _module_preset=&#8221;default&#8221; global_colors_info=&#8221;{}&#8221;][et_pb_blurb title=&#8221;Friendship&#8221; admin_label=&#8221;Friendship&#8221; _builder_version=&#8221;4.27.0&#8243; _module_preset=&#8221;default&#8221; background_image=&#8221;https:\/\/nobleclinics.org\/wp-content\/uploads\/2024\/11\/Friendship-clinic-thumbnail.jpg&#8221; link_option_url=&#8221;https:\/\/nobleclinics.org\/es-la\/localizaciones\/friendship\/&#8221; global_colors_info=&#8221;{}&#8221;][\/et_pb_blurb][\/et_pb_column][et_pb_column type=&#8221;1_3&#8243; _builder_version=&#8221;4.27.0&#8243; _module_preset=&#8221;default&#8221; global_colors_info=&#8221;{}&#8221;][et_pb_blurb title=&#8221;Mauston&#8221; admin_label=&#8221;Mauston&#8221; _builder_version=&#8221;4.27.0&#8243; _module_preset=&#8221;default&#8221; background_image=&#8221;https:\/\/nobleclinics.org\/wp-content\/uploads\/2024\/11\/Mauston-dental_clinic-thumbnail.jpg&#8221; link_option_url=&#8221;https:\/\/nobleclinics.org\/es-la\/localizaciones\/mauston\/&#8221; global_colors_info=&#8221;{}&#8221;][\/et_pb_blurb][\/et_pb_column][\/et_pb_row][et_pb_row column_structure=&#8221;1_2,1_2&#8243; _builder_version=&#8221;4.27.0&#8243; _module_preset=&#8221;default&#8221; global_colors_info=&#8221;{}&#8221;][et_pb_column type=&#8221;1_2&#8243; _builder_version=&#8221;4.27.0&#8243; _module_preset=&#8221;default&#8221; global_colors_info=&#8221;{}&#8221;][et_pb_blurb title=&#8221;Stevens Point&#8221; alt=&#8221;Stevens Point&#8221; admin_label=&#8221;Stevens Point&#8221; _builder_version=&#8221;4.27.4&#8243; _module_preset=&#8221;default&#8221; background_image=&#8221;https:\/\/nobleclinics.org\/wp-content\/uploads\/2025\/07\/noble_clinics_stevens_point.webp&#8221; link_option_url=&#8221;https:\/\/nobleclinics.org\/es-la\/localizaciones\/stevens-point\/&#8221; global_colors_info=&#8221;{}&#8221;][\/et_pb_blurb][\/et_pb_column][et_pb_column type=&#8221;1_2&#8243; _builder_version=&#8221;4.27.0&#8243; _module_preset=&#8221;default&#8221; global_colors_info=&#8221;{}&#8221;][et_pb_blurb title=&#8221;Wautoma&#8221; admin_label=&#8221;Wautoma&#8221; _builder_version=&#8221;4.27.0&#8243; _module_preset=&#8221;default&#8221; background_image=&#8221;https:\/\/nobleclinics.org\/wp-content\/uploads\/2024\/11\/Wautoma-clinic-thumbnail.jpg&#8221; link_option_url=&#8221;https:\/\/nobleclinics.org\/es-la\/localizaciones\/wautoma\/&#8221; global_colors_info=&#8221;{}&#8221;][\/et_pb_blurb][\/et_pb_column][\/et_pb_row][\/et_pb_section][et_pb_section fb_built=&#8221;1&#8243; specialty=&#8221;on&#8221; admin_label=&#8221;Content Left &#8211; Image Right&#8221; module_class=&#8221;image-content reversed&#8221; _builder_version=&#8221;4.27.0&#8243; _module_preset=&#8221;default&#8221; background_color=&#8221;#2a3f49&#8243; min_height=&#8221;719.1px&#8221; custom_margin=&#8221;-43px|||||&#8221; custom_padding=&#8221;95px||104px|||&#8221; global_colors_info=&#8221;{}&#8221;][et_pb_column type=&#8221;1_2&#8243; specialty_columns=&#8221;2&#8243; _builder_version=&#8221;4.16&#8243; custom_padding=&#8221;|||&#8221; global_colors_info=&#8221;{}&#8221; custom_padding__hover=&#8221;|||&#8221;][et_pb_row_inner _builder_version=&#8221;4.27.0&#8243; _module_preset=&#8221;default&#8221; global_colors_info=&#8221;{}&#8221;][et_pb_column_inner saved_specialty_column_type=&#8221;1_2&#8243; _builder_version=&#8221;4.27.0&#8243; _module_preset=&#8221;default&#8221; global_colors_info=&#8221;{}&#8221;][et_pb_text module_class=&#8221;title&#8221; _builder_version=&#8221;4.27.0&#8243; _module_preset=&#8221;default&#8221; header_2_text_color=&#8221;#FFFFFF&#8221; global_colors_info=&#8221;{}&#8221;]<\/p>\n<h2>\u00bfC\u00f3mo pueden ayudar los TSC?<\/h2>\n<p>[\/et_pb_text][et_pb_text admin_label=&#8221;Text&#8221; module_class=&#8221;content&#8221; _builder_version=&#8221;4.27.4&#8243; _module_preset=&#8221;default&#8221; text_text_color=&#8221;#FFFFFF&#8221; global_colors_info=&#8221;{}&#8221;]Los Trabajadores Sanitarios Comunitarios pueden ayudarte a ponerte en contacto con recursos en \u00e1reas como el transporte, los servicios p\u00fablicos, la asistencia alimentaria, el ahorro en el coste de las recetas y muchos otros recursos que pueden influir en tu salud general.<br \/>\n[\/et_pb_text][\/et_pb_column_inner][\/et_pb_row_inner][et_pb_row_inner column_structure=&#8221;1_2,1_2&#8243; _builder_version=&#8221;4.27.0&#8243; _module_preset=&#8221;default&#8221; global_colors_info=&#8221;{}&#8221;][et_pb_column_inner type=&#8221;1_2&#8243; saved_specialty_column_type=&#8221;1_2&#8243; _builder_version=&#8221;4.27.0&#8243; _module_preset=&#8221;default&#8221; global_colors_info=&#8221;{}&#8221;][et_pb_button button_url=&#8221;https:\/\/nobleclinics.org\/es-la\/contacto\/&#8221; button_text=&#8221;Pide una cita&#8221; admin_label=&#8221;Request and Appt &#8221; module_class=&#8221;btn-primary&#8221; _builder_version=&#8221;4.27.4&#8243; _module_preset=&#8221;default&#8221; global_colors_info=&#8221;{}&#8221;][\/et_pb_button][\/et_pb_column_inner][et_pb_column_inner type=&#8221;1_2&#8243; saved_specialty_column_type=&#8221;1_2&#8243; _builder_version=&#8221;4.27.0&#8243; _module_preset=&#8221;default&#8221; global_colors_info=&#8221;{}&#8221;][\/et_pb_column_inner][\/et_pb_row_inner][\/et_pb_column][et_pb_column type=&#8221;1_2&#8243; _builder_version=&#8221;4.16&#8243; custom_padding=&#8221;|||&#8221; global_colors_info=&#8221;{}&#8221; custom_padding__hover=&#8221;|||&#8221;][et_pb_image src=&#8221;https:\/\/nobleclinics.org\/wp-content\/uploads\/2026\/02\/pexels-jakob-scholz-267696-808846-scaled.jpg&#8221; title_text=&#8221;pexels-jakob-scholz-267696-808846&#8243; align=&#8221;center&#8221; _builder_version=&#8221;4.27.4&#8243; _module_preset=&#8221;default&#8221; border_radii=&#8221;on|10px|10px|10px|10px&#8221; global_colors_info=&#8221;{}&#8221;][\/et_pb_image][\/et_pb_column][\/et_pb_section]<\/p>\n","protected":false},"excerpt":{"rendered":"<p>Trabajadores sanitarios comunitarios Los Trabajadores Sanitarios Comunitarios de Noble Community Clinics ponen en contacto a los pacientes con los recursos necesarios para contribuir a su salud y bienestar general. Esto podr\u00eda incluir recursos internos, as\u00ed como programas locales, del condado, estatales y federales. Conexiones con los recursos necesarios Nuestros Trabajadores Sanitarios Comunitarios pueden encontrarte los recursos que t\u00fa y tu familia necesit\u00e1is, de forma GRATUITA, para apoyar tu salud y bienestar generales. El papel de nuestro Trabajador Sanitario Comunitario aqu\u00ed en Noble es poner en contacto a los pacientes con los recursos necesarios para ayudarles a mantener su salud y bienestar generales. Los Trabajadores Sanitarios Comunitarios intentar\u00e1n poner en contacto a los pacientes con los recursos internos que ofrece Noble, as\u00ed como con los programas locales, del condado, estatales y federales. Esto puede estar relacionado con el transporte, los servicios p\u00fablicos, la asistencia alimentaria, el ahorro en el coste de las recetas y muchos otros recursos que pueden influir en la salud general del paciente. El Trabajador Sanitario Comunitario (TSC) utilizar\u00e1 un Detector de Determinantes Sociales de la Salud. Esto ayudar\u00e1 a identificar con qu\u00e9 recursos ponerte en contacto. El CHW revisar\u00e1 los resultados del screener y discutir\u00e1 las opciones [&hellip;]<\/p>\n","protected":false},"author":24,"featured_media":0,"parent":14565,"menu_order":0,"comment_status":"closed","ping_status":"closed","template":"","meta":{"_et_pb_use_builder":"on","_et_pb_old_content":"","_et_gb_content_width":"","inline_featured_image":false,"footnotes":""},"class_list":["post-16228","page","type-page","status-publish","hentry"],"yoast_head":"<!-- This site is optimized with the Yoast SEO plugin v24.5 - https:\/\/yoast.com\/wordpress\/plugins\/seo\/ -->\n<title>Conexiones de Recursos Comunitarios | Cl\u00ednicas Comunitarias Noble<\/title>\n<meta name=\"description\" content=\"Noble Community Clinics ofrece servicios de Trabajador Sanitario Comunitario para ayudarte a ponerte en contacto con programas y servicios que te faciliten la vida.\" \/>\n<meta name=\"robots\" content=\"index, follow, max-snippet:-1, max-image-preview:large, max-video-preview:-1\" \/>\n<link rel=\"canonical\" href=\"https:\/\/nobleclinics.org\/es-la\/servicios\/trabajadores-sanitarios-comunitarios\/\" \/>\n<meta property=\"og:locale\" content=\"es_ES\" \/>\n<meta property=\"og:type\" content=\"article\" \/>\n<meta property=\"og:title\" content=\"Conexiones de Recursos Comunitarios | Cl\u00ednicas Comunitarias Noble\" \/>\n<meta property=\"og:description\" content=\"Noble Community Clinics ofrece servicios de Trabajador Sanitario Comunitario para ayudarte a ponerte en contacto con programas y servicios que te faciliten la vida.\" \/>\n<meta property=\"og:url\" content=\"https:\/\/nobleclinics.org\/es-la\/servicios\/trabajadores-sanitarios-comunitarios\/\" \/>\n<meta property=\"og:site_name\" content=\"Noble Community Clinics | Dental, Medical &amp; Behavioral Health\" \/>\n<meta property=\"article:modified_time\" content=\"2026-03-13T14:30:48+00:00\" \/>\n<meta name=\"twitter:card\" content=\"summary_large_image\" \/>\n<meta name=\"twitter:label1\" content=\"Est. reading time\" \/>\n\t<meta name=\"twitter:data1\" content=\"3 minutes\" \/>\n<script type=\"application\/ld+json\" class=\"yoast-schema-graph\">{\"@context\":\"https:\/\/schema.org\",\"@graph\":[{\"@type\":\"WebPage\",\"@id\":\"https:\/\/nobleclinics.org\/es-la\/servicios\/trabajadores-sanitarios-comunitarios\/\",\"url\":\"https:\/\/nobleclinics.org\/es-la\/servicios\/trabajadores-sanitarios-comunitarios\/\",\"name\":\"Conexiones de Recursos Comunitarios | Cl\u00ednicas Comunitarias Noble\",\"isPartOf\":{\"@id\":\"https:\/\/nobleclinics.org\/#website\"},\"datePublished\":\"2026-03-09T15:50:26+00:00\",\"dateModified\":\"2026-03-13T14:30:48+00:00\",\"description\":\"Noble Community Clinics ofrece servicios de Trabajador Sanitario Comunitario para ayudarte a ponerte en contacto con programas y servicios que te faciliten la vida.\",\"breadcrumb\":{\"@id\":\"https:\/\/nobleclinics.org\/es-la\/servicios\/trabajadores-sanitarios-comunitarios\/#breadcrumb\"},\"inLanguage\":\"es-419\",\"potentialAction\":[{\"@type\":\"ReadAction\",\"target\":[\"https:\/\/nobleclinics.org\/es-la\/servicios\/trabajadores-sanitarios-comunitarios\/\"]}]},{\"@type\":\"BreadcrumbList\",\"@id\":\"https:\/\/nobleclinics.org\/es-la\/servicios\/trabajadores-sanitarios-comunitarios\/#breadcrumb\",\"itemListElement\":[{\"@type\":\"ListItem\",\"position\":1,\"name\":\"Home\",\"item\":\"https:\/\/nobleclinics.org\/es-la\/pagina-de-inicio\/\"},{\"@type\":\"ListItem\",\"position\":2,\"name\":\"Servicios\",\"item\":\"https:\/\/nobleclinics.org\/es-la\/servicios\/\"},{\"@type\":\"ListItem\",\"position\":3,\"name\":\"Trabajadores sanitarios comunitarios\"}]},{\"@type\":\"WebSite\",\"@id\":\"https:\/\/nobleclinics.org\/#website\",\"url\":\"https:\/\/nobleclinics.org\/\",\"name\":\"Noble Community Clinics | Dental, Medical &amp; Behavioral Health\",\"description\":\"\",\"potentialAction\":[{\"@type\":\"SearchAction\",\"target\":{\"@type\":\"EntryPoint\",\"urlTemplate\":\"https:\/\/nobleclinics.org\/?s={search_term_string}\"},\"query-input\":{\"@type\":\"PropertyValueSpecification\",\"valueRequired\":true,\"valueName\":\"search_term_string\"}}],\"inLanguage\":\"es-419\"}]}<\/script>\n<!-- \/ Yoast SEO plugin. -->","yoast_head_json":{"title":"Conexiones de Recursos Comunitarios | Cl\u00ednicas Comunitarias Noble","description":"Noble Community Clinics ofrece servicios de Trabajador Sanitario Comunitario para ayudarte a ponerte en contacto con programas y servicios que te faciliten la vida.","robots":{"index":"index","follow":"follow","max-snippet":"max-snippet:-1","max-image-preview":"max-image-preview:large","max-video-preview":"max-video-preview:-1"},"canonical":"https:\/\/nobleclinics.org\/es-la\/servicios\/trabajadores-sanitarios-comunitarios\/","og_locale":"es_ES","og_type":"article","og_title":"Conexiones de Recursos Comunitarios | Cl\u00ednicas Comunitarias Noble","og_description":"Noble Community Clinics ofrece servicios de Trabajador Sanitario Comunitario para ayudarte a ponerte en contacto con programas y servicios que te faciliten la vida.","og_url":"https:\/\/nobleclinics.org\/es-la\/servicios\/trabajadores-sanitarios-comunitarios\/","og_site_name":"Noble Community Clinics | Dental, Medical &amp; Behavioral Health","article_modified_time":"2026-03-13T14:30:48+00:00","twitter_card":"summary_large_image","twitter_misc":{"Est. reading time":"3 minutes"},"schema":{"@context":"https:\/\/schema.org","@graph":[{"@type":"WebPage","@id":"https:\/\/nobleclinics.org\/es-la\/servicios\/trabajadores-sanitarios-comunitarios\/","url":"https:\/\/nobleclinics.org\/es-la\/servicios\/trabajadores-sanitarios-comunitarios\/","name":"Conexiones de Recursos Comunitarios | Cl\u00ednicas Comunitarias Noble","isPartOf":{"@id":"https:\/\/nobleclinics.org\/#website"},"datePublished":"2026-03-09T15:50:26+00:00","dateModified":"2026-03-13T14:30:48+00:00","description":"Noble Community Clinics ofrece servicios de Trabajador Sanitario Comunitario para ayudarte a ponerte en contacto con programas y servicios que te faciliten la vida.","breadcrumb":{"@id":"https:\/\/nobleclinics.org\/es-la\/servicios\/trabajadores-sanitarios-comunitarios\/#breadcrumb"},"inLanguage":"es-419","potentialAction":[{"@type":"ReadAction","target":["https:\/\/nobleclinics.org\/es-la\/servicios\/trabajadores-sanitarios-comunitarios\/"]}]},{"@type":"BreadcrumbList","@id":"https:\/\/nobleclinics.org\/es-la\/servicios\/trabajadores-sanitarios-comunitarios\/#breadcrumb","itemListElement":[{"@type":"ListItem","position":1,"name":"Home","item":"https:\/\/nobleclinics.org\/es-la\/pagina-de-inicio\/"},{"@type":"ListItem","position":2,"name":"Servicios","item":"https:\/\/nobleclinics.org\/es-la\/servicios\/"},{"@type":"ListItem","position":3,"name":"Trabajadores sanitarios comunitarios"}]},{"@type":"WebSite","@id":"https:\/\/nobleclinics.org\/#website","url":"https:\/\/nobleclinics.org\/","name":"Noble Community Clinics | Dental, Medical &amp; Behavioral Health","description":"","potentialAction":[{"@type":"SearchAction","target":{"@type":"EntryPoint","urlTemplate":"https:\/\/nobleclinics.org\/?s={search_term_string}"},"query-input":{"@type":"PropertyValueSpecification","valueRequired":true,"valueName":"search_term_string"}}],"inLanguage":"es-419"}]}},"_links":{"self":[{"href":"https:\/\/nobleclinics.org\/es-la\/wp-json\/wp\/v2\/pages\/16228","targetHints":{"allow":["GET"]}}],"collection":[{"href":"https:\/\/nobleclinics.org\/es-la\/wp-json\/wp\/v2\/pages"}],"about":[{"href":"https:\/\/nobleclinics.org\/es-la\/wp-json\/wp\/v2\/types\/page"}],"author":[{"embeddable":true,"href":"https:\/\/nobleclinics.org\/es-la\/wp-json\/wp\/v2\/users\/24"}],"replies":[{"embeddable":true,"href":"https:\/\/nobleclinics.org\/es-la\/wp-json\/wp\/v2\/comments?post=16228"}],"version-history":[{"count":0,"href":"https:\/\/nobleclinics.org\/es-la\/wp-json\/wp\/v2\/pages\/16228\/revisions"}],"up":[{"embeddable":true,"href":"https:\/\/nobleclinics.org\/es-la\/wp-json\/wp\/v2\/pages\/14565"}],"wp:attachment":[{"href":"https:\/\/nobleclinics.org\/es-la\/wp-json\/wp\/v2\/media?parent=16228"}],"curies":[{"name":"wp","href":"https:\/\/api.w.org\/{rel}","templated":true}]}}